{"id":5406,"date":"2013-03-22T13:29:01","date_gmt":"2013-03-22T12:29:01","guid":{"rendered":"http:\/\/editorialmediterrania.cat\/product\/producto\/cuina-monastica-2\/"},"modified":"2015-11-06T00:14:10","modified_gmt":"2015-11-05T23:14:10","slug":"cuina-monastica","status":"publish","type":"product","link":"https:\/\/editorialmediterrania.com\/es\/producto\/cuina-monastica\/","title":{"rendered":"Cuina mon\u00e0stica"},"content":{"rendered":"<p style=\"text-align: justify;\"><em>Cuina mon\u00e0stica<\/em> es un libro que transmite la memoria de la mesa catalana, una cocina festiva, un placer para los sentidos y que est\u00e1 al alcance de todo el mundo.<\/p>\n<p style=\"text-align: justify;\">Las p\u00e1ginas de este libro nos muestran un recorrido por la historia de los conventos y de las \u00f3rdenes del pa\u00eds, centr\u00e1ndose en la tradici\u00f3n y la elaboraci\u00f3n de unos platos antiguos pero que a la vez constituyen la base de nuestra cocina moderna, todos ellos explicados paso a paso para que est\u00e9 al alcance de todos.<\/p>\n<p style=\"text-align: justify;\">Aunque la cocina actual de los conventos no es la misma que la de a\u00f1os atr\u00e1s, la historia nos demuestra que la tradici\u00f3n de la cocina mon\u00e1stica ha existido desde la edad media hasta la mitad del siglo XIX. Con los pescadores, los monjes constituyen el \u00fanico colectivo de hombres que ha practicado el arte gastron\u00f3mico y, por lo tanto, podemos decir que son los transmisores de la memoria de la mesa de los catalanes.<\/p>\n<p style=\"text-align: justify;\">Cada volumen de la colecci\u00f3n cuenta con una gu\u00eda pr\u00e1ctica para orientar a los padres en la educaci\u00f3n de los valores de las tem\u00e1ticas propuestas.<\/p>\n<p>Este libro tambi\u00e9n est\u00e1 disponible en formato ebook o libro electr\u00f3nico que podr\u00e1s encontrar en la web de nuestro distribuidor digital\u00a0<a href=\"http:\/\/www.zonaebooks.com\/Inicio\">Zonaebooks<\/a>.<\/p>\n","protected":false},"excerpt":{"rendered":"<p>Cuina mon\u00e0stica es un libro que transmite la memoria de la mesa catalana, una cocina festiva, un placer para los sentidos y que est\u00e1 al alcance de todo el mundo. Las p\u00e1ginas de este libro nos muestran un recorrido por la historia de los conventos y de las \u00f3rdenes del pa\u00eds, centr\u00e1ndose en la tradici\u00f3n [&hellip;]<\/p>\n","protected":false},"featured_media":41285,"template":"","meta":[],"product_cat":[3350,25],"product_tag":[],"autors":[],"class_list":{"0":"post-5406","1":"product","2":"type-product","3":"status-publish","4":"has-post-thumbnail","6":"product_cat-mediterrania-productes","7":"product_cat-ensayo-adulto","9":"first","10":"outofstock","11":"purchasable","12":"product-type-simple","swatches":"rey-swatches","show_selected":""},"acf":[],"yoast_head":"<!-- This site is optimized with the Yoast SEO plugin v22.8 - https:\/\/yoast.com\/wordpress\/plugins\/seo\/ -->\n<title>&quot;Cuina mon\u00e0stica&quot; de Jaume F\u00e0brega. Editorial Mediterr\u00e0nia<\/title>\n<meta name=\"description\" content=\"&quot;Cuina mon\u00e0stica&quot; es un libro que transmite la memoria de la mesa catalana y que est\u00e1 al alcance de todo aficionado a la cocina.\" \/>\n<meta name=\"robots\" content=\"index, follow, max-snippet:-1, max-image-preview:large, max-video-preview:-1\" \/>\n<link rel=\"canonical\" href=\"https:\/\/editorialmediterrania.com\/es\/producto\/cuina-monastica\/\" \/>\n<meta property=\"og:locale\" content=\"es_ES\" \/>\n<meta property=\"og:type\" content=\"article\" \/>\n<meta property=\"og:title\" content=\"&quot;Cuina mon\u00e0stica&quot; de Jaume F\u00e0brega. Editorial Mediterr\u00e0nia\" \/>\n<meta property=\"og:description\" content=\"&quot;Cuina mon\u00e0stica&quot; es un libro que transmite la memoria de la mesa catalana y que est\u00e1 al alcance de todo aficionado a la cocina.\" \/>\n<meta property=\"og:url\" content=\"https:\/\/editorialmediterrania.com\/es\/producto\/cuina-monastica\/\" \/>\n<meta property=\"og:site_name\" content=\"Editorial Mediterr\u00e0nia\" \/>\n<meta property=\"article:modified_time\" content=\"2015-11-05T23:14:10+00:00\" \/>\n<meta property=\"og:image\" content=\"https:\/\/editorialmediterrania.com\/wp-content\/uploads\/2013\/03\/61K9r-J3VGL.jpg\" \/>\n\t<meta property=\"og:image:width\" content=\"1033\" \/>\n\t<meta property=\"og:image:height\" content=\"1426\" \/>\n\t<meta property=\"og:image:type\" content=\"image\/jpeg\" \/>\n<meta name=\"twitter:card\" content=\"summary_large_image\" \/>\n<meta name=\"twitter:site\" content=\"@edmediterrania\" \/>\n<meta name=\"twitter:label1\" content=\"Tiempo de lectura\" \/>\n\t<meta name=\"twitter:data1\" content=\"1 minuto\" \/>\n<script type=\"application\/ld+json\" class=\"yoast-schema-graph\">{\"@context\":\"https:\/\/schema.org\",\"@graph\":[{\"@type\":\"WebPage\",\"@id\":\"https:\/\/editorialmediterrania.com\/es\/producto\/cuina-monastica\/\",\"url\":\"https:\/\/editorialmediterrania.com\/es\/producto\/cuina-monastica\/\",\"name\":\"\\\"Cuina mon\u00e0stica\\\" de Jaume F\u00e0brega. Editorial Mediterr\u00e0nia\",\"isPartOf\":{\"@id\":\"https:\/\/editorialmediterrania.com\/es\/#website\"},\"primaryImageOfPage\":{\"@id\":\"https:\/\/editorialmediterrania.com\/es\/producto\/cuina-monastica\/#primaryimage\"},\"image\":{\"@id\":\"https:\/\/editorialmediterrania.com\/es\/producto\/cuina-monastica\/#primaryimage\"},\"thumbnailUrl\":\"https:\/\/editorialmediterrania.com\/wp-content\/uploads\/2013\/03\/61K9r-J3VGL.jpg\",\"datePublished\":\"2013-03-22T12:29:01+00:00\",\"dateModified\":\"2015-11-05T23:14:10+00:00\",\"description\":\"\\\"Cuina mon\u00e0stica\\\" es un libro que transmite la memoria de la mesa catalana y que est\u00e1 al alcance de todo aficionado a la cocina.\",\"breadcrumb\":{\"@id\":\"https:\/\/editorialmediterrania.com\/es\/producto\/cuina-monastica\/#breadcrumb\"},\"inLanguage\":\"es\",\"potentialAction\":[{\"@type\":\"ReadAction\",\"target\":[\"https:\/\/editorialmediterrania.com\/es\/producto\/cuina-monastica\/\"]}]},{\"@type\":\"ImageObject\",\"inLanguage\":\"es\",\"@id\":\"https:\/\/editorialmediterrania.com\/es\/producto\/cuina-monastica\/#primaryimage\",\"url\":\"https:\/\/editorialmediterrania.com\/wp-content\/uploads\/2013\/03\/61K9r-J3VGL.jpg\",\"contentUrl\":\"https:\/\/editorialmediterrania.com\/wp-content\/uploads\/2013\/03\/61K9r-J3VGL.jpg\",\"width\":1033,\"height\":1426},{\"@type\":\"BreadcrumbList\",\"@id\":\"https:\/\/editorialmediterrania.com\/es\/producto\/cuina-monastica\/#breadcrumb\",\"itemListElement\":[{\"@type\":\"ListItem\",\"position\":1,\"name\":\"Tienda de libros infantiles de arte\",\"item\":\"https:\/\/editorialmediterrania.com\/es\/tienda-de-libros-infantiles-arte\/\"},{\"@type\":\"ListItem\",\"position\":2,\"name\":\"Cuina mon\u00e0stica\"}]},{\"@type\":\"WebSite\",\"@id\":\"https:\/\/editorialmediterrania.com\/es\/#website\",\"url\":\"https:\/\/editorialmediterrania.com\/es\/\",\"name\":\"Editorial Mediterrania\",\"description\":\"Llibres que t\u2019obriran nous mons\",\"publisher\":{\"@id\":\"https:\/\/editorialmediterrania.com\/es\/#organization\"},\"alternateName\":\"Llibres infantils d'art, cultura i natura\",\"potentialAction\":[{\"@type\":\"SearchAction\",\"target\":{\"@type\":\"EntryPoint\",\"urlTemplate\":\"https:\/\/editorialmediterrania.com\/es\/?s={search_term_string}\"},\"query-input\":\"required name=search_term_string\"}],\"inLanguage\":\"es\"},{\"@type\":\"Organization\",\"@id\":\"https:\/\/editorialmediterrania.com\/es\/#organization\",\"name\":\"Editorial Mediterrania\",\"alternateName\":\"Llibres d'art, cultura i natura per infants i fam\u00edlies\",\"url\":\"https:\/\/editorialmediterrania.com\/es\/\",\"logo\":{\"@type\":\"ImageObject\",\"inLanguage\":\"es\",\"@id\":\"https:\/\/editorialmediterrania.com\/es\/#\/schema\/logo\/image\/\",\"url\":\"https:\/\/editorialmediterrania.com\/wp-content\/uploads\/2023\/03\/LOGO-ED_MEDITERRANIA_OK-2.png\",\"contentUrl\":\"https:\/\/editorialmediterrania.com\/wp-content\/uploads\/2023\/03\/LOGO-ED_MEDITERRANIA_OK-2.png\",\"width\":1200,\"height\":300,\"caption\":\"Editorial Mediterrania\"},\"image\":{\"@id\":\"https:\/\/editorialmediterrania.com\/es\/#\/schema\/logo\/image\/\"},\"sameAs\":[\"https:\/\/x.com\/edmediterrania\",\"https:\/\/www.instagram.com\/editorialmediterrania\/\"]}]}<\/script>\n<!-- \/ Yoast SEO plugin. -->","yoast_head_json":{"title":"\"Cuina mon\u00e0stica\" de Jaume F\u00e0brega. Editorial Mediterr\u00e0nia","description":"\"Cuina mon\u00e0stica\" es un libro que transmite la memoria de la mesa catalana y que est\u00e1 al alcance de todo aficionado a la cocina.","robots":{"index":"index","follow":"follow","max-snippet":"max-snippet:-1","max-image-preview":"max-image-preview:large","max-video-preview":"max-video-preview:-1"},"canonical":"https:\/\/editorialmediterrania.com\/es\/producto\/cuina-monastica\/","og_locale":"es_ES","og_type":"article","og_title":"\"Cuina mon\u00e0stica\" de Jaume F\u00e0brega. Editorial Mediterr\u00e0nia","og_description":"\"Cuina mon\u00e0stica\" es un libro que transmite la memoria de la mesa catalana y que est\u00e1 al alcance de todo aficionado a la cocina.","og_url":"https:\/\/editorialmediterrania.com\/es\/producto\/cuina-monastica\/","og_site_name":"Editorial Mediterr\u00e0nia","article_modified_time":"2015-11-05T23:14:10+00:00","og_image":[{"width":1033,"height":1426,"url":"https:\/\/editorialmediterrania.com\/wp-content\/uploads\/2013\/03\/61K9r-J3VGL.jpg","type":"image\/jpeg"}],"twitter_card":"summary_large_image","twitter_site":"@edmediterrania","twitter_misc":{"Tiempo de lectura":"1 minuto"},"schema":{"@context":"https:\/\/schema.org","@graph":[{"@type":"WebPage","@id":"https:\/\/editorialmediterrania.com\/es\/producto\/cuina-monastica\/","url":"https:\/\/editorialmediterrania.com\/es\/producto\/cuina-monastica\/","name":"\"Cuina mon\u00e0stica\" de Jaume F\u00e0brega. Editorial Mediterr\u00e0nia","isPartOf":{"@id":"https:\/\/editorialmediterrania.com\/es\/#website"},"primaryImageOfPage":{"@id":"https:\/\/editorialmediterrania.com\/es\/producto\/cuina-monastica\/#primaryimage"},"image":{"@id":"https:\/\/editorialmediterrania.com\/es\/producto\/cuina-monastica\/#primaryimage"},"thumbnailUrl":"https:\/\/editorialmediterrania.com\/wp-content\/uploads\/2013\/03\/61K9r-J3VGL.jpg","datePublished":"2013-03-22T12:29:01+00:00","dateModified":"2015-11-05T23:14:10+00:00","description":"\"Cuina mon\u00e0stica\" es un libro que transmite la memoria de la mesa catalana y que est\u00e1 al alcance de todo aficionado a la cocina.","breadcrumb":{"@id":"https:\/\/editorialmediterrania.com\/es\/producto\/cuina-monastica\/#breadcrumb"},"inLanguage":"es","potentialAction":[{"@type":"ReadAction","target":["https:\/\/editorialmediterrania.com\/es\/producto\/cuina-monastica\/"]}]},{"@type":"ImageObject","inLanguage":"es","@id":"https:\/\/editorialmediterrania.com\/es\/producto\/cuina-monastica\/#primaryimage","url":"https:\/\/editorialmediterrania.com\/wp-content\/uploads\/2013\/03\/61K9r-J3VGL.jpg","contentUrl":"https:\/\/editorialmediterrania.com\/wp-content\/uploads\/2013\/03\/61K9r-J3VGL.jpg","width":1033,"height":1426},{"@type":"BreadcrumbList","@id":"https:\/\/editorialmediterrania.com\/es\/producto\/cuina-monastica\/#breadcrumb","itemListElement":[{"@type":"ListItem","position":1,"name":"Tienda de libros infantiles de arte","item":"https:\/\/editorialmediterrania.com\/es\/tienda-de-libros-infantiles-arte\/"},{"@type":"ListItem","position":2,"name":"Cuina mon\u00e0stica"}]},{"@type":"WebSite","@id":"https:\/\/editorialmediterrania.com\/es\/#website","url":"https:\/\/editorialmediterrania.com\/es\/","name":"Editorial Mediterrania","description":"Llibres que t\u2019obriran nous mons","publisher":{"@id":"https:\/\/editorialmediterrania.com\/es\/#organization"},"alternateName":"Llibres infantils d'art, cultura i natura","potentialAction":[{"@type":"SearchAction","target":{"@type":"EntryPoint","urlTemplate":"https:\/\/editorialmediterrania.com\/es\/?s={search_term_string}"},"query-input":"required name=search_term_string"}],"inLanguage":"es"},{"@type":"Organization","@id":"https:\/\/editorialmediterrania.com\/es\/#organization","name":"Editorial Mediterrania","alternateName":"Llibres d'art, cultura i natura per infants i fam\u00edlies","url":"https:\/\/editorialmediterrania.com\/es\/","logo":{"@type":"ImageObject","inLanguage":"es","@id":"https:\/\/editorialmediterrania.com\/es\/#\/schema\/logo\/image\/","url":"https:\/\/editorialmediterrania.com\/wp-content\/uploads\/2023\/03\/LOGO-ED_MEDITERRANIA_OK-2.png","contentUrl":"https:\/\/editorialmediterrania.com\/wp-content\/uploads\/2023\/03\/LOGO-ED_MEDITERRANIA_OK-2.png","width":1200,"height":300,"caption":"Editorial Mediterrania"},"image":{"@id":"https:\/\/editorialmediterrania.com\/es\/#\/schema\/logo\/image\/"},"sameAs":["https:\/\/x.com\/edmediterrania","https:\/\/www.instagram.com\/editorialmediterrania\/"]}]}},"_links":{"self":[{"href":"https:\/\/editorialmediterrania.com\/es\/wp-json\/wp\/v2\/product\/5406","targetHints":{"allow":["GET"]}}],"collection":[{"href":"https:\/\/editorialmediterrania.com\/es\/wp-json\/wp\/v2\/product"}],"about":[{"href":"https:\/\/editorialmediterrania.com\/es\/wp-json\/wp\/v2\/types\/product"}],"wp:featuredmedia":[{"embeddable":true,"href":"https:\/\/editorialmediterrania.com\/es\/wp-json\/wp\/v2\/media\/41285"}],"wp:attachment":[{"href":"https:\/\/editorialmediterrania.com\/es\/wp-json\/wp\/v2\/media?parent=5406"}],"wp:term":[{"taxonomy":"product_cat","embeddable":true,"href":"https:\/\/editorialmediterrania.com\/es\/wp-json\/wp\/v2\/product_cat?post=5406"},{"taxonomy":"product_tag","embeddable":true,"href":"https:\/\/editorialmediterrania.com\/es\/wp-json\/wp\/v2\/product_tag?post=5406"},{"taxonomy":"autors","embeddable":true,"href":"https:\/\/editorialmediterrania.com\/es\/wp-json\/wp\/v2\/autors?post=5406"}],"curies":[{"name":"wp","href":"https:\/\/api.w.org\/{rel}","templated":true}]}}