{"id":5551,"date":"2013-03-27T18:22:14","date_gmt":"2013-03-27T17:22:14","guid":{"rendered":"http:\/\/editorialmediterrania.cat\/product\/producto\/pocimas-de-capuchino-2-2\/"},"modified":"2016-07-07T16:39:48","modified_gmt":"2016-07-07T14:39:48","slug":"pocimas-de-capuchino","status":"publish","type":"product","link":"https:\/\/editorialmediterrania.com\/es\/producto\/pocimas-de-capuchino\/","title":{"rendered":"P\u00f3cimas de capuchino"},"content":{"rendered":"<p style=\"text-align: justify;\">Despu\u00e9s del \u00e9xito de <a title=\"Els caputxins i les herbes remeieres\" href=\"http:\/\/editorialmediterrania.cat\/es\/product\/a-la-capuchina\/els-caputxins-i-les-herbes-remeieres\/\" target=\"_blank\"><em>Els caputxins i les herbes remeieres<\/em><\/a> (tres ediciones), en este nuevo libro <a title=\"Fra Valent\u00ed Serra de Manresa\" href=\"http:\/\/editorialmediterrania.cat\/es\/fra-valenti-serra\/\" target=\"_blank\">Fr. Valent\u00ed Serra de Manresa<\/a> nos ofrece un herbario y una selecci\u00f3n de antiguas recetas propias de la tradici\u00f3n franciscano-capuchina. Con el actual retorno al uso de las hierbas medicinales, estas p\u00f3cimas de capuchino pueden ser de alguna utilidad.<\/p>\n<p style=\"text-align: justify;\">B\u00e1lsamo del samaritano, elixir de larga vida, jarabe pectoral, ung\u00fcento capuchino de tierra sillada\u2026 Ya desde la \u00e9poca de la restauraci\u00f3n de la vida conventual y mon\u00e1stica, a partir de la segunda mitad del siglo XIX, varios religiosos capuchinos han mostrado un especial inter\u00e9s por divulgar y revitalizar las antiguas tradiciones terap\u00e9uticas de los conventos a trav\u00e9s de la edici\u00f3n de recetarios.<\/p>\n<p>Este libro tambi\u00e9n est\u00e1 disponible en formato ebook o libro electr\u00f3nico que podr\u00e1s encontrar en la web de nuestro distribuidor digital <a href=\"http:\/\/www.zonaebooks.com\/Inicio\">Zonaebooks<\/a>.<\/p>\n","protected":false},"excerpt":{"rendered":"<p>Despu\u00e9s del \u00e9xito de <a title=\"Els caputxins i les herbes remeieres\" href=\"http:\/\/editorialmediterrania.cat\/es\/product\/a-la-capuchina\/els-caputxins-i-les-herbes-remeieres\/\" target=\"_blank\"><em>Els caputxins i les herbes remeieres<\/em><\/a> (3 ediciones), en este nuevo libro <a title=\"Fra Valent\u00ed Serra de Manresa\" href=\"http:\/\/editorialmediterrania.cat\/es\/fra-valenti-serra\/\" target=\"_blank\"><strong>Fr. Valent\u00ed Serra de Manresa<\/strong><\/a> nos ofrece un <strong>herbario<\/strong> y una selecci\u00f3n de <strong>antiguas recetas<\/strong> propias de la tradici\u00f3n franciscano-capuchina. Con el actual retorno al uso de las <strong>hierbas medicinales<\/strong>, estas p\u00f3cimas de capuchino pueden ser de alguna utilidad.<\/p>\n","protected":false},"featured_media":41282,"template":"","meta":[],"product_cat":[6542,3350],"product_tag":[713],"autors":[],"class_list":{"0":"post-5551","1":"product","2":"type-product","3":"status-publish","4":"has-post-thumbnail","6":"product_cat-a-la-caputxina-es","7":"product_cat-mediterrania-productes","8":"product_tag-llibre-dassaig-es","10":"first","11":"instock","12":"purchasable","13":"product-type-simple","swatches":"rey-swatches","show_selected":""},"acf":[],"yoast_head":"<!-- This site is optimized with the Yoast SEO plugin v22.8 - https:\/\/yoast.com\/wordpress\/plugins\/seo\/ -->\n<title>P\u00f3cimas de capuchino. Hierbas y recetas conventuales Ed. Mediterrania<\/title>\n<meta name=\"description\" content=\"Recetas de hierbas medicinales utilizadas desde hace siglos en la tradici\u00f3n franciscano-capuchina.\" \/>\n<meta name=\"robots\" content=\"index, follow, max-snippet:-1, max-image-preview:large, max-video-preview:-1\" \/>\n<link rel=\"canonical\" href=\"https:\/\/editorialmediterrania.com\/es\/producto\/pocimas-de-capuchino\/\" \/>\n<meta property=\"og:locale\" content=\"es_ES\" \/>\n<meta property=\"og:type\" content=\"article\" \/>\n<meta property=\"og:title\" content=\"P\u00f3cimas de capuchino. Hierbas y recetas conventuales Ed. Mediterrania\" \/>\n<meta property=\"og:description\" content=\"Recetas de hierbas medicinales utilizadas desde hace siglos en la tradici\u00f3n franciscano-capuchina.\" \/>\n<meta property=\"og:url\" content=\"https:\/\/editorialmediterrania.com\/es\/producto\/pocimas-de-capuchino\/\" \/>\n<meta property=\"og:site_name\" content=\"Editorial Mediterr\u00e0nia\" \/>\n<meta property=\"article:modified_time\" content=\"2016-07-07T14:39:48+00:00\" \/>\n<meta property=\"og:image\" content=\"https:\/\/editorialmediterrania.com\/wp-content\/uploads\/2013\/03\/Portada-Pocimas.gif\" \/>\n\t<meta property=\"og:image:width\" content=\"300\" \/>\n\t<meta property=\"og:image:height\" content=\"415\" \/>\n\t<meta property=\"og:image:type\" content=\"image\/gif\" \/>\n<meta name=\"twitter:card\" content=\"summary_large_image\" \/>\n<meta name=\"twitter:site\" content=\"@edmediterrania\" \/>\n<meta name=\"twitter:label1\" content=\"Tiempo de lectura\" \/>\n\t<meta name=\"twitter:data1\" content=\"1 minuto\" \/>\n<script type=\"application\/ld+json\" class=\"yoast-schema-graph\">{\"@context\":\"https:\/\/schema.org\",\"@graph\":[{\"@type\":\"WebPage\",\"@id\":\"https:\/\/editorialmediterrania.com\/es\/producto\/pocimas-de-capuchino\/\",\"url\":\"https:\/\/editorialmediterrania.com\/es\/producto\/pocimas-de-capuchino\/\",\"name\":\"P\u00f3cimas de capuchino. Hierbas y recetas conventuales Ed. Mediterrania\",\"isPartOf\":{\"@id\":\"https:\/\/editorialmediterrania.com\/es\/#website\"},\"primaryImageOfPage\":{\"@id\":\"https:\/\/editorialmediterrania.com\/es\/producto\/pocimas-de-capuchino\/#primaryimage\"},\"image\":{\"@id\":\"https:\/\/editorialmediterrania.com\/es\/producto\/pocimas-de-capuchino\/#primaryimage\"},\"thumbnailUrl\":\"https:\/\/editorialmediterrania.com\/wp-content\/uploads\/2013\/03\/Portada-Pocimas.gif\",\"datePublished\":\"2013-03-27T17:22:14+00:00\",\"dateModified\":\"2016-07-07T14:39:48+00:00\",\"description\":\"Recetas de hierbas medicinales utilizadas desde hace siglos en la tradici\u00f3n franciscano-capuchina.\",\"breadcrumb\":{\"@id\":\"https:\/\/editorialmediterrania.com\/es\/producto\/pocimas-de-capuchino\/#breadcrumb\"},\"inLanguage\":\"es\",\"potentialAction\":[{\"@type\":\"ReadAction\",\"target\":[\"https:\/\/editorialmediterrania.com\/es\/producto\/pocimas-de-capuchino\/\"]}]},{\"@type\":\"ImageObject\",\"inLanguage\":\"es\",\"@id\":\"https:\/\/editorialmediterrania.com\/es\/producto\/pocimas-de-capuchino\/#primaryimage\",\"url\":\"https:\/\/editorialmediterrania.com\/wp-content\/uploads\/2013\/03\/Portada-Pocimas.gif\",\"contentUrl\":\"https:\/\/editorialmediterrania.com\/wp-content\/uploads\/2013\/03\/Portada-Pocimas.gif\",\"width\":300,\"height\":415},{\"@type\":\"BreadcrumbList\",\"@id\":\"https:\/\/editorialmediterrania.com\/es\/producto\/pocimas-de-capuchino\/#breadcrumb\",\"itemListElement\":[{\"@type\":\"ListItem\",\"position\":1,\"name\":\"Tienda de libros infantiles de arte\",\"item\":\"https:\/\/editorialmediterrania.com\/es\/tienda-de-libros-infantiles-arte\/\"},{\"@type\":\"ListItem\",\"position\":2,\"name\":\"P\u00f3cimas de capuchino\"}]},{\"@type\":\"WebSite\",\"@id\":\"https:\/\/editorialmediterrania.com\/es\/#website\",\"url\":\"https:\/\/editorialmediterrania.com\/es\/\",\"name\":\"Editorial Mediterrania\",\"description\":\"Llibres que t\u2019obriran nous mons\",\"publisher\":{\"@id\":\"https:\/\/editorialmediterrania.com\/es\/#organization\"},\"alternateName\":\"Llibres infantils d'art, cultura i natura\",\"potentialAction\":[{\"@type\":\"SearchAction\",\"target\":{\"@type\":\"EntryPoint\",\"urlTemplate\":\"https:\/\/editorialmediterrania.com\/es\/?s={search_term_string}\"},\"query-input\":\"required name=search_term_string\"}],\"inLanguage\":\"es\"},{\"@type\":\"Organization\",\"@id\":\"https:\/\/editorialmediterrania.com\/es\/#organization\",\"name\":\"Editorial Mediterrania\",\"alternateName\":\"Llibres d'art, cultura i natura per infants i fam\u00edlies\",\"url\":\"https:\/\/editorialmediterrania.com\/es\/\",\"logo\":{\"@type\":\"ImageObject\",\"inLanguage\":\"es\",\"@id\":\"https:\/\/editorialmediterrania.com\/es\/#\/schema\/logo\/image\/\",\"url\":\"https:\/\/editorialmediterrania.com\/wp-content\/uploads\/2023\/03\/LOGO-ED_MEDITERRANIA_OK-2.png\",\"contentUrl\":\"https:\/\/editorialmediterrania.com\/wp-content\/uploads\/2023\/03\/LOGO-ED_MEDITERRANIA_OK-2.png\",\"width\":1200,\"height\":300,\"caption\":\"Editorial Mediterrania\"},\"image\":{\"@id\":\"https:\/\/editorialmediterrania.com\/es\/#\/schema\/logo\/image\/\"},\"sameAs\":[\"https:\/\/x.com\/edmediterrania\",\"https:\/\/www.instagram.com\/editorialmediterrania\/\"]}]}<\/script>\n<!-- \/ Yoast SEO plugin. -->","yoast_head_json":{"title":"P\u00f3cimas de capuchino. Hierbas y recetas conventuales Ed. Mediterrania","description":"Recetas de hierbas medicinales utilizadas desde hace siglos en la tradici\u00f3n franciscano-capuchina.","robots":{"index":"index","follow":"follow","max-snippet":"max-snippet:-1","max-image-preview":"max-image-preview:large","max-video-preview":"max-video-preview:-1"},"canonical":"https:\/\/editorialmediterrania.com\/es\/producto\/pocimas-de-capuchino\/","og_locale":"es_ES","og_type":"article","og_title":"P\u00f3cimas de capuchino. Hierbas y recetas conventuales Ed. Mediterrania","og_description":"Recetas de hierbas medicinales utilizadas desde hace siglos en la tradici\u00f3n franciscano-capuchina.","og_url":"https:\/\/editorialmediterrania.com\/es\/producto\/pocimas-de-capuchino\/","og_site_name":"Editorial Mediterr\u00e0nia","article_modified_time":"2016-07-07T14:39:48+00:00","og_image":[{"width":300,"height":415,"url":"https:\/\/editorialmediterrania.com\/wp-content\/uploads\/2013\/03\/Portada-Pocimas.gif","type":"image\/gif"}],"twitter_card":"summary_large_image","twitter_site":"@edmediterrania","twitter_misc":{"Tiempo de lectura":"1 minuto"},"schema":{"@context":"https:\/\/schema.org","@graph":[{"@type":"WebPage","@id":"https:\/\/editorialmediterrania.com\/es\/producto\/pocimas-de-capuchino\/","url":"https:\/\/editorialmediterrania.com\/es\/producto\/pocimas-de-capuchino\/","name":"P\u00f3cimas de capuchino. Hierbas y recetas conventuales Ed. Mediterrania","isPartOf":{"@id":"https:\/\/editorialmediterrania.com\/es\/#website"},"primaryImageOfPage":{"@id":"https:\/\/editorialmediterrania.com\/es\/producto\/pocimas-de-capuchino\/#primaryimage"},"image":{"@id":"https:\/\/editorialmediterrania.com\/es\/producto\/pocimas-de-capuchino\/#primaryimage"},"thumbnailUrl":"https:\/\/editorialmediterrania.com\/wp-content\/uploads\/2013\/03\/Portada-Pocimas.gif","datePublished":"2013-03-27T17:22:14+00:00","dateModified":"2016-07-07T14:39:48+00:00","description":"Recetas de hierbas medicinales utilizadas desde hace siglos en la tradici\u00f3n franciscano-capuchina.","breadcrumb":{"@id":"https:\/\/editorialmediterrania.com\/es\/producto\/pocimas-de-capuchino\/#breadcrumb"},"inLanguage":"es","potentialAction":[{"@type":"ReadAction","target":["https:\/\/editorialmediterrania.com\/es\/producto\/pocimas-de-capuchino\/"]}]},{"@type":"ImageObject","inLanguage":"es","@id":"https:\/\/editorialmediterrania.com\/es\/producto\/pocimas-de-capuchino\/#primaryimage","url":"https:\/\/editorialmediterrania.com\/wp-content\/uploads\/2013\/03\/Portada-Pocimas.gif","contentUrl":"https:\/\/editorialmediterrania.com\/wp-content\/uploads\/2013\/03\/Portada-Pocimas.gif","width":300,"height":415},{"@type":"BreadcrumbList","@id":"https:\/\/editorialmediterrania.com\/es\/producto\/pocimas-de-capuchino\/#breadcrumb","itemListElement":[{"@type":"ListItem","position":1,"name":"Tienda de libros infantiles de arte","item":"https:\/\/editorialmediterrania.com\/es\/tienda-de-libros-infantiles-arte\/"},{"@type":"ListItem","position":2,"name":"P\u00f3cimas de capuchino"}]},{"@type":"WebSite","@id":"https:\/\/editorialmediterrania.com\/es\/#website","url":"https:\/\/editorialmediterrania.com\/es\/","name":"Editorial Mediterrania","description":"Llibres que t\u2019obriran nous mons","publisher":{"@id":"https:\/\/editorialmediterrania.com\/es\/#organization"},"alternateName":"Llibres infantils d'art, cultura i natura","potentialAction":[{"@type":"SearchAction","target":{"@type":"EntryPoint","urlTemplate":"https:\/\/editorialmediterrania.com\/es\/?s={search_term_string}"},"query-input":"required name=search_term_string"}],"inLanguage":"es"},{"@type":"Organization","@id":"https:\/\/editorialmediterrania.com\/es\/#organization","name":"Editorial Mediterrania","alternateName":"Llibres d'art, cultura i natura per infants i fam\u00edlies","url":"https:\/\/editorialmediterrania.com\/es\/","logo":{"@type":"ImageObject","inLanguage":"es","@id":"https:\/\/editorialmediterrania.com\/es\/#\/schema\/logo\/image\/","url":"https:\/\/editorialmediterrania.com\/wp-content\/uploads\/2023\/03\/LOGO-ED_MEDITERRANIA_OK-2.png","contentUrl":"https:\/\/editorialmediterrania.com\/wp-content\/uploads\/2023\/03\/LOGO-ED_MEDITERRANIA_OK-2.png","width":1200,"height":300,"caption":"Editorial Mediterrania"},"image":{"@id":"https:\/\/editorialmediterrania.com\/es\/#\/schema\/logo\/image\/"},"sameAs":["https:\/\/x.com\/edmediterrania","https:\/\/www.instagram.com\/editorialmediterrania\/"]}]}},"_links":{"self":[{"href":"https:\/\/editorialmediterrania.com\/es\/wp-json\/wp\/v2\/product\/5551","targetHints":{"allow":["GET"]}}],"collection":[{"href":"https:\/\/editorialmediterrania.com\/es\/wp-json\/wp\/v2\/product"}],"about":[{"href":"https:\/\/editorialmediterrania.com\/es\/wp-json\/wp\/v2\/types\/product"}],"wp:featuredmedia":[{"embeddable":true,"href":"https:\/\/editorialmediterrania.com\/es\/wp-json\/wp\/v2\/media\/41282"}],"wp:attachment":[{"href":"https:\/\/editorialmediterrania.com\/es\/wp-json\/wp\/v2\/media?parent=5551"}],"wp:term":[{"taxonomy":"product_cat","embeddable":true,"href":"https:\/\/editorialmediterrania.com\/es\/wp-json\/wp\/v2\/product_cat?post=5551"},{"taxonomy":"product_tag","embeddable":true,"href":"https:\/\/editorialmediterrania.com\/es\/wp-json\/wp\/v2\/product_tag?post=5551"},{"taxonomy":"autors","embeddable":true,"href":"https:\/\/editorialmediterrania.com\/es\/wp-json\/wp\/v2\/autors?post=5551"}],"curies":[{"name":"wp","href":"https:\/\/api.w.org\/{rel}","templated":true}]}}