{"id":556,"date":"2012-11-19T21:43:21","date_gmt":"2012-11-19T21:43:21","guid":{"rendered":"http:\/\/mediterrania.adgency.es\/producto\/producto\/aproximacio-a-lobra-grafica-de-subirachs-2\/"},"modified":"2015-07-28T08:36:12","modified_gmt":"2015-07-28T06:36:12","slug":"aproximacio-a-lobra-grafica-de-subirachs","status":"publish","type":"product","link":"https:\/\/editorialmediterrania.com\/es\/producto\/aproximacio-a-lobra-grafica-de-subirachs\/","title":{"rendered":"Aproximaci\u00f3 a l&#8217;obra gr\u00e0fica de Subirachs"},"content":{"rendered":"<p lang=\"ca-ES\" style=\"text-align: justify;\" align=\"JUSTIFY\">Estudio de los procesos de creaci\u00f3n de los dise\u00f1os y pinturas de Josep M. Subirachs realizado por la doctora en Historia del Arte Pilar V\u00e9lez. Afirma: \u00abHe intentado hacer una aproximaci\u00f3n a su obra gr\u00e1fica, no s\u00f3lo desde la perspectiva iconogr\u00e1fico-iconol\u00f3gica, sino partiendo de los distintos procedimientos t\u00e9cnicos, que me han permitido seguir de m\u00e1s cerca las realizaciones del artista desde su concepci\u00f3n y primer dise\u00f1o\u00bb.<\/p>\n","protected":false},"excerpt":{"rendered":"<p>Estudio de los procesos de creaci\u00f3n de los dise\u00f1os y pinturas de Josep M. Subirachs realizado por la doctora en Historia del Arte Pilar V\u00e9lez. Afirma: \u00abHe intentado hacer una aproximaci\u00f3n a su obra gr\u00e1fica, no s\u00f3lo desde la perspectiva iconogr\u00e1fico-iconol\u00f3gica, sino partiendo de los distintos procedimientos t\u00e9cnicos, que me han permitido seguir de m\u00e1s [&hellip;]<\/p>\n","protected":false},"featured_media":18552,"template":"","meta":[],"product_cat":[3350,198],"product_tag":[],"autors":[],"class_list":{"0":"post-556","1":"product","2":"type-product","3":"status-publish","4":"has-post-thumbnail","6":"product_cat-mediterrania-productes","7":"product_cat-arte-adulto","9":"first","10":"instock","11":"purchasable","12":"product-type-simple","swatches":"rey-swatches","show_selected":""},"acf":[],"yoast_head":"<!-- This site is optimized with the Yoast SEO plugin v22.8 - https:\/\/yoast.com\/wordpress\/plugins\/seo\/ -->\n<title>Aproximaci\u00f3n a la obra gr\u00e1fica de Subirachs - Editorial Mediterrania<\/title>\n<meta name=\"description\" content=\"Estudio de los procesos de creaci\u00f3n de los dise\u00f1os y pinturas de Josep M. Subirachs a cargo de la doctora en Historia del Arte Pilar V\u00e9lez.\" \/>\n<meta name=\"robots\" content=\"index, follow, max-snippet:-1, max-image-preview:large, max-video-preview:-1\" \/>\n<link rel=\"canonical\" href=\"https:\/\/editorialmediterrania.com\/es\/producto\/aproximacio-a-lobra-grafica-de-subirachs\/\" \/>\n<meta property=\"og:locale\" content=\"es_ES\" \/>\n<meta property=\"og:type\" content=\"article\" \/>\n<meta property=\"og:title\" content=\"Aproximaci\u00f3n a la obra gr\u00e1fica de Subirachs - Editorial Mediterrania\" \/>\n<meta property=\"og:description\" content=\"Estudio de los procesos de creaci\u00f3n de los dise\u00f1os y pinturas de Josep M. Subirachs a cargo de la doctora en Historia del Arte Pilar V\u00e9lez.\" \/>\n<meta property=\"og:url\" content=\"https:\/\/editorialmediterrania.com\/es\/producto\/aproximacio-a-lobra-grafica-de-subirachs\/\" \/>\n<meta property=\"og:site_name\" content=\"Editorial Mediterr\u00e0nia\" \/>\n<meta property=\"article:modified_time\" content=\"2015-07-28T06:36:12+00:00\" \/>\n<meta property=\"og:image\" content=\"https:\/\/editorialmediterrania.com\/wp-content\/uploads\/2012\/11\/aproximacio-a-lobra-grafica-de-Subirachs.jpg\" \/>\n\t<meta property=\"og:image:width\" content=\"600\" \/>\n\t<meta property=\"og:image:height\" content=\"820\" \/>\n\t<meta property=\"og:image:type\" content=\"image\/jpeg\" \/>\n<meta name=\"twitter:card\" content=\"summary_large_image\" \/>\n<meta name=\"twitter:site\" content=\"@edmediterrania\" \/>\n<script type=\"application\/ld+json\" class=\"yoast-schema-graph\">{\"@context\":\"https:\/\/schema.org\",\"@graph\":[{\"@type\":\"WebPage\",\"@id\":\"https:\/\/editorialmediterrania.com\/es\/producto\/aproximacio-a-lobra-grafica-de-subirachs\/\",\"url\":\"https:\/\/editorialmediterrania.com\/es\/producto\/aproximacio-a-lobra-grafica-de-subirachs\/\",\"name\":\"Aproximaci\u00f3n a la obra gr\u00e1fica de Subirachs - Editorial Mediterrania\",\"isPartOf\":{\"@id\":\"https:\/\/editorialmediterrania.com\/es\/#website\"},\"primaryImageOfPage\":{\"@id\":\"https:\/\/editorialmediterrania.com\/es\/producto\/aproximacio-a-lobra-grafica-de-subirachs\/#primaryimage\"},\"image\":{\"@id\":\"https:\/\/editorialmediterrania.com\/es\/producto\/aproximacio-a-lobra-grafica-de-subirachs\/#primaryimage\"},\"thumbnailUrl\":\"https:\/\/editorialmediterrania.com\/wp-content\/uploads\/2012\/11\/aproximacio-a-lobra-grafica-de-Subirachs.jpg\",\"datePublished\":\"2012-11-19T21:43:21+00:00\",\"dateModified\":\"2015-07-28T06:36:12+00:00\",\"description\":\"Estudio de los procesos de creaci\u00f3n de los dise\u00f1os y pinturas de Josep M. Subirachs a cargo de la doctora en Historia del Arte Pilar V\u00e9lez.\",\"breadcrumb\":{\"@id\":\"https:\/\/editorialmediterrania.com\/es\/producto\/aproximacio-a-lobra-grafica-de-subirachs\/#breadcrumb\"},\"inLanguage\":\"es\",\"potentialAction\":[{\"@type\":\"ReadAction\",\"target\":[\"https:\/\/editorialmediterrania.com\/es\/producto\/aproximacio-a-lobra-grafica-de-subirachs\/\"]}]},{\"@type\":\"ImageObject\",\"inLanguage\":\"es\",\"@id\":\"https:\/\/editorialmediterrania.com\/es\/producto\/aproximacio-a-lobra-grafica-de-subirachs\/#primaryimage\",\"url\":\"https:\/\/editorialmediterrania.com\/wp-content\/uploads\/2012\/11\/aproximacio-a-lobra-grafica-de-Subirachs.jpg\",\"contentUrl\":\"https:\/\/editorialmediterrania.com\/wp-content\/uploads\/2012\/11\/aproximacio-a-lobra-grafica-de-Subirachs.jpg\",\"width\":600,\"height\":820},{\"@type\":\"BreadcrumbList\",\"@id\":\"https:\/\/editorialmediterrania.com\/es\/producto\/aproximacio-a-lobra-grafica-de-subirachs\/#breadcrumb\",\"itemListElement\":[{\"@type\":\"ListItem\",\"position\":1,\"name\":\"Tienda de libros infantiles de arte\",\"item\":\"https:\/\/editorialmediterrania.com\/es\/tienda-de-libros-infantiles-arte\/\"},{\"@type\":\"ListItem\",\"position\":2,\"name\":\"Aproximaci\u00f3 a l&#8217;obra gr\u00e0fica de Subirachs\"}]},{\"@type\":\"WebSite\",\"@id\":\"https:\/\/editorialmediterrania.com\/es\/#website\",\"url\":\"https:\/\/editorialmediterrania.com\/es\/\",\"name\":\"Editorial Mediterrania\",\"description\":\"Llibres que t\u2019obriran nous mons\",\"publisher\":{\"@id\":\"https:\/\/editorialmediterrania.com\/es\/#organization\"},\"alternateName\":\"Llibres infantils d'art, cultura i natura\",\"potentialAction\":[{\"@type\":\"SearchAction\",\"target\":{\"@type\":\"EntryPoint\",\"urlTemplate\":\"https:\/\/editorialmediterrania.com\/es\/?s={search_term_string}\"},\"query-input\":\"required name=search_term_string\"}],\"inLanguage\":\"es\"},{\"@type\":\"Organization\",\"@id\":\"https:\/\/editorialmediterrania.com\/es\/#organization\",\"name\":\"Editorial Mediterrania\",\"alternateName\":\"Llibres d'art, cultura i natura per infants i fam\u00edlies\",\"url\":\"https:\/\/editorialmediterrania.com\/es\/\",\"logo\":{\"@type\":\"ImageObject\",\"inLanguage\":\"es\",\"@id\":\"https:\/\/editorialmediterrania.com\/es\/#\/schema\/logo\/image\/\",\"url\":\"https:\/\/editorialmediterrania.com\/wp-content\/uploads\/2023\/03\/LOGO-ED_MEDITERRANIA_OK-2.png\",\"contentUrl\":\"https:\/\/editorialmediterrania.com\/wp-content\/uploads\/2023\/03\/LOGO-ED_MEDITERRANIA_OK-2.png\",\"width\":1200,\"height\":300,\"caption\":\"Editorial Mediterrania\"},\"image\":{\"@id\":\"https:\/\/editorialmediterrania.com\/es\/#\/schema\/logo\/image\/\"},\"sameAs\":[\"https:\/\/x.com\/edmediterrania\",\"https:\/\/www.instagram.com\/editorialmediterrania\/\"]}]}<\/script>\n<!-- \/ Yoast SEO plugin. -->","yoast_head_json":{"title":"Aproximaci\u00f3n a la obra gr\u00e1fica de Subirachs - Editorial Mediterrania","description":"Estudio de los procesos de creaci\u00f3n de los dise\u00f1os y pinturas de Josep M. Subirachs a cargo de la doctora en Historia del Arte Pilar V\u00e9lez.","robots":{"index":"index","follow":"follow","max-snippet":"max-snippet:-1","max-image-preview":"max-image-preview:large","max-video-preview":"max-video-preview:-1"},"canonical":"https:\/\/editorialmediterrania.com\/es\/producto\/aproximacio-a-lobra-grafica-de-subirachs\/","og_locale":"es_ES","og_type":"article","og_title":"Aproximaci\u00f3n a la obra gr\u00e1fica de Subirachs - Editorial Mediterrania","og_description":"Estudio de los procesos de creaci\u00f3n de los dise\u00f1os y pinturas de Josep M. Subirachs a cargo de la doctora en Historia del Arte Pilar V\u00e9lez.","og_url":"https:\/\/editorialmediterrania.com\/es\/producto\/aproximacio-a-lobra-grafica-de-subirachs\/","og_site_name":"Editorial Mediterr\u00e0nia","article_modified_time":"2015-07-28T06:36:12+00:00","og_image":[{"width":600,"height":820,"url":"https:\/\/editorialmediterrania.com\/wp-content\/uploads\/2012\/11\/aproximacio-a-lobra-grafica-de-Subirachs.jpg","type":"image\/jpeg"}],"twitter_card":"summary_large_image","twitter_site":"@edmediterrania","schema":{"@context":"https:\/\/schema.org","@graph":[{"@type":"WebPage","@id":"https:\/\/editorialmediterrania.com\/es\/producto\/aproximacio-a-lobra-grafica-de-subirachs\/","url":"https:\/\/editorialmediterrania.com\/es\/producto\/aproximacio-a-lobra-grafica-de-subirachs\/","name":"Aproximaci\u00f3n a la obra gr\u00e1fica de Subirachs - Editorial Mediterrania","isPartOf":{"@id":"https:\/\/editorialmediterrania.com\/es\/#website"},"primaryImageOfPage":{"@id":"https:\/\/editorialmediterrania.com\/es\/producto\/aproximacio-a-lobra-grafica-de-subirachs\/#primaryimage"},"image":{"@id":"https:\/\/editorialmediterrania.com\/es\/producto\/aproximacio-a-lobra-grafica-de-subirachs\/#primaryimage"},"thumbnailUrl":"https:\/\/editorialmediterrania.com\/wp-content\/uploads\/2012\/11\/aproximacio-a-lobra-grafica-de-Subirachs.jpg","datePublished":"2012-11-19T21:43:21+00:00","dateModified":"2015-07-28T06:36:12+00:00","description":"Estudio de los procesos de creaci\u00f3n de los dise\u00f1os y pinturas de Josep M. Subirachs a cargo de la doctora en Historia del Arte Pilar V\u00e9lez.","breadcrumb":{"@id":"https:\/\/editorialmediterrania.com\/es\/producto\/aproximacio-a-lobra-grafica-de-subirachs\/#breadcrumb"},"inLanguage":"es","potentialAction":[{"@type":"ReadAction","target":["https:\/\/editorialmediterrania.com\/es\/producto\/aproximacio-a-lobra-grafica-de-subirachs\/"]}]},{"@type":"ImageObject","inLanguage":"es","@id":"https:\/\/editorialmediterrania.com\/es\/producto\/aproximacio-a-lobra-grafica-de-subirachs\/#primaryimage","url":"https:\/\/editorialmediterrania.com\/wp-content\/uploads\/2012\/11\/aproximacio-a-lobra-grafica-de-Subirachs.jpg","contentUrl":"https:\/\/editorialmediterrania.com\/wp-content\/uploads\/2012\/11\/aproximacio-a-lobra-grafica-de-Subirachs.jpg","width":600,"height":820},{"@type":"BreadcrumbList","@id":"https:\/\/editorialmediterrania.com\/es\/producto\/aproximacio-a-lobra-grafica-de-subirachs\/#breadcrumb","itemListElement":[{"@type":"ListItem","position":1,"name":"Tienda de libros infantiles de arte","item":"https:\/\/editorialmediterrania.com\/es\/tienda-de-libros-infantiles-arte\/"},{"@type":"ListItem","position":2,"name":"Aproximaci\u00f3 a l&#8217;obra gr\u00e0fica de Subirachs"}]},{"@type":"WebSite","@id":"https:\/\/editorialmediterrania.com\/es\/#website","url":"https:\/\/editorialmediterrania.com\/es\/","name":"Editorial Mediterrania","description":"Llibres que t\u2019obriran nous mons","publisher":{"@id":"https:\/\/editorialmediterrania.com\/es\/#organization"},"alternateName":"Llibres infantils d'art, cultura i natura","potentialAction":[{"@type":"SearchAction","target":{"@type":"EntryPoint","urlTemplate":"https:\/\/editorialmediterrania.com\/es\/?s={search_term_string}"},"query-input":"required name=search_term_string"}],"inLanguage":"es"},{"@type":"Organization","@id":"https:\/\/editorialmediterrania.com\/es\/#organization","name":"Editorial Mediterrania","alternateName":"Llibres d'art, cultura i natura per infants i fam\u00edlies","url":"https:\/\/editorialmediterrania.com\/es\/","logo":{"@type":"ImageObject","inLanguage":"es","@id":"https:\/\/editorialmediterrania.com\/es\/#\/schema\/logo\/image\/","url":"https:\/\/editorialmediterrania.com\/wp-content\/uploads\/2023\/03\/LOGO-ED_MEDITERRANIA_OK-2.png","contentUrl":"https:\/\/editorialmediterrania.com\/wp-content\/uploads\/2023\/03\/LOGO-ED_MEDITERRANIA_OK-2.png","width":1200,"height":300,"caption":"Editorial Mediterrania"},"image":{"@id":"https:\/\/editorialmediterrania.com\/es\/#\/schema\/logo\/image\/"},"sameAs":["https:\/\/x.com\/edmediterrania","https:\/\/www.instagram.com\/editorialmediterrania\/"]}]}},"_links":{"self":[{"href":"https:\/\/editorialmediterrania.com\/es\/wp-json\/wp\/v2\/product\/556","targetHints":{"allow":["GET"]}}],"collection":[{"href":"https:\/\/editorialmediterrania.com\/es\/wp-json\/wp\/v2\/product"}],"about":[{"href":"https:\/\/editorialmediterrania.com\/es\/wp-json\/wp\/v2\/types\/product"}],"wp:featuredmedia":[{"embeddable":true,"href":"https:\/\/editorialmediterrania.com\/es\/wp-json\/wp\/v2\/media\/18552"}],"wp:attachment":[{"href":"https:\/\/editorialmediterrania.com\/es\/wp-json\/wp\/v2\/media?parent=556"}],"wp:term":[{"taxonomy":"product_cat","embeddable":true,"href":"https:\/\/editorialmediterrania.com\/es\/wp-json\/wp\/v2\/product_cat?post=556"},{"taxonomy":"product_tag","embeddable":true,"href":"https:\/\/editorialmediterrania.com\/es\/wp-json\/wp\/v2\/product_tag?post=556"},{"taxonomy":"autors","embeddable":true,"href":"https:\/\/editorialmediterrania.com\/es\/wp-json\/wp\/v2\/autors?post=556"}],"curies":[{"name":"wp","href":"https:\/\/api.w.org\/{rel}","templated":true}]}}