{"id":5569,"date":"2013-03-27T19:26:56","date_gmt":"2013-03-27T18:26:56","guid":{"rendered":"http:\/\/editorialmediterrania.cat\/product\/producto\/modernisme-2\/"},"modified":"2015-10-08T17:08:53","modified_gmt":"2015-10-08T15:08:53","slug":"pintemos-modernisme","status":"publish","type":"product","link":"https:\/\/editorialmediterrania.com\/es\/producto\/pintemos-modernisme\/","title":{"rendered":"\u00a1Pintemos! Modernisme"},"content":{"rendered":"<p style=\"text-align: justify;\">Despu\u00e9s del \u00e9xito conseguido con Pintem Gaud\u00ed, Editorial Mediterr\u00e0nia edita el segundo volumen de la colecci\u00f3n \u00a1Pintemos! destinada a p\u00fablico infantil, para que conozca de una manera l\u00fadica los edificios emblem\u00e1ticos del Modernismo catal\u00e1n y los arquitectos que los proyectaron.<\/p>\n<p style=\"text-align: justify;\">Cinco arquitectos y nueve edificios dibujados por Pilar\u00edn Bay\u00e9s. La colecci\u00f3n quiere dar a conocer a los m\u00e1s peque\u00f1os los edificios y arquitectos modernistas m\u00e1s importantes de nuestro pa\u00eds de una manera divertida, a trav\u00e9s de los dibujos de Pilar\u00edn.<\/p>\n<p style=\"text-align: justify;\">La selecci\u00f3n de edificios emblem\u00e1ticos se ha realizado en funci\u00f3n de su relevancia. En este sentido, de Antonio Gaud\u00ed est\u00e1 la Sagrada Familia, la Casa Batll\u00f3 y la Pedrera; de Josep Puig i Cadafalch la Casa Ametller y la F\u00e1brica Casaramona; de Llu\u00eds Dom\u00e8nech i Montaner el Palacio de la M\u00fasica y el Hospital de San Pablo; de Manuel Joaquim Raspall Can Xammar de Dalt y de Josep Maria Jujol, la Torre de la Cruz.<\/p>\n<p>&nbsp;<\/p>\n","protected":false},"excerpt":{"rendered":"<p>Despu\u00e9s del \u00e9xito conseguido con <a title=\"Gaud\u00ed\" href=\"http:\/\/editorialmediterrania.cat\/product\/infantil-i-juvenil\/gaudi\/\" target=\"_blank\"><em>Gaud\u00ed<\/em><\/a>, Editorial Mediterr\u00e0nia edita el segundo volumen de la colecci\u00f3n \u00a1<a title=\"colleccion pintemos\" href=\"http:\/\/editorialmediterrania.cat\/es\/colleccions\/infantil-y-juvenil\/pintemos\" target=\"_blank\">Pintemos!<\/a> destinada a p\u00fablico infantil, para que conozca de una manera l\u00fadica los <strong>edificios emblem\u00e1ticos del Modernismo<\/strong> catal\u00e1n y los arquitectos que los proyectaron.<\/p>\n","protected":false},"featured_media":40933,"template":"","meta":[],"product_cat":[30,183],"product_tag":[4334,1264,396,1583],"autors":[],"class_list":{"0":"post-5569","1":"product","2":"type-product","3":"status-publish","4":"has-post-thumbnail","6":"product_cat-editorial-mediterrania","7":"product_cat-pintemos","8":"product_tag-gaudi-es","9":"product_tag-llibre-per-pintar","10":"product_tag-pilarin-bayes-es","11":"product_tag-puig-i-cadafalch-es","13":"first","14":"instock","15":"purchasable","16":"product-type-simple","swatches":"rey-swatches","show_selected":""},"acf":[],"yoast_head":"<!-- This site is optimized with the Yoast SEO plugin v22.8 - https:\/\/yoast.com\/wordpress\/plugins\/seo\/ -->\n<title>Descubre el Modernismo a los m\u00e1s peque\u00f1os con la colecci\u00f3n \u00a1Pintemos!<\/title>\n<meta name=\"description\" content=\"Da a conocer el Modernismo a los m\u00e1s peque\u00f1os con la colecci\u00f3n \u00a1Pintemos! de Editorial Mediterr\u00e0nia.\" \/>\n<meta name=\"robots\" content=\"index, follow, max-snippet:-1, max-image-preview:large, max-video-preview:-1\" \/>\n<link rel=\"canonical\" href=\"https:\/\/editorialmediterrania.com\/es\/producto\/pintemos-modernisme\/\" \/>\n<meta property=\"og:locale\" content=\"es_ES\" \/>\n<meta property=\"og:type\" content=\"article\" \/>\n<meta property=\"og:title\" content=\"Descubre el Modernismo a los m\u00e1s peque\u00f1os con la colecci\u00f3n \u00a1Pintemos!\" \/>\n<meta property=\"og:description\" content=\"Da a conocer el Modernismo a los m\u00e1s peque\u00f1os con la colecci\u00f3n \u00a1Pintemos! de Editorial Mediterr\u00e0nia.\" \/>\n<meta property=\"og:url\" content=\"https:\/\/editorialmediterrania.com\/es\/producto\/pintemos-modernisme\/\" \/>\n<meta property=\"og:site_name\" content=\"Editorial Mediterr\u00e0nia\" \/>\n<meta property=\"article:modified_time\" content=\"2015-10-08T15:08:53+00:00\" \/>\n<meta property=\"og:image\" content=\"https:\/\/editorialmediterrania.com\/wp-content\/uploads\/2013\/03\/modernisme.webp\" \/>\n\t<meta property=\"og:image:width\" content=\"873\" \/>\n\t<meta property=\"og:image:height\" content=\"860\" \/>\n\t<meta property=\"og:image:type\" content=\"image\/webp\" \/>\n<meta name=\"twitter:card\" content=\"summary_large_image\" \/>\n<meta name=\"twitter:site\" content=\"@edmediterrania\" \/>\n<meta name=\"twitter:label1\" content=\"Tiempo de lectura\" \/>\n\t<meta name=\"twitter:data1\" content=\"1 minuto\" \/>\n<script type=\"application\/ld+json\" class=\"yoast-schema-graph\">{\"@context\":\"https:\/\/schema.org\",\"@graph\":[{\"@type\":\"WebPage\",\"@id\":\"https:\/\/editorialmediterrania.com\/es\/producto\/pintemos-modernisme\/\",\"url\":\"https:\/\/editorialmediterrania.com\/es\/producto\/pintemos-modernisme\/\",\"name\":\"Descubre el Modernismo a los m\u00e1s peque\u00f1os con la colecci\u00f3n \u00a1Pintemos!\",\"isPartOf\":{\"@id\":\"https:\/\/editorialmediterrania.com\/es\/#website\"},\"primaryImageOfPage\":{\"@id\":\"https:\/\/editorialmediterrania.com\/es\/producto\/pintemos-modernisme\/#primaryimage\"},\"image\":{\"@id\":\"https:\/\/editorialmediterrania.com\/es\/producto\/pintemos-modernisme\/#primaryimage\"},\"thumbnailUrl\":\"https:\/\/editorialmediterrania.com\/wp-content\/uploads\/2013\/03\/modernisme.webp\",\"datePublished\":\"2013-03-27T18:26:56+00:00\",\"dateModified\":\"2015-10-08T15:08:53+00:00\",\"description\":\"Da a conocer el Modernismo a los m\u00e1s peque\u00f1os con la colecci\u00f3n \u00a1Pintemos! de Editorial Mediterr\u00e0nia.\",\"breadcrumb\":{\"@id\":\"https:\/\/editorialmediterrania.com\/es\/producto\/pintemos-modernisme\/#breadcrumb\"},\"inLanguage\":\"es\",\"potentialAction\":[{\"@type\":\"ReadAction\",\"target\":[\"https:\/\/editorialmediterrania.com\/es\/producto\/pintemos-modernisme\/\"]}]},{\"@type\":\"ImageObject\",\"inLanguage\":\"es\",\"@id\":\"https:\/\/editorialmediterrania.com\/es\/producto\/pintemos-modernisme\/#primaryimage\",\"url\":\"https:\/\/editorialmediterrania.com\/wp-content\/uploads\/2013\/03\/modernisme.webp\",\"contentUrl\":\"https:\/\/editorialmediterrania.com\/wp-content\/uploads\/2013\/03\/modernisme.webp\",\"width\":873,\"height\":860},{\"@type\":\"BreadcrumbList\",\"@id\":\"https:\/\/editorialmediterrania.com\/es\/producto\/pintemos-modernisme\/#breadcrumb\",\"itemListElement\":[{\"@type\":\"ListItem\",\"position\":1,\"name\":\"Tienda de libros infantiles de arte\",\"item\":\"https:\/\/editorialmediterrania.com\/es\/tienda-de-libros-infantiles-arte\/\"},{\"@type\":\"ListItem\",\"position\":2,\"name\":\"\u00a1Pintemos! Modernisme\"}]},{\"@type\":\"WebSite\",\"@id\":\"https:\/\/editorialmediterrania.com\/es\/#website\",\"url\":\"https:\/\/editorialmediterrania.com\/es\/\",\"name\":\"Editorial Mediterrania\",\"description\":\"Llibres que t\u2019obriran nous mons\",\"publisher\":{\"@id\":\"https:\/\/editorialmediterrania.com\/es\/#organization\"},\"alternateName\":\"Llibres infantils d'art, cultura i natura\",\"potentialAction\":[{\"@type\":\"SearchAction\",\"target\":{\"@type\":\"EntryPoint\",\"urlTemplate\":\"https:\/\/editorialmediterrania.com\/es\/?s={search_term_string}\"},\"query-input\":\"required name=search_term_string\"}],\"inLanguage\":\"es\"},{\"@type\":\"Organization\",\"@id\":\"https:\/\/editorialmediterrania.com\/es\/#organization\",\"name\":\"Editorial Mediterrania\",\"alternateName\":\"Llibres d'art, cultura i natura per infants i fam\u00edlies\",\"url\":\"https:\/\/editorialmediterrania.com\/es\/\",\"logo\":{\"@type\":\"ImageObject\",\"inLanguage\":\"es\",\"@id\":\"https:\/\/editorialmediterrania.com\/es\/#\/schema\/logo\/image\/\",\"url\":\"https:\/\/editorialmediterrania.com\/wp-content\/uploads\/2023\/03\/LOGO-ED_MEDITERRANIA_OK-2.png\",\"contentUrl\":\"https:\/\/editorialmediterrania.com\/wp-content\/uploads\/2023\/03\/LOGO-ED_MEDITERRANIA_OK-2.png\",\"width\":1200,\"height\":300,\"caption\":\"Editorial Mediterrania\"},\"image\":{\"@id\":\"https:\/\/editorialmediterrania.com\/es\/#\/schema\/logo\/image\/\"},\"sameAs\":[\"https:\/\/x.com\/edmediterrania\",\"https:\/\/www.instagram.com\/editorialmediterrania\/\"]}]}<\/script>\n<!-- \/ Yoast SEO plugin. -->","yoast_head_json":{"title":"Descubre el Modernismo a los m\u00e1s peque\u00f1os con la colecci\u00f3n \u00a1Pintemos!","description":"Da a conocer el Modernismo a los m\u00e1s peque\u00f1os con la colecci\u00f3n \u00a1Pintemos! de Editorial Mediterr\u00e0nia.","robots":{"index":"index","follow":"follow","max-snippet":"max-snippet:-1","max-image-preview":"max-image-preview:large","max-video-preview":"max-video-preview:-1"},"canonical":"https:\/\/editorialmediterrania.com\/es\/producto\/pintemos-modernisme\/","og_locale":"es_ES","og_type":"article","og_title":"Descubre el Modernismo a los m\u00e1s peque\u00f1os con la colecci\u00f3n \u00a1Pintemos!","og_description":"Da a conocer el Modernismo a los m\u00e1s peque\u00f1os con la colecci\u00f3n \u00a1Pintemos! de Editorial Mediterr\u00e0nia.","og_url":"https:\/\/editorialmediterrania.com\/es\/producto\/pintemos-modernisme\/","og_site_name":"Editorial Mediterr\u00e0nia","article_modified_time":"2015-10-08T15:08:53+00:00","og_image":[{"width":873,"height":860,"url":"https:\/\/editorialmediterrania.com\/wp-content\/uploads\/2013\/03\/modernisme.webp","type":"image\/webp"}],"twitter_card":"summary_large_image","twitter_site":"@edmediterrania","twitter_misc":{"Tiempo de lectura":"1 minuto"},"schema":{"@context":"https:\/\/schema.org","@graph":[{"@type":"WebPage","@id":"https:\/\/editorialmediterrania.com\/es\/producto\/pintemos-modernisme\/","url":"https:\/\/editorialmediterrania.com\/es\/producto\/pintemos-modernisme\/","name":"Descubre el Modernismo a los m\u00e1s peque\u00f1os con la colecci\u00f3n \u00a1Pintemos!","isPartOf":{"@id":"https:\/\/editorialmediterrania.com\/es\/#website"},"primaryImageOfPage":{"@id":"https:\/\/editorialmediterrania.com\/es\/producto\/pintemos-modernisme\/#primaryimage"},"image":{"@id":"https:\/\/editorialmediterrania.com\/es\/producto\/pintemos-modernisme\/#primaryimage"},"thumbnailUrl":"https:\/\/editorialmediterrania.com\/wp-content\/uploads\/2013\/03\/modernisme.webp","datePublished":"2013-03-27T18:26:56+00:00","dateModified":"2015-10-08T15:08:53+00:00","description":"Da a conocer el Modernismo a los m\u00e1s peque\u00f1os con la colecci\u00f3n \u00a1Pintemos! de Editorial Mediterr\u00e0nia.","breadcrumb":{"@id":"https:\/\/editorialmediterrania.com\/es\/producto\/pintemos-modernisme\/#breadcrumb"},"inLanguage":"es","potentialAction":[{"@type":"ReadAction","target":["https:\/\/editorialmediterrania.com\/es\/producto\/pintemos-modernisme\/"]}]},{"@type":"ImageObject","inLanguage":"es","@id":"https:\/\/editorialmediterrania.com\/es\/producto\/pintemos-modernisme\/#primaryimage","url":"https:\/\/editorialmediterrania.com\/wp-content\/uploads\/2013\/03\/modernisme.webp","contentUrl":"https:\/\/editorialmediterrania.com\/wp-content\/uploads\/2013\/03\/modernisme.webp","width":873,"height":860},{"@type":"BreadcrumbList","@id":"https:\/\/editorialmediterrania.com\/es\/producto\/pintemos-modernisme\/#breadcrumb","itemListElement":[{"@type":"ListItem","position":1,"name":"Tienda de libros infantiles de arte","item":"https:\/\/editorialmediterrania.com\/es\/tienda-de-libros-infantiles-arte\/"},{"@type":"ListItem","position":2,"name":"\u00a1Pintemos! Modernisme"}]},{"@type":"WebSite","@id":"https:\/\/editorialmediterrania.com\/es\/#website","url":"https:\/\/editorialmediterrania.com\/es\/","name":"Editorial Mediterrania","description":"Llibres que t\u2019obriran nous mons","publisher":{"@id":"https:\/\/editorialmediterrania.com\/es\/#organization"},"alternateName":"Llibres infantils d'art, cultura i natura","potentialAction":[{"@type":"SearchAction","target":{"@type":"EntryPoint","urlTemplate":"https:\/\/editorialmediterrania.com\/es\/?s={search_term_string}"},"query-input":"required name=search_term_string"}],"inLanguage":"es"},{"@type":"Organization","@id":"https:\/\/editorialmediterrania.com\/es\/#organization","name":"Editorial Mediterrania","alternateName":"Llibres d'art, cultura i natura per infants i fam\u00edlies","url":"https:\/\/editorialmediterrania.com\/es\/","logo":{"@type":"ImageObject","inLanguage":"es","@id":"https:\/\/editorialmediterrania.com\/es\/#\/schema\/logo\/image\/","url":"https:\/\/editorialmediterrania.com\/wp-content\/uploads\/2023\/03\/LOGO-ED_MEDITERRANIA_OK-2.png","contentUrl":"https:\/\/editorialmediterrania.com\/wp-content\/uploads\/2023\/03\/LOGO-ED_MEDITERRANIA_OK-2.png","width":1200,"height":300,"caption":"Editorial Mediterrania"},"image":{"@id":"https:\/\/editorialmediterrania.com\/es\/#\/schema\/logo\/image\/"},"sameAs":["https:\/\/x.com\/edmediterrania","https:\/\/www.instagram.com\/editorialmediterrania\/"]}]}},"_links":{"self":[{"href":"https:\/\/editorialmediterrania.com\/es\/wp-json\/wp\/v2\/product\/5569","targetHints":{"allow":["GET"]}}],"collection":[{"href":"https:\/\/editorialmediterrania.com\/es\/wp-json\/wp\/v2\/product"}],"about":[{"href":"https:\/\/editorialmediterrania.com\/es\/wp-json\/wp\/v2\/types\/product"}],"wp:featuredmedia":[{"embeddable":true,"href":"https:\/\/editorialmediterrania.com\/es\/wp-json\/wp\/v2\/media\/40933"}],"wp:attachment":[{"href":"https:\/\/editorialmediterrania.com\/es\/wp-json\/wp\/v2\/media?parent=5569"}],"wp:term":[{"taxonomy":"product_cat","embeddable":true,"href":"https:\/\/editorialmediterrania.com\/es\/wp-json\/wp\/v2\/product_cat?post=5569"},{"taxonomy":"product_tag","embeddable":true,"href":"https:\/\/editorialmediterrania.com\/es\/wp-json\/wp\/v2\/product_tag?post=5569"},{"taxonomy":"autors","embeddable":true,"href":"https:\/\/editorialmediterrania.com\/es\/wp-json\/wp\/v2\/autors?post=5569"}],"curies":[{"name":"wp","href":"https:\/\/api.w.org\/{rel}","templated":true}]}}