{"id":5571,"date":"2013-02-07T12:10:12","date_gmt":"2013-02-07T11:10:12","guid":{"rendered":"http:\/\/editorialmediterrania.cat\/product\/producto\/gaudi-2\/"},"modified":"2015-08-11T21:16:45","modified_gmt":"2015-08-11T19:16:45","slug":"pintemgaudi_es","status":"publish","type":"product","link":"https:\/\/editorialmediterrania.com\/es\/producto\/pintemgaudi_es\/","title":{"rendered":"Pintem! Gaud\u00ed"},"content":{"rendered":"<p style=\"text-align: justify;\">Pasa un rato entretenido y aprende lo m\u00e1s importante de la arquitectura de Gaud\u00ed, el gran maestro del Modernismo catal\u00e1n.<\/p>\n<p style=\"text-align: justify;\">Editorial Mediterr\u00e0nia acerca a los ni\u00f1os un libro para conocer a Gaud\u00ed pintando su obra. Aprende qu\u00e9 obras son las m\u00e1s interesantes de este genial artista con los dibujos inconfundibles de la ilustradora Pilar\u00edn Bay\u00e9s. Divi\u00e9rtete pintando de colores el drag\u00f3n del Parque G\u00fcell, los balcones de la Pedrera o las torres de la bas\u00edlica de la Sagrada Familia.<\/p>\n","protected":false},"excerpt":{"rendered":"<p>Pasa un rato entretenido y aprende lo m\u00e1s importante de la arquitectura de Gaud\u00ed, el gran maestro del Modernismo catal\u00e1n. Editorial Mediterr\u00e0nia acerca a los ni\u00f1os un libro para conocer a Gaud\u00ed pintando su obra. Aprende qu\u00e9 obras son las m\u00e1s interesantes de este genial artista con los dibujos inconfundibles de la ilustradora Pilar\u00edn Bay\u00e9s. [&hellip;]<\/p>\n","protected":false},"featured_media":27174,"template":"","meta":[],"product_cat":[30,183],"product_tag":[396],"autors":[],"class_list":{"0":"post-5571","1":"product","2":"type-product","3":"status-publish","4":"has-post-thumbnail","6":"product_cat-editorial-mediterrania","7":"product_cat-pintemos","8":"product_tag-pilarin-bayes-es","10":"first","11":"outofstock","12":"purchasable","13":"product-type-simple","swatches":"rey-swatches","show_selected":""},"acf":[],"yoast_head":"<!-- This site is optimized with the Yoast SEO plugin v22.8 - https:\/\/yoast.com\/wordpress\/plugins\/seo\/ -->\n<title>Gaud\u00ed de cerca para los ni\u00f1os: \u00a1Pintemos! - Editorial Mediterrania<\/title>\n<meta name=\"description\" content=\"Editorial Mediterr\u00e0nia acerca a los ni\u00f1os un libro para conocer de cerca a Gaud\u00ed pintando sus obras. Con los dibujos de la ilustradora Pilarin Bay\u00e9s.\" \/>\n<meta name=\"robots\" content=\"index, follow, max-snippet:-1, max-image-preview:large, max-video-preview:-1\" \/>\n<link rel=\"canonical\" href=\"https:\/\/editorialmediterrania.com\/es\/producto\/pintemgaudi_es\/\" \/>\n<meta property=\"og:locale\" content=\"es_ES\" \/>\n<meta property=\"og:type\" content=\"article\" \/>\n<meta property=\"og:title\" content=\"Gaud\u00ed de cerca para los ni\u00f1os: \u00a1Pintemos! - Editorial Mediterrania\" \/>\n<meta property=\"og:description\" content=\"Editorial Mediterr\u00e0nia acerca a los ni\u00f1os un libro para conocer de cerca a Gaud\u00ed pintando sus obras. Con los dibujos de la ilustradora Pilarin Bay\u00e9s.\" \/>\n<meta property=\"og:url\" content=\"https:\/\/editorialmediterrania.com\/es\/producto\/pintemgaudi_es\/\" \/>\n<meta property=\"og:site_name\" content=\"Editorial Mediterr\u00e0nia\" \/>\n<meta property=\"article:modified_time\" content=\"2015-08-11T19:16:45+00:00\" \/>\n<meta property=\"og:image\" content=\"https:\/\/editorialmediterrania.com\/wp-content\/uploads\/2013\/02\/Pintem-Gaudi1.jpg\" \/>\n\t<meta property=\"og:image:width\" content=\"400\" \/>\n\t<meta property=\"og:image:height\" content=\"403\" \/>\n\t<meta property=\"og:image:type\" content=\"image\/jpeg\" \/>\n<meta name=\"twitter:card\" content=\"summary_large_image\" \/>\n<meta name=\"twitter:site\" content=\"@edmediterrania\" \/>\n<script type=\"application\/ld+json\" class=\"yoast-schema-graph\">{\"@context\":\"https:\/\/schema.org\",\"@graph\":[{\"@type\":\"WebPage\",\"@id\":\"https:\/\/editorialmediterrania.com\/es\/producto\/pintemgaudi_es\/\",\"url\":\"https:\/\/editorialmediterrania.com\/es\/producto\/pintemgaudi_es\/\",\"name\":\"Gaud\u00ed de cerca para los ni\u00f1os: \u00a1Pintemos! - Editorial Mediterrania\",\"isPartOf\":{\"@id\":\"https:\/\/editorialmediterrania.com\/es\/#website\"},\"primaryImageOfPage\":{\"@id\":\"https:\/\/editorialmediterrania.com\/es\/producto\/pintemgaudi_es\/#primaryimage\"},\"image\":{\"@id\":\"https:\/\/editorialmediterrania.com\/es\/producto\/pintemgaudi_es\/#primaryimage\"},\"thumbnailUrl\":\"https:\/\/editorialmediterrania.com\/wp-content\/uploads\/2013\/02\/Pintem-Gaudi1.jpg\",\"datePublished\":\"2013-02-07T11:10:12+00:00\",\"dateModified\":\"2015-08-11T19:16:45+00:00\",\"description\":\"Editorial Mediterr\u00e0nia acerca a los ni\u00f1os un libro para conocer de cerca a Gaud\u00ed pintando sus obras. Con los dibujos de la ilustradora Pilarin Bay\u00e9s.\",\"breadcrumb\":{\"@id\":\"https:\/\/editorialmediterrania.com\/es\/producto\/pintemgaudi_es\/#breadcrumb\"},\"inLanguage\":\"es\",\"potentialAction\":[{\"@type\":\"ReadAction\",\"target\":[\"https:\/\/editorialmediterrania.com\/es\/producto\/pintemgaudi_es\/\"]}]},{\"@type\":\"ImageObject\",\"inLanguage\":\"es\",\"@id\":\"https:\/\/editorialmediterrania.com\/es\/producto\/pintemgaudi_es\/#primaryimage\",\"url\":\"https:\/\/editorialmediterrania.com\/wp-content\/uploads\/2013\/02\/Pintem-Gaudi1.jpg\",\"contentUrl\":\"https:\/\/editorialmediterrania.com\/wp-content\/uploads\/2013\/02\/Pintem-Gaudi1.jpg\",\"width\":400,\"height\":403,\"caption\":\"Pintem-Gaudi - Editorial Mediterr\u00e0nia\"},{\"@type\":\"BreadcrumbList\",\"@id\":\"https:\/\/editorialmediterrania.com\/es\/producto\/pintemgaudi_es\/#breadcrumb\",\"itemListElement\":[{\"@type\":\"ListItem\",\"position\":1,\"name\":\"Tienda de libros infantiles de arte\",\"item\":\"https:\/\/editorialmediterrania.com\/es\/tienda-de-libros-infantiles-arte\/\"},{\"@type\":\"ListItem\",\"position\":2,\"name\":\"Pintem! Gaud\u00ed\"}]},{\"@type\":\"WebSite\",\"@id\":\"https:\/\/editorialmediterrania.com\/es\/#website\",\"url\":\"https:\/\/editorialmediterrania.com\/es\/\",\"name\":\"Editorial Mediterrania\",\"description\":\"Llibres que t\u2019obriran nous mons\",\"publisher\":{\"@id\":\"https:\/\/editorialmediterrania.com\/es\/#organization\"},\"alternateName\":\"Llibres infantils d'art, cultura i natura\",\"potentialAction\":[{\"@type\":\"SearchAction\",\"target\":{\"@type\":\"EntryPoint\",\"urlTemplate\":\"https:\/\/editorialmediterrania.com\/es\/?s={search_term_string}\"},\"query-input\":\"required name=search_term_string\"}],\"inLanguage\":\"es\"},{\"@type\":\"Organization\",\"@id\":\"https:\/\/editorialmediterrania.com\/es\/#organization\",\"name\":\"Editorial Mediterrania\",\"alternateName\":\"Llibres d'art, cultura i natura per infants i fam\u00edlies\",\"url\":\"https:\/\/editorialmediterrania.com\/es\/\",\"logo\":{\"@type\":\"ImageObject\",\"inLanguage\":\"es\",\"@id\":\"https:\/\/editorialmediterrania.com\/es\/#\/schema\/logo\/image\/\",\"url\":\"https:\/\/editorialmediterrania.com\/wp-content\/uploads\/2023\/03\/LOGO-ED_MEDITERRANIA_OK-2.png\",\"contentUrl\":\"https:\/\/editorialmediterrania.com\/wp-content\/uploads\/2023\/03\/LOGO-ED_MEDITERRANIA_OK-2.png\",\"width\":1200,\"height\":300,\"caption\":\"Editorial Mediterrania\"},\"image\":{\"@id\":\"https:\/\/editorialmediterrania.com\/es\/#\/schema\/logo\/image\/\"},\"sameAs\":[\"https:\/\/x.com\/edmediterrania\",\"https:\/\/www.instagram.com\/editorialmediterrania\/\"]}]}<\/script>\n<!-- \/ Yoast SEO plugin. -->","yoast_head_json":{"title":"Gaud\u00ed de cerca para los ni\u00f1os: \u00a1Pintemos! - Editorial Mediterrania","description":"Editorial Mediterr\u00e0nia acerca a los ni\u00f1os un libro para conocer de cerca a Gaud\u00ed pintando sus obras. Con los dibujos de la ilustradora Pilarin Bay\u00e9s.","robots":{"index":"index","follow":"follow","max-snippet":"max-snippet:-1","max-image-preview":"max-image-preview:large","max-video-preview":"max-video-preview:-1"},"canonical":"https:\/\/editorialmediterrania.com\/es\/producto\/pintemgaudi_es\/","og_locale":"es_ES","og_type":"article","og_title":"Gaud\u00ed de cerca para los ni\u00f1os: \u00a1Pintemos! - Editorial Mediterrania","og_description":"Editorial Mediterr\u00e0nia acerca a los ni\u00f1os un libro para conocer de cerca a Gaud\u00ed pintando sus obras. Con los dibujos de la ilustradora Pilarin Bay\u00e9s.","og_url":"https:\/\/editorialmediterrania.com\/es\/producto\/pintemgaudi_es\/","og_site_name":"Editorial Mediterr\u00e0nia","article_modified_time":"2015-08-11T19:16:45+00:00","og_image":[{"width":400,"height":403,"url":"https:\/\/editorialmediterrania.com\/wp-content\/uploads\/2013\/02\/Pintem-Gaudi1.jpg","type":"image\/jpeg"}],"twitter_card":"summary_large_image","twitter_site":"@edmediterrania","schema":{"@context":"https:\/\/schema.org","@graph":[{"@type":"WebPage","@id":"https:\/\/editorialmediterrania.com\/es\/producto\/pintemgaudi_es\/","url":"https:\/\/editorialmediterrania.com\/es\/producto\/pintemgaudi_es\/","name":"Gaud\u00ed de cerca para los ni\u00f1os: \u00a1Pintemos! - Editorial Mediterrania","isPartOf":{"@id":"https:\/\/editorialmediterrania.com\/es\/#website"},"primaryImageOfPage":{"@id":"https:\/\/editorialmediterrania.com\/es\/producto\/pintemgaudi_es\/#primaryimage"},"image":{"@id":"https:\/\/editorialmediterrania.com\/es\/producto\/pintemgaudi_es\/#primaryimage"},"thumbnailUrl":"https:\/\/editorialmediterrania.com\/wp-content\/uploads\/2013\/02\/Pintem-Gaudi1.jpg","datePublished":"2013-02-07T11:10:12+00:00","dateModified":"2015-08-11T19:16:45+00:00","description":"Editorial Mediterr\u00e0nia acerca a los ni\u00f1os un libro para conocer de cerca a Gaud\u00ed pintando sus obras. Con los dibujos de la ilustradora Pilarin Bay\u00e9s.","breadcrumb":{"@id":"https:\/\/editorialmediterrania.com\/es\/producto\/pintemgaudi_es\/#breadcrumb"},"inLanguage":"es","potentialAction":[{"@type":"ReadAction","target":["https:\/\/editorialmediterrania.com\/es\/producto\/pintemgaudi_es\/"]}]},{"@type":"ImageObject","inLanguage":"es","@id":"https:\/\/editorialmediterrania.com\/es\/producto\/pintemgaudi_es\/#primaryimage","url":"https:\/\/editorialmediterrania.com\/wp-content\/uploads\/2013\/02\/Pintem-Gaudi1.jpg","contentUrl":"https:\/\/editorialmediterrania.com\/wp-content\/uploads\/2013\/02\/Pintem-Gaudi1.jpg","width":400,"height":403,"caption":"Pintem-Gaudi - Editorial Mediterr\u00e0nia"},{"@type":"BreadcrumbList","@id":"https:\/\/editorialmediterrania.com\/es\/producto\/pintemgaudi_es\/#breadcrumb","itemListElement":[{"@type":"ListItem","position":1,"name":"Tienda de libros infantiles de arte","item":"https:\/\/editorialmediterrania.com\/es\/tienda-de-libros-infantiles-arte\/"},{"@type":"ListItem","position":2,"name":"Pintem! Gaud\u00ed"}]},{"@type":"WebSite","@id":"https:\/\/editorialmediterrania.com\/es\/#website","url":"https:\/\/editorialmediterrania.com\/es\/","name":"Editorial Mediterrania","description":"Llibres que t\u2019obriran nous mons","publisher":{"@id":"https:\/\/editorialmediterrania.com\/es\/#organization"},"alternateName":"Llibres infantils d'art, cultura i natura","potentialAction":[{"@type":"SearchAction","target":{"@type":"EntryPoint","urlTemplate":"https:\/\/editorialmediterrania.com\/es\/?s={search_term_string}"},"query-input":"required name=search_term_string"}],"inLanguage":"es"},{"@type":"Organization","@id":"https:\/\/editorialmediterrania.com\/es\/#organization","name":"Editorial Mediterrania","alternateName":"Llibres d'art, cultura i natura per infants i fam\u00edlies","url":"https:\/\/editorialmediterrania.com\/es\/","logo":{"@type":"ImageObject","inLanguage":"es","@id":"https:\/\/editorialmediterrania.com\/es\/#\/schema\/logo\/image\/","url":"https:\/\/editorialmediterrania.com\/wp-content\/uploads\/2023\/03\/LOGO-ED_MEDITERRANIA_OK-2.png","contentUrl":"https:\/\/editorialmediterrania.com\/wp-content\/uploads\/2023\/03\/LOGO-ED_MEDITERRANIA_OK-2.png","width":1200,"height":300,"caption":"Editorial Mediterrania"},"image":{"@id":"https:\/\/editorialmediterrania.com\/es\/#\/schema\/logo\/image\/"},"sameAs":["https:\/\/x.com\/edmediterrania","https:\/\/www.instagram.com\/editorialmediterrania\/"]}]}},"_links":{"self":[{"href":"https:\/\/editorialmediterrania.com\/es\/wp-json\/wp\/v2\/product\/5571","targetHints":{"allow":["GET"]}}],"collection":[{"href":"https:\/\/editorialmediterrania.com\/es\/wp-json\/wp\/v2\/product"}],"about":[{"href":"https:\/\/editorialmediterrania.com\/es\/wp-json\/wp\/v2\/types\/product"}],"wp:featuredmedia":[{"embeddable":true,"href":"https:\/\/editorialmediterrania.com\/es\/wp-json\/wp\/v2\/media\/27174"}],"wp:attachment":[{"href":"https:\/\/editorialmediterrania.com\/es\/wp-json\/wp\/v2\/media?parent=5571"}],"wp:term":[{"taxonomy":"product_cat","embeddable":true,"href":"https:\/\/editorialmediterrania.com\/es\/wp-json\/wp\/v2\/product_cat?post=5571"},{"taxonomy":"product_tag","embeddable":true,"href":"https:\/\/editorialmediterrania.com\/es\/wp-json\/wp\/v2\/product_tag?post=5571"},{"taxonomy":"autors","embeddable":true,"href":"https:\/\/editorialmediterrania.com\/es\/wp-json\/wp\/v2\/autors?post=5571"}],"curies":[{"name":"wp","href":"https:\/\/api.w.org\/{rel}","templated":true}]}}