{"id":560,"date":"2012-11-19T21:54:47","date_gmt":"2012-11-19T21:54:47","guid":{"rendered":"http:\/\/mediterrania.adgency.es\/producto\/producto\/subirachs-a-montserrat-2\/"},"modified":"2015-07-22T10:02:14","modified_gmt":"2015-07-22T08:02:14","slug":"subirachs-a-montserrat","status":"publish","type":"product","link":"https:\/\/editorialmediterrania.com\/es\/producto\/subirachs-a-montserrat\/","title":{"rendered":"Subirachs a Montserrat"},"content":{"rendered":"<p lang=\"ca-ES\" style=\"text-align: justify;\" align=\"JUSTIFY\">Este volumen cataloga las obras que el famoso escultor catal\u00e1n hizo en la abad\u00eda de Montserrat, donde se ve su evoluci\u00f3n del arte m\u00e1s abstracto hasta la nueva figuraci\u00f3n, pasando por el estilo mediterr\u00e1neo y el expresionismo. Incluye fotograf\u00edas de archivo acompa\u00f1adas de comentarios que ayudan a la comprensi\u00f3n de las obras m\u00e1s importantes de Subirachs en Montserrat.<\/p>\n","protected":false},"excerpt":{"rendered":"<p>Este volumen cataloga las obras que el famoso escultor catal\u00e1n hizo en la abad\u00eda de Montserrat, donde se ve su evoluci\u00f3n del arte m\u00e1s abstracto hasta la nueva figuraci\u00f3n, pasando por el estilo mediterr\u00e1neo y el expresionismo. Incluye fotograf\u00edas de archivo acompa\u00f1adas de comentarios que ayudan a la comprensi\u00f3n de las obras m\u00e1s importantes de [&hellip;]<\/p>\n","protected":false},"featured_media":18548,"template":"","meta":[],"product_cat":[3350,198],"product_tag":[],"autors":[],"class_list":{"0":"post-560","1":"product","2":"type-product","3":"status-publish","4":"has-post-thumbnail","6":"product_cat-mediterrania-productes","7":"product_cat-arte-adulto","9":"first","10":"instock","11":"purchasable","12":"product-type-simple","swatches":"rey-swatches","show_selected":""},"acf":[],"yoast_head":"<!-- This site is optimized with the Yoast SEO plugin v22.8 - https:\/\/yoast.com\/wordpress\/plugins\/seo\/ -->\n<title>Subirachs a Montserrat - Editorial Mediterrania<\/title>\n<meta name=\"description\" content=\"Obras del escultor Josep M. Subirachs en la abad\u00eda de Montserrat desde el arte abstracto, a la nueva figuraci\u00f3n o el expresionismo.\" \/>\n<meta name=\"robots\" content=\"index, follow, max-snippet:-1, max-image-preview:large, max-video-preview:-1\" \/>\n<link rel=\"canonical\" href=\"https:\/\/editorialmediterrania.com\/es\/producto\/subirachs-a-montserrat\/\" \/>\n<meta property=\"og:locale\" content=\"es_ES\" \/>\n<meta property=\"og:type\" content=\"article\" \/>\n<meta property=\"og:title\" content=\"Subirachs a Montserrat - Editorial Mediterrania\" \/>\n<meta property=\"og:description\" content=\"Obras del escultor Josep M. Subirachs en la abad\u00eda de Montserrat desde el arte abstracto, a la nueva figuraci\u00f3n o el expresionismo.\" \/>\n<meta property=\"og:url\" content=\"https:\/\/editorialmediterrania.com\/es\/producto\/subirachs-a-montserrat\/\" \/>\n<meta property=\"og:site_name\" content=\"Editorial Mediterr\u00e0nia\" \/>\n<meta property=\"article:modified_time\" content=\"2015-07-22T08:02:14+00:00\" \/>\n<meta property=\"og:image\" content=\"https:\/\/editorialmediterrania.com\/wp-content\/uploads\/2012\/11\/Subirachs-a-Montserrat.jpg\" \/>\n\t<meta property=\"og:image:width\" content=\"600\" \/>\n\t<meta property=\"og:image:height\" content=\"836\" \/>\n\t<meta property=\"og:image:type\" content=\"image\/jpeg\" \/>\n<meta name=\"twitter:card\" content=\"summary_large_image\" \/>\n<meta name=\"twitter:site\" content=\"@edmediterrania\" \/>\n<script type=\"application\/ld+json\" class=\"yoast-schema-graph\">{\"@context\":\"https:\/\/schema.org\",\"@graph\":[{\"@type\":\"WebPage\",\"@id\":\"https:\/\/editorialmediterrania.com\/es\/producto\/subirachs-a-montserrat\/\",\"url\":\"https:\/\/editorialmediterrania.com\/es\/producto\/subirachs-a-montserrat\/\",\"name\":\"Subirachs a Montserrat - Editorial Mediterrania\",\"isPartOf\":{\"@id\":\"https:\/\/editorialmediterrania.com\/es\/#website\"},\"primaryImageOfPage\":{\"@id\":\"https:\/\/editorialmediterrania.com\/es\/producto\/subirachs-a-montserrat\/#primaryimage\"},\"image\":{\"@id\":\"https:\/\/editorialmediterrania.com\/es\/producto\/subirachs-a-montserrat\/#primaryimage\"},\"thumbnailUrl\":\"https:\/\/editorialmediterrania.com\/wp-content\/uploads\/2012\/11\/Subirachs-a-Montserrat.jpg\",\"datePublished\":\"2012-11-19T21:54:47+00:00\",\"dateModified\":\"2015-07-22T08:02:14+00:00\",\"description\":\"Obras del escultor Josep M. Subirachs en la abad\u00eda de Montserrat desde el arte abstracto, a la nueva figuraci\u00f3n o el expresionismo.\",\"breadcrumb\":{\"@id\":\"https:\/\/editorialmediterrania.com\/es\/producto\/subirachs-a-montserrat\/#breadcrumb\"},\"inLanguage\":\"es\",\"potentialAction\":[{\"@type\":\"ReadAction\",\"target\":[\"https:\/\/editorialmediterrania.com\/es\/producto\/subirachs-a-montserrat\/\"]}]},{\"@type\":\"ImageObject\",\"inLanguage\":\"es\",\"@id\":\"https:\/\/editorialmediterrania.com\/es\/producto\/subirachs-a-montserrat\/#primaryimage\",\"url\":\"https:\/\/editorialmediterrania.com\/wp-content\/uploads\/2012\/11\/Subirachs-a-Montserrat.jpg\",\"contentUrl\":\"https:\/\/editorialmediterrania.com\/wp-content\/uploads\/2012\/11\/Subirachs-a-Montserrat.jpg\",\"width\":600,\"height\":836},{\"@type\":\"BreadcrumbList\",\"@id\":\"https:\/\/editorialmediterrania.com\/es\/producto\/subirachs-a-montserrat\/#breadcrumb\",\"itemListElement\":[{\"@type\":\"ListItem\",\"position\":1,\"name\":\"Tienda de libros infantiles de arte\",\"item\":\"https:\/\/editorialmediterrania.com\/es\/tienda-de-libros-infantiles-arte\/\"},{\"@type\":\"ListItem\",\"position\":2,\"name\":\"Subirachs a Montserrat\"}]},{\"@type\":\"WebSite\",\"@id\":\"https:\/\/editorialmediterrania.com\/es\/#website\",\"url\":\"https:\/\/editorialmediterrania.com\/es\/\",\"name\":\"Editorial Mediterrania\",\"description\":\"Llibres que t\u2019obriran nous mons\",\"publisher\":{\"@id\":\"https:\/\/editorialmediterrania.com\/es\/#organization\"},\"alternateName\":\"Llibres infantils d'art, cultura i natura\",\"potentialAction\":[{\"@type\":\"SearchAction\",\"target\":{\"@type\":\"EntryPoint\",\"urlTemplate\":\"https:\/\/editorialmediterrania.com\/es\/?s={search_term_string}\"},\"query-input\":\"required name=search_term_string\"}],\"inLanguage\":\"es\"},{\"@type\":\"Organization\",\"@id\":\"https:\/\/editorialmediterrania.com\/es\/#organization\",\"name\":\"Editorial Mediterrania\",\"alternateName\":\"Llibres d'art, cultura i natura per infants i fam\u00edlies\",\"url\":\"https:\/\/editorialmediterrania.com\/es\/\",\"logo\":{\"@type\":\"ImageObject\",\"inLanguage\":\"es\",\"@id\":\"https:\/\/editorialmediterrania.com\/es\/#\/schema\/logo\/image\/\",\"url\":\"https:\/\/editorialmediterrania.com\/wp-content\/uploads\/2023\/03\/LOGO-ED_MEDITERRANIA_OK-2.png\",\"contentUrl\":\"https:\/\/editorialmediterrania.com\/wp-content\/uploads\/2023\/03\/LOGO-ED_MEDITERRANIA_OK-2.png\",\"width\":1200,\"height\":300,\"caption\":\"Editorial Mediterrania\"},\"image\":{\"@id\":\"https:\/\/editorialmediterrania.com\/es\/#\/schema\/logo\/image\/\"},\"sameAs\":[\"https:\/\/x.com\/edmediterrania\",\"https:\/\/www.instagram.com\/editorialmediterrania\/\"]}]}<\/script>\n<!-- \/ Yoast SEO plugin. -->","yoast_head_json":{"title":"Subirachs a Montserrat - Editorial Mediterrania","description":"Obras del escultor Josep M. Subirachs en la abad\u00eda de Montserrat desde el arte abstracto, a la nueva figuraci\u00f3n o el expresionismo.","robots":{"index":"index","follow":"follow","max-snippet":"max-snippet:-1","max-image-preview":"max-image-preview:large","max-video-preview":"max-video-preview:-1"},"canonical":"https:\/\/editorialmediterrania.com\/es\/producto\/subirachs-a-montserrat\/","og_locale":"es_ES","og_type":"article","og_title":"Subirachs a Montserrat - Editorial Mediterrania","og_description":"Obras del escultor Josep M. Subirachs en la abad\u00eda de Montserrat desde el arte abstracto, a la nueva figuraci\u00f3n o el expresionismo.","og_url":"https:\/\/editorialmediterrania.com\/es\/producto\/subirachs-a-montserrat\/","og_site_name":"Editorial Mediterr\u00e0nia","article_modified_time":"2015-07-22T08:02:14+00:00","og_image":[{"width":600,"height":836,"url":"https:\/\/editorialmediterrania.com\/wp-content\/uploads\/2012\/11\/Subirachs-a-Montserrat.jpg","type":"image\/jpeg"}],"twitter_card":"summary_large_image","twitter_site":"@edmediterrania","schema":{"@context":"https:\/\/schema.org","@graph":[{"@type":"WebPage","@id":"https:\/\/editorialmediterrania.com\/es\/producto\/subirachs-a-montserrat\/","url":"https:\/\/editorialmediterrania.com\/es\/producto\/subirachs-a-montserrat\/","name":"Subirachs a Montserrat - Editorial Mediterrania","isPartOf":{"@id":"https:\/\/editorialmediterrania.com\/es\/#website"},"primaryImageOfPage":{"@id":"https:\/\/editorialmediterrania.com\/es\/producto\/subirachs-a-montserrat\/#primaryimage"},"image":{"@id":"https:\/\/editorialmediterrania.com\/es\/producto\/subirachs-a-montserrat\/#primaryimage"},"thumbnailUrl":"https:\/\/editorialmediterrania.com\/wp-content\/uploads\/2012\/11\/Subirachs-a-Montserrat.jpg","datePublished":"2012-11-19T21:54:47+00:00","dateModified":"2015-07-22T08:02:14+00:00","description":"Obras del escultor Josep M. Subirachs en la abad\u00eda de Montserrat desde el arte abstracto, a la nueva figuraci\u00f3n o el expresionismo.","breadcrumb":{"@id":"https:\/\/editorialmediterrania.com\/es\/producto\/subirachs-a-montserrat\/#breadcrumb"},"inLanguage":"es","potentialAction":[{"@type":"ReadAction","target":["https:\/\/editorialmediterrania.com\/es\/producto\/subirachs-a-montserrat\/"]}]},{"@type":"ImageObject","inLanguage":"es","@id":"https:\/\/editorialmediterrania.com\/es\/producto\/subirachs-a-montserrat\/#primaryimage","url":"https:\/\/editorialmediterrania.com\/wp-content\/uploads\/2012\/11\/Subirachs-a-Montserrat.jpg","contentUrl":"https:\/\/editorialmediterrania.com\/wp-content\/uploads\/2012\/11\/Subirachs-a-Montserrat.jpg","width":600,"height":836},{"@type":"BreadcrumbList","@id":"https:\/\/editorialmediterrania.com\/es\/producto\/subirachs-a-montserrat\/#breadcrumb","itemListElement":[{"@type":"ListItem","position":1,"name":"Tienda de libros infantiles de arte","item":"https:\/\/editorialmediterrania.com\/es\/tienda-de-libros-infantiles-arte\/"},{"@type":"ListItem","position":2,"name":"Subirachs a Montserrat"}]},{"@type":"WebSite","@id":"https:\/\/editorialmediterrania.com\/es\/#website","url":"https:\/\/editorialmediterrania.com\/es\/","name":"Editorial Mediterrania","description":"Llibres que t\u2019obriran nous mons","publisher":{"@id":"https:\/\/editorialmediterrania.com\/es\/#organization"},"alternateName":"Llibres infantils d'art, cultura i natura","potentialAction":[{"@type":"SearchAction","target":{"@type":"EntryPoint","urlTemplate":"https:\/\/editorialmediterrania.com\/es\/?s={search_term_string}"},"query-input":"required name=search_term_string"}],"inLanguage":"es"},{"@type":"Organization","@id":"https:\/\/editorialmediterrania.com\/es\/#organization","name":"Editorial Mediterrania","alternateName":"Llibres d'art, cultura i natura per infants i fam\u00edlies","url":"https:\/\/editorialmediterrania.com\/es\/","logo":{"@type":"ImageObject","inLanguage":"es","@id":"https:\/\/editorialmediterrania.com\/es\/#\/schema\/logo\/image\/","url":"https:\/\/editorialmediterrania.com\/wp-content\/uploads\/2023\/03\/LOGO-ED_MEDITERRANIA_OK-2.png","contentUrl":"https:\/\/editorialmediterrania.com\/wp-content\/uploads\/2023\/03\/LOGO-ED_MEDITERRANIA_OK-2.png","width":1200,"height":300,"caption":"Editorial Mediterrania"},"image":{"@id":"https:\/\/editorialmediterrania.com\/es\/#\/schema\/logo\/image\/"},"sameAs":["https:\/\/x.com\/edmediterrania","https:\/\/www.instagram.com\/editorialmediterrania\/"]}]}},"_links":{"self":[{"href":"https:\/\/editorialmediterrania.com\/es\/wp-json\/wp\/v2\/product\/560","targetHints":{"allow":["GET"]}}],"collection":[{"href":"https:\/\/editorialmediterrania.com\/es\/wp-json\/wp\/v2\/product"}],"about":[{"href":"https:\/\/editorialmediterrania.com\/es\/wp-json\/wp\/v2\/types\/product"}],"wp:featuredmedia":[{"embeddable":true,"href":"https:\/\/editorialmediterrania.com\/es\/wp-json\/wp\/v2\/media\/18548"}],"wp:attachment":[{"href":"https:\/\/editorialmediterrania.com\/es\/wp-json\/wp\/v2\/media?parent=560"}],"wp:term":[{"taxonomy":"product_cat","embeddable":true,"href":"https:\/\/editorialmediterrania.com\/es\/wp-json\/wp\/v2\/product_cat?post=560"},{"taxonomy":"product_tag","embeddable":true,"href":"https:\/\/editorialmediterrania.com\/es\/wp-json\/wp\/v2\/product_tag?post=560"},{"taxonomy":"autors","embeddable":true,"href":"https:\/\/editorialmediterrania.com\/es\/wp-json\/wp\/v2\/autors?post=560"}],"curies":[{"name":"wp","href":"https:\/\/api.w.org\/{rel}","templated":true}]}}