{"id":563,"date":"2012-11-19T22:07:14","date_gmt":"2012-11-19T22:07:14","guid":{"rendered":"http:\/\/mediterrania.adgency.es\/producto\/producto\/subirachs-a-catalunya-obra-en-espais-publics-2\/"},"modified":"2025-02-25T11:53:14","modified_gmt":"2025-02-25T10:53:14","slug":"subirachs-a-catalunya-obra-en-espais-publics","status":"publish","type":"product","link":"https:\/\/editorialmediterrania.com\/es\/producto\/subirachs-a-catalunya-obra-en-espais-publics\/","title":{"rendered":"Subirachs a Catalunya: obra en espais p\u00fablics"},"content":{"rendered":"<p lang=\"ca-ES\" style=\"text-align: justify;\" align=\"JUSTIFY\">Este volumen recoge, de manera casi exhaustiva, obras de Josep M. Subirachs ubicadas en lugares p\u00fablicos de Catalu\u00f1a. El recorrido por todo este conjunto de obras no s\u00f3lo nos muestra la evoluci\u00f3n estil\u00edstica de su creador, sino que tambi\u00e9n nos descubre que las tipolog\u00edas, los materiales y las t\u00e9cnicas escogidas en cada caso han aiso muy meditadas, ya que el escultor dedica la misma atenci\u00f3n a una obra aparentemente sencilla que a una obra monumental.<\/p>\n<p>&nbsp;<\/p>\n","protected":false},"excerpt":{"rendered":"<p>Este volumen recoge, de manera casi exhaustiva, obras de Josep M. Subirachs ubicadas en lugares p\u00fablicos de Catalu\u00f1a. El recorrido por todo este conjunto de obras no s\u00f3lo nos muestra la evoluci\u00f3n estil\u00edstica de su creador, sino que tambi\u00e9n nos descubre que las tipolog\u00edas, los materiales y las t\u00e9cnicas escogidas en cada caso han aiso [&hellip;]<\/p>\n","protected":false},"featured_media":18534,"template":"","meta":[],"product_cat":[3350,198],"product_tag":[],"autors":[],"class_list":{"0":"post-563","1":"product","2":"type-product","3":"status-publish","4":"has-post-thumbnail","6":"product_cat-mediterrania-productes","7":"product_cat-arte-adulto","9":"first","10":"instock","11":"purchasable","12":"product-type-simple","swatches":"rey-swatches","show_selected":""},"acf":[],"yoast_head":"<!-- This site is optimized with the Yoast SEO plugin v22.8 - https:\/\/yoast.com\/wordpress\/plugins\/seo\/ -->\n<title>Subirachs a Catalunya: obra en espais p\u00fablics - Editorial Mediterrania<\/title>\n<meta name=\"description\" content=\"Recopilatorio de la obra de Subirachs en espacios p\u00fablicos de Catalu\u00f1a.\" \/>\n<meta name=\"robots\" content=\"index, follow, max-snippet:-1, max-image-preview:large, max-video-preview:-1\" \/>\n<link rel=\"canonical\" href=\"https:\/\/editorialmediterrania.com\/es\/producto\/subirachs-a-catalunya-obra-en-espais-publics\/\" \/>\n<meta property=\"og:locale\" content=\"es_ES\" \/>\n<meta property=\"og:type\" content=\"article\" \/>\n<meta property=\"og:title\" content=\"Subirachs a Catalunya: obra en espais p\u00fablics - Editorial Mediterrania\" \/>\n<meta property=\"og:description\" content=\"Recopilatorio de la obra de Subirachs en espacios p\u00fablicos de Catalu\u00f1a.\" \/>\n<meta property=\"og:url\" content=\"https:\/\/editorialmediterrania.com\/es\/producto\/subirachs-a-catalunya-obra-en-espais-publics\/\" \/>\n<meta property=\"og:site_name\" content=\"Editorial Mediterr\u00e0nia\" \/>\n<meta property=\"article:modified_time\" content=\"2025-02-25T10:53:14+00:00\" \/>\n<meta property=\"og:image\" content=\"https:\/\/editorialmediterrania.com\/wp-content\/uploads\/2012\/11\/Subirachs-a-Catalunya-obra.en-espais-publics.jpg\" \/>\n\t<meta property=\"og:image:width\" content=\"600\" \/>\n\t<meta property=\"og:image:height\" content=\"724\" \/>\n\t<meta property=\"og:image:type\" content=\"image\/jpeg\" \/>\n<meta name=\"twitter:card\" content=\"summary_large_image\" \/>\n<meta name=\"twitter:site\" content=\"@edmediterrania\" \/>\n<script type=\"application\/ld+json\" class=\"yoast-schema-graph\">{\"@context\":\"https:\/\/schema.org\",\"@graph\":[{\"@type\":\"WebPage\",\"@id\":\"https:\/\/editorialmediterrania.com\/es\/producto\/subirachs-a-catalunya-obra-en-espais-publics\/\",\"url\":\"https:\/\/editorialmediterrania.com\/es\/producto\/subirachs-a-catalunya-obra-en-espais-publics\/\",\"name\":\"Subirachs a Catalunya: obra en espais p\u00fablics - Editorial Mediterrania\",\"isPartOf\":{\"@id\":\"https:\/\/editorialmediterrania.com\/es\/#website\"},\"primaryImageOfPage\":{\"@id\":\"https:\/\/editorialmediterrania.com\/es\/producto\/subirachs-a-catalunya-obra-en-espais-publics\/#primaryimage\"},\"image\":{\"@id\":\"https:\/\/editorialmediterrania.com\/es\/producto\/subirachs-a-catalunya-obra-en-espais-publics\/#primaryimage\"},\"thumbnailUrl\":\"https:\/\/editorialmediterrania.com\/wp-content\/uploads\/2012\/11\/Subirachs-a-Catalunya-obra.en-espais-publics.jpg\",\"datePublished\":\"2012-11-19T22:07:14+00:00\",\"dateModified\":\"2025-02-25T10:53:14+00:00\",\"description\":\"Recopilatorio de la obra de Subirachs en espacios p\u00fablicos de Catalu\u00f1a.\",\"breadcrumb\":{\"@id\":\"https:\/\/editorialmediterrania.com\/es\/producto\/subirachs-a-catalunya-obra-en-espais-publics\/#breadcrumb\"},\"inLanguage\":\"es\",\"potentialAction\":[{\"@type\":\"ReadAction\",\"target\":[\"https:\/\/editorialmediterrania.com\/es\/producto\/subirachs-a-catalunya-obra-en-espais-publics\/\"]}]},{\"@type\":\"ImageObject\",\"inLanguage\":\"es\",\"@id\":\"https:\/\/editorialmediterrania.com\/es\/producto\/subirachs-a-catalunya-obra-en-espais-publics\/#primaryimage\",\"url\":\"https:\/\/editorialmediterrania.com\/wp-content\/uploads\/2012\/11\/Subirachs-a-Catalunya-obra.en-espais-publics.jpg\",\"contentUrl\":\"https:\/\/editorialmediterrania.com\/wp-content\/uploads\/2012\/11\/Subirachs-a-Catalunya-obra.en-espais-publics.jpg\",\"width\":600,\"height\":724},{\"@type\":\"BreadcrumbList\",\"@id\":\"https:\/\/editorialmediterrania.com\/es\/producto\/subirachs-a-catalunya-obra-en-espais-publics\/#breadcrumb\",\"itemListElement\":[{\"@type\":\"ListItem\",\"position\":1,\"name\":\"Tienda de libros infantiles de arte\",\"item\":\"https:\/\/editorialmediterrania.com\/es\/tienda-de-libros-infantiles-arte\/\"},{\"@type\":\"ListItem\",\"position\":2,\"name\":\"Subirachs a Catalunya: obra en espais p\u00fablics\"}]},{\"@type\":\"WebSite\",\"@id\":\"https:\/\/editorialmediterrania.com\/es\/#website\",\"url\":\"https:\/\/editorialmediterrania.com\/es\/\",\"name\":\"Editorial Mediterrania\",\"description\":\"Llibres que t\u2019obriran nous mons\",\"publisher\":{\"@id\":\"https:\/\/editorialmediterrania.com\/es\/#organization\"},\"alternateName\":\"Llibres infantils d'art, cultura i natura\",\"potentialAction\":[{\"@type\":\"SearchAction\",\"target\":{\"@type\":\"EntryPoint\",\"urlTemplate\":\"https:\/\/editorialmediterrania.com\/es\/?s={search_term_string}\"},\"query-input\":\"required name=search_term_string\"}],\"inLanguage\":\"es\"},{\"@type\":\"Organization\",\"@id\":\"https:\/\/editorialmediterrania.com\/es\/#organization\",\"name\":\"Editorial Mediterrania\",\"alternateName\":\"Llibres d'art, cultura i natura per infants i fam\u00edlies\",\"url\":\"https:\/\/editorialmediterrania.com\/es\/\",\"logo\":{\"@type\":\"ImageObject\",\"inLanguage\":\"es\",\"@id\":\"https:\/\/editorialmediterrania.com\/es\/#\/schema\/logo\/image\/\",\"url\":\"https:\/\/editorialmediterrania.com\/wp-content\/uploads\/2023\/03\/LOGO-ED_MEDITERRANIA_OK-2.png\",\"contentUrl\":\"https:\/\/editorialmediterrania.com\/wp-content\/uploads\/2023\/03\/LOGO-ED_MEDITERRANIA_OK-2.png\",\"width\":1200,\"height\":300,\"caption\":\"Editorial Mediterrania\"},\"image\":{\"@id\":\"https:\/\/editorialmediterrania.com\/es\/#\/schema\/logo\/image\/\"},\"sameAs\":[\"https:\/\/x.com\/edmediterrania\",\"https:\/\/www.instagram.com\/editorialmediterrania\/\"]}]}<\/script>\n<!-- \/ Yoast SEO plugin. -->","yoast_head_json":{"title":"Subirachs a Catalunya: obra en espais p\u00fablics - Editorial Mediterrania","description":"Recopilatorio de la obra de Subirachs en espacios p\u00fablicos de Catalu\u00f1a.","robots":{"index":"index","follow":"follow","max-snippet":"max-snippet:-1","max-image-preview":"max-image-preview:large","max-video-preview":"max-video-preview:-1"},"canonical":"https:\/\/editorialmediterrania.com\/es\/producto\/subirachs-a-catalunya-obra-en-espais-publics\/","og_locale":"es_ES","og_type":"article","og_title":"Subirachs a Catalunya: obra en espais p\u00fablics - Editorial Mediterrania","og_description":"Recopilatorio de la obra de Subirachs en espacios p\u00fablicos de Catalu\u00f1a.","og_url":"https:\/\/editorialmediterrania.com\/es\/producto\/subirachs-a-catalunya-obra-en-espais-publics\/","og_site_name":"Editorial Mediterr\u00e0nia","article_modified_time":"2025-02-25T10:53:14+00:00","og_image":[{"width":600,"height":724,"url":"https:\/\/editorialmediterrania.com\/wp-content\/uploads\/2012\/11\/Subirachs-a-Catalunya-obra.en-espais-publics.jpg","type":"image\/jpeg"}],"twitter_card":"summary_large_image","twitter_site":"@edmediterrania","schema":{"@context":"https:\/\/schema.org","@graph":[{"@type":"WebPage","@id":"https:\/\/editorialmediterrania.com\/es\/producto\/subirachs-a-catalunya-obra-en-espais-publics\/","url":"https:\/\/editorialmediterrania.com\/es\/producto\/subirachs-a-catalunya-obra-en-espais-publics\/","name":"Subirachs a Catalunya: obra en espais p\u00fablics - Editorial Mediterrania","isPartOf":{"@id":"https:\/\/editorialmediterrania.com\/es\/#website"},"primaryImageOfPage":{"@id":"https:\/\/editorialmediterrania.com\/es\/producto\/subirachs-a-catalunya-obra-en-espais-publics\/#primaryimage"},"image":{"@id":"https:\/\/editorialmediterrania.com\/es\/producto\/subirachs-a-catalunya-obra-en-espais-publics\/#primaryimage"},"thumbnailUrl":"https:\/\/editorialmediterrania.com\/wp-content\/uploads\/2012\/11\/Subirachs-a-Catalunya-obra.en-espais-publics.jpg","datePublished":"2012-11-19T22:07:14+00:00","dateModified":"2025-02-25T10:53:14+00:00","description":"Recopilatorio de la obra de Subirachs en espacios p\u00fablicos de Catalu\u00f1a.","breadcrumb":{"@id":"https:\/\/editorialmediterrania.com\/es\/producto\/subirachs-a-catalunya-obra-en-espais-publics\/#breadcrumb"},"inLanguage":"es","potentialAction":[{"@type":"ReadAction","target":["https:\/\/editorialmediterrania.com\/es\/producto\/subirachs-a-catalunya-obra-en-espais-publics\/"]}]},{"@type":"ImageObject","inLanguage":"es","@id":"https:\/\/editorialmediterrania.com\/es\/producto\/subirachs-a-catalunya-obra-en-espais-publics\/#primaryimage","url":"https:\/\/editorialmediterrania.com\/wp-content\/uploads\/2012\/11\/Subirachs-a-Catalunya-obra.en-espais-publics.jpg","contentUrl":"https:\/\/editorialmediterrania.com\/wp-content\/uploads\/2012\/11\/Subirachs-a-Catalunya-obra.en-espais-publics.jpg","width":600,"height":724},{"@type":"BreadcrumbList","@id":"https:\/\/editorialmediterrania.com\/es\/producto\/subirachs-a-catalunya-obra-en-espais-publics\/#breadcrumb","itemListElement":[{"@type":"ListItem","position":1,"name":"Tienda de libros infantiles de arte","item":"https:\/\/editorialmediterrania.com\/es\/tienda-de-libros-infantiles-arte\/"},{"@type":"ListItem","position":2,"name":"Subirachs a Catalunya: obra en espais p\u00fablics"}]},{"@type":"WebSite","@id":"https:\/\/editorialmediterrania.com\/es\/#website","url":"https:\/\/editorialmediterrania.com\/es\/","name":"Editorial Mediterrania","description":"Llibres que t\u2019obriran nous mons","publisher":{"@id":"https:\/\/editorialmediterrania.com\/es\/#organization"},"alternateName":"Llibres infantils d'art, cultura i natura","potentialAction":[{"@type":"SearchAction","target":{"@type":"EntryPoint","urlTemplate":"https:\/\/editorialmediterrania.com\/es\/?s={search_term_string}"},"query-input":"required name=search_term_string"}],"inLanguage":"es"},{"@type":"Organization","@id":"https:\/\/editorialmediterrania.com\/es\/#organization","name":"Editorial Mediterrania","alternateName":"Llibres d'art, cultura i natura per infants i fam\u00edlies","url":"https:\/\/editorialmediterrania.com\/es\/","logo":{"@type":"ImageObject","inLanguage":"es","@id":"https:\/\/editorialmediterrania.com\/es\/#\/schema\/logo\/image\/","url":"https:\/\/editorialmediterrania.com\/wp-content\/uploads\/2023\/03\/LOGO-ED_MEDITERRANIA_OK-2.png","contentUrl":"https:\/\/editorialmediterrania.com\/wp-content\/uploads\/2023\/03\/LOGO-ED_MEDITERRANIA_OK-2.png","width":1200,"height":300,"caption":"Editorial Mediterrania"},"image":{"@id":"https:\/\/editorialmediterrania.com\/es\/#\/schema\/logo\/image\/"},"sameAs":["https:\/\/x.com\/edmediterrania","https:\/\/www.instagram.com\/editorialmediterrania\/"]}]}},"_links":{"self":[{"href":"https:\/\/editorialmediterrania.com\/es\/wp-json\/wp\/v2\/product\/563","targetHints":{"allow":["GET"]}}],"collection":[{"href":"https:\/\/editorialmediterrania.com\/es\/wp-json\/wp\/v2\/product"}],"about":[{"href":"https:\/\/editorialmediterrania.com\/es\/wp-json\/wp\/v2\/types\/product"}],"wp:featuredmedia":[{"embeddable":true,"href":"https:\/\/editorialmediterrania.com\/es\/wp-json\/wp\/v2\/media\/18534"}],"wp:attachment":[{"href":"https:\/\/editorialmediterrania.com\/es\/wp-json\/wp\/v2\/media?parent=563"}],"wp:term":[{"taxonomy":"product_cat","embeddable":true,"href":"https:\/\/editorialmediterrania.com\/es\/wp-json\/wp\/v2\/product_cat?post=563"},{"taxonomy":"product_tag","embeddable":true,"href":"https:\/\/editorialmediterrania.com\/es\/wp-json\/wp\/v2\/product_tag?post=563"},{"taxonomy":"autors","embeddable":true,"href":"https:\/\/editorialmediterrania.com\/es\/wp-json\/wp\/v2\/autors?post=563"}],"curies":[{"name":"wp","href":"https:\/\/api.w.org\/{rel}","templated":true}]}}