{"id":5677,"date":"2013-04-15T18:05:39","date_gmt":"2013-04-15T16:05:39","guid":{"rendered":"http:\/\/editorialmediterrania.cat\/product\/producto\/petita-historia-de-salvador-espriu-2\/"},"modified":"2015-08-20T21:32:44","modified_gmt":"2015-08-20T19:32:44","slug":"petita-historia-de-salvador-espriu","status":"publish","type":"product","link":"https:\/\/editorialmediterrania.com\/es\/producto\/petita-historia-de-salvador-espriu\/","title":{"rendered":"Petita hist\u00f2ria de Salvador Espriu"},"content":{"rendered":"<address>\u00a0<\/address>\n<p style=\"text-align: justify;\">Salvador Espriu i Castell\u00f3 es uno de los autores m\u00e1s insignes de las letras catalanas. Helena Barba, autora de esta <a title=\"pequenas historias pilarin bayes\" href=\"http:\/\/editorialmediterrania.cat\/es\/colleccions\/infantil-y-juvenil\/pequenas-historias\" target=\"_blank\">Peque\u00f1a historia<\/a>, nos explica vida y obra literaria de un autor del que se conmemora en 2013 el centenario de su nacimiento. Las ilustraciones de <a title=\"Pilar\u00edn Bay\u00e9s\" href=\"http:\/\/editorialmediterrania.cat\/es\/pilarin-bayes\/\" target=\"_blank\">Pilar\u00edn Bay\u00e9s<\/a> enriquecen un volumen que acerca a grandes y peque\u00f1os la figura de un genio catal\u00e1n.<\/p>\n<p>La<a title=\"pequenas historias pilarin bayes\" href=\"http:\/\/editorialmediterrania.cat\/es\/colleccions\/infantil-y-juvenil\/pequenas-historias\" target=\"_blank\"><strong> colecci\u00f3n Peque\u00f1as historias<\/strong><\/a> cuenta ya con alrededor de 300 t\u00edtulos que se han convertido en una buena excusa para compartir en familia nuestra cultura. Una manera amena de explicar a los m\u00e1s peque\u00f1os qui\u00e9nes somos, c\u00f3mo somos y de d\u00f3nde venimos.<\/p>\n","protected":false},"excerpt":{"rendered":"<p><strong>Salvador Espriu i Castell\u00f3<\/strong> es uno de los autores m\u00e1s insignes de las letras catalanas. <strong>Helena Barba<\/strong>, autora de esta <a title=\"pequenas historias pilarin bayes\" href=\"http:\/\/editorialmediterrania.cat\/es\/colleccions\/infantil-y-juvenil\/pequenas-historias\" target=\"_blank\">Peque\u00f1a historia<\/a>, nos explica vida y obra literaria de un autor del que se conmemora en 2013 el centenario de su nacimiento. Las ilustraciones de <a title=\"Pilar\u00edn Bay\u00e9s\" href=\"http:\/\/editorialmediterrania.cat\/es\/pilarin-bayes\/\" target=\"_blank\"><strong>Pilar\u00edn Bay\u00e9s<\/strong><\/a> enriquecen un volumen que acerca a grandes y peque\u00f1os la figura de un genio catal\u00e1n.<\/p>\n","protected":false},"featured_media":22601,"template":"","meta":[],"product_cat":[30,103],"product_tag":[6057,6017,393,6058,6001,396],"autors":[],"class_list":{"0":"post-5677","1":"product","2":"type-product","3":"status-publish","4":"has-post-thumbnail","6":"product_cat-editorial-mediterrania","7":"product_cat-pequenas-historias","8":"product_tag-contes-es","9":"product_tag-contes-infantils-es","10":"product_tag-libro-infantil-es","11":"product_tag-llibre-de-contes-es","12":"product_tag-llibres-infantils-es","13":"product_tag-pilarin-bayes-es","15":"first","16":"outofstock","17":"purchasable","18":"product-type-simple","swatches":"rey-swatches","show_selected":""},"acf":[],"yoast_head":"<!-- This site is optimized with the Yoast SEO plugin v22.8 - https:\/\/yoast.com\/wordpress\/plugins\/seo\/ -->\n<title>Petita Hist\u00f2ria de Salvador Espriu. Editorial Mediterr\u00e0nia<\/title>\n<meta name=\"description\" content=\"La &quot;Petita hist\u00f2ria de Savador Espriu&quot; acerca a mayores y peque\u00f1os la figura de este genio catal\u00e1n con las ilustraciones de Pilar\u00edn Bay\u00e9s.\" \/>\n<meta name=\"robots\" content=\"index, follow, max-snippet:-1, max-image-preview:large, max-video-preview:-1\" \/>\n<link rel=\"canonical\" href=\"https:\/\/editorialmediterrania.com\/es\/producto\/petita-historia-de-salvador-espriu\/\" \/>\n<meta property=\"og:locale\" content=\"es_ES\" \/>\n<meta property=\"og:type\" content=\"article\" \/>\n<meta property=\"og:title\" content=\"Petita Hist\u00f2ria de Salvador Espriu. Editorial Mediterr\u00e0nia\" \/>\n<meta property=\"og:description\" content=\"La &quot;Petita hist\u00f2ria de Savador Espriu&quot; acerca a mayores y peque\u00f1os la figura de este genio catal\u00e1n con las ilustraciones de Pilar\u00edn Bay\u00e9s.\" \/>\n<meta property=\"og:url\" content=\"https:\/\/editorialmediterrania.com\/es\/producto\/petita-historia-de-salvador-espriu\/\" \/>\n<meta property=\"og:site_name\" content=\"Editorial Mediterr\u00e0nia\" \/>\n<meta property=\"article:modified_time\" content=\"2015-08-20T19:32:44+00:00\" \/>\n<meta property=\"og:image\" content=\"https:\/\/editorialmediterrania.com\/wp-content\/uploads\/2013\/04\/Petita-Historia-de-Salvador-Espriu.jpg\" \/>\n\t<meta property=\"og:image:width\" content=\"600\" \/>\n\t<meta property=\"og:image:height\" content=\"649\" \/>\n\t<meta property=\"og:image:type\" content=\"image\/jpeg\" \/>\n<meta name=\"twitter:card\" content=\"summary_large_image\" \/>\n<meta name=\"twitter:site\" content=\"@edmediterrania\" \/>\n<meta name=\"twitter:label1\" content=\"Tiempo de lectura\" \/>\n\t<meta name=\"twitter:data1\" content=\"1 minuto\" \/>\n<script type=\"application\/ld+json\" class=\"yoast-schema-graph\">{\"@context\":\"https:\/\/schema.org\",\"@graph\":[{\"@type\":\"WebPage\",\"@id\":\"https:\/\/editorialmediterrania.com\/es\/producto\/petita-historia-de-salvador-espriu\/\",\"url\":\"https:\/\/editorialmediterrania.com\/es\/producto\/petita-historia-de-salvador-espriu\/\",\"name\":\"Petita Hist\u00f2ria de Salvador Espriu. Editorial Mediterr\u00e0nia\",\"isPartOf\":{\"@id\":\"https:\/\/editorialmediterrania.com\/es\/#website\"},\"primaryImageOfPage\":{\"@id\":\"https:\/\/editorialmediterrania.com\/es\/producto\/petita-historia-de-salvador-espriu\/#primaryimage\"},\"image\":{\"@id\":\"https:\/\/editorialmediterrania.com\/es\/producto\/petita-historia-de-salvador-espriu\/#primaryimage\"},\"thumbnailUrl\":\"https:\/\/editorialmediterrania.com\/wp-content\/uploads\/2013\/04\/Petita-Historia-de-Salvador-Espriu.jpg\",\"datePublished\":\"2013-04-15T16:05:39+00:00\",\"dateModified\":\"2015-08-20T19:32:44+00:00\",\"description\":\"La \\\"Petita hist\u00f2ria de Savador Espriu\\\" acerca a mayores y peque\u00f1os la figura de este genio catal\u00e1n con las ilustraciones de Pilar\u00edn Bay\u00e9s.\",\"breadcrumb\":{\"@id\":\"https:\/\/editorialmediterrania.com\/es\/producto\/petita-historia-de-salvador-espriu\/#breadcrumb\"},\"inLanguage\":\"es\",\"potentialAction\":[{\"@type\":\"ReadAction\",\"target\":[\"https:\/\/editorialmediterrania.com\/es\/producto\/petita-historia-de-salvador-espriu\/\"]}]},{\"@type\":\"ImageObject\",\"inLanguage\":\"es\",\"@id\":\"https:\/\/editorialmediterrania.com\/es\/producto\/petita-historia-de-salvador-espriu\/#primaryimage\",\"url\":\"https:\/\/editorialmediterrania.com\/wp-content\/uploads\/2013\/04\/Petita-Historia-de-Salvador-Espriu.jpg\",\"contentUrl\":\"https:\/\/editorialmediterrania.com\/wp-content\/uploads\/2013\/04\/Petita-Historia-de-Salvador-Espriu.jpg\",\"width\":600,\"height\":649,\"caption\":\"Petita hist\u00f2ria de Salvador Espriu - Editorial Mediterr\u00e0nia\"},{\"@type\":\"BreadcrumbList\",\"@id\":\"https:\/\/editorialmediterrania.com\/es\/producto\/petita-historia-de-salvador-espriu\/#breadcrumb\",\"itemListElement\":[{\"@type\":\"ListItem\",\"position\":1,\"name\":\"Tienda de libros infantiles de arte\",\"item\":\"https:\/\/editorialmediterrania.com\/es\/tienda-de-libros-infantiles-arte\/\"},{\"@type\":\"ListItem\",\"position\":2,\"name\":\"Petita hist\u00f2ria de Salvador Espriu\"}]},{\"@type\":\"WebSite\",\"@id\":\"https:\/\/editorialmediterrania.com\/es\/#website\",\"url\":\"https:\/\/editorialmediterrania.com\/es\/\",\"name\":\"Editorial Mediterrania\",\"description\":\"Llibres que t\u2019obriran nous mons\",\"publisher\":{\"@id\":\"https:\/\/editorialmediterrania.com\/es\/#organization\"},\"alternateName\":\"Llibres infantils d'art, cultura i natura\",\"potentialAction\":[{\"@type\":\"SearchAction\",\"target\":{\"@type\":\"EntryPoint\",\"urlTemplate\":\"https:\/\/editorialmediterrania.com\/es\/?s={search_term_string}\"},\"query-input\":\"required name=search_term_string\"}],\"inLanguage\":\"es\"},{\"@type\":\"Organization\",\"@id\":\"https:\/\/editorialmediterrania.com\/es\/#organization\",\"name\":\"Editorial Mediterrania\",\"alternateName\":\"Llibres d'art, cultura i natura per infants i fam\u00edlies\",\"url\":\"https:\/\/editorialmediterrania.com\/es\/\",\"logo\":{\"@type\":\"ImageObject\",\"inLanguage\":\"es\",\"@id\":\"https:\/\/editorialmediterrania.com\/es\/#\/schema\/logo\/image\/\",\"url\":\"https:\/\/editorialmediterrania.com\/wp-content\/uploads\/2023\/03\/LOGO-ED_MEDITERRANIA_OK-2.png\",\"contentUrl\":\"https:\/\/editorialmediterrania.com\/wp-content\/uploads\/2023\/03\/LOGO-ED_MEDITERRANIA_OK-2.png\",\"width\":1200,\"height\":300,\"caption\":\"Editorial Mediterrania\"},\"image\":{\"@id\":\"https:\/\/editorialmediterrania.com\/es\/#\/schema\/logo\/image\/\"},\"sameAs\":[\"https:\/\/x.com\/edmediterrania\",\"https:\/\/www.instagram.com\/editorialmediterrania\/\"]}]}<\/script>\n<!-- \/ Yoast SEO plugin. -->","yoast_head_json":{"title":"Petita Hist\u00f2ria de Salvador Espriu. Editorial Mediterr\u00e0nia","description":"La \"Petita hist\u00f2ria de Savador Espriu\" acerca a mayores y peque\u00f1os la figura de este genio catal\u00e1n con las ilustraciones de Pilar\u00edn Bay\u00e9s.","robots":{"index":"index","follow":"follow","max-snippet":"max-snippet:-1","max-image-preview":"max-image-preview:large","max-video-preview":"max-video-preview:-1"},"canonical":"https:\/\/editorialmediterrania.com\/es\/producto\/petita-historia-de-salvador-espriu\/","og_locale":"es_ES","og_type":"article","og_title":"Petita Hist\u00f2ria de Salvador Espriu. Editorial Mediterr\u00e0nia","og_description":"La \"Petita hist\u00f2ria de Savador Espriu\" acerca a mayores y peque\u00f1os la figura de este genio catal\u00e1n con las ilustraciones de Pilar\u00edn Bay\u00e9s.","og_url":"https:\/\/editorialmediterrania.com\/es\/producto\/petita-historia-de-salvador-espriu\/","og_site_name":"Editorial Mediterr\u00e0nia","article_modified_time":"2015-08-20T19:32:44+00:00","og_image":[{"width":600,"height":649,"url":"https:\/\/editorialmediterrania.com\/wp-content\/uploads\/2013\/04\/Petita-Historia-de-Salvador-Espriu.jpg","type":"image\/jpeg"}],"twitter_card":"summary_large_image","twitter_site":"@edmediterrania","twitter_misc":{"Tiempo de lectura":"1 minuto"},"schema":{"@context":"https:\/\/schema.org","@graph":[{"@type":"WebPage","@id":"https:\/\/editorialmediterrania.com\/es\/producto\/petita-historia-de-salvador-espriu\/","url":"https:\/\/editorialmediterrania.com\/es\/producto\/petita-historia-de-salvador-espriu\/","name":"Petita Hist\u00f2ria de Salvador Espriu. Editorial Mediterr\u00e0nia","isPartOf":{"@id":"https:\/\/editorialmediterrania.com\/es\/#website"},"primaryImageOfPage":{"@id":"https:\/\/editorialmediterrania.com\/es\/producto\/petita-historia-de-salvador-espriu\/#primaryimage"},"image":{"@id":"https:\/\/editorialmediterrania.com\/es\/producto\/petita-historia-de-salvador-espriu\/#primaryimage"},"thumbnailUrl":"https:\/\/editorialmediterrania.com\/wp-content\/uploads\/2013\/04\/Petita-Historia-de-Salvador-Espriu.jpg","datePublished":"2013-04-15T16:05:39+00:00","dateModified":"2015-08-20T19:32:44+00:00","description":"La \"Petita hist\u00f2ria de Savador Espriu\" acerca a mayores y peque\u00f1os la figura de este genio catal\u00e1n con las ilustraciones de Pilar\u00edn Bay\u00e9s.","breadcrumb":{"@id":"https:\/\/editorialmediterrania.com\/es\/producto\/petita-historia-de-salvador-espriu\/#breadcrumb"},"inLanguage":"es","potentialAction":[{"@type":"ReadAction","target":["https:\/\/editorialmediterrania.com\/es\/producto\/petita-historia-de-salvador-espriu\/"]}]},{"@type":"ImageObject","inLanguage":"es","@id":"https:\/\/editorialmediterrania.com\/es\/producto\/petita-historia-de-salvador-espriu\/#primaryimage","url":"https:\/\/editorialmediterrania.com\/wp-content\/uploads\/2013\/04\/Petita-Historia-de-Salvador-Espriu.jpg","contentUrl":"https:\/\/editorialmediterrania.com\/wp-content\/uploads\/2013\/04\/Petita-Historia-de-Salvador-Espriu.jpg","width":600,"height":649,"caption":"Petita hist\u00f2ria de Salvador Espriu - Editorial Mediterr\u00e0nia"},{"@type":"BreadcrumbList","@id":"https:\/\/editorialmediterrania.com\/es\/producto\/petita-historia-de-salvador-espriu\/#breadcrumb","itemListElement":[{"@type":"ListItem","position":1,"name":"Tienda de libros infantiles de arte","item":"https:\/\/editorialmediterrania.com\/es\/tienda-de-libros-infantiles-arte\/"},{"@type":"ListItem","position":2,"name":"Petita hist\u00f2ria de Salvador Espriu"}]},{"@type":"WebSite","@id":"https:\/\/editorialmediterrania.com\/es\/#website","url":"https:\/\/editorialmediterrania.com\/es\/","name":"Editorial Mediterrania","description":"Llibres que t\u2019obriran nous mons","publisher":{"@id":"https:\/\/editorialmediterrania.com\/es\/#organization"},"alternateName":"Llibres infantils d'art, cultura i natura","potentialAction":[{"@type":"SearchAction","target":{"@type":"EntryPoint","urlTemplate":"https:\/\/editorialmediterrania.com\/es\/?s={search_term_string}"},"query-input":"required name=search_term_string"}],"inLanguage":"es"},{"@type":"Organization","@id":"https:\/\/editorialmediterrania.com\/es\/#organization","name":"Editorial Mediterrania","alternateName":"Llibres d'art, cultura i natura per infants i fam\u00edlies","url":"https:\/\/editorialmediterrania.com\/es\/","logo":{"@type":"ImageObject","inLanguage":"es","@id":"https:\/\/editorialmediterrania.com\/es\/#\/schema\/logo\/image\/","url":"https:\/\/editorialmediterrania.com\/wp-content\/uploads\/2023\/03\/LOGO-ED_MEDITERRANIA_OK-2.png","contentUrl":"https:\/\/editorialmediterrania.com\/wp-content\/uploads\/2023\/03\/LOGO-ED_MEDITERRANIA_OK-2.png","width":1200,"height":300,"caption":"Editorial Mediterrania"},"image":{"@id":"https:\/\/editorialmediterrania.com\/es\/#\/schema\/logo\/image\/"},"sameAs":["https:\/\/x.com\/edmediterrania","https:\/\/www.instagram.com\/editorialmediterrania\/"]}]}},"_links":{"self":[{"href":"https:\/\/editorialmediterrania.com\/es\/wp-json\/wp\/v2\/product\/5677","targetHints":{"allow":["GET"]}}],"collection":[{"href":"https:\/\/editorialmediterrania.com\/es\/wp-json\/wp\/v2\/product"}],"about":[{"href":"https:\/\/editorialmediterrania.com\/es\/wp-json\/wp\/v2\/types\/product"}],"wp:featuredmedia":[{"embeddable":true,"href":"https:\/\/editorialmediterrania.com\/es\/wp-json\/wp\/v2\/media\/22601"}],"wp:attachment":[{"href":"https:\/\/editorialmediterrania.com\/es\/wp-json\/wp\/v2\/media?parent=5677"}],"wp:term":[{"taxonomy":"product_cat","embeddable":true,"href":"https:\/\/editorialmediterrania.com\/es\/wp-json\/wp\/v2\/product_cat?post=5677"},{"taxonomy":"product_tag","embeddable":true,"href":"https:\/\/editorialmediterrania.com\/es\/wp-json\/wp\/v2\/product_tag?post=5677"},{"taxonomy":"autors","embeddable":true,"href":"https:\/\/editorialmediterrania.com\/es\/wp-json\/wp\/v2\/autors?post=5677"}],"curies":[{"name":"wp","href":"https:\/\/api.w.org\/{rel}","templated":true}]}}