{"id":6074,"date":"2013-05-16T15:27:26","date_gmt":"2013-05-16T13:27:26","guid":{"rendered":"http:\/\/editorialmediterrania.cat\/product\/producto\/petita-historia-tren-soller-2\/"},"modified":"2019-07-03T13:39:39","modified_gmt":"2019-07-03T11:39:39","slug":"petita-historia-tren-soller","status":"publish","type":"product","link":"https:\/\/editorialmediterrania.com\/es\/producto\/petita-historia-tren-soller\/","title":{"rendered":"Peque\u00f1a historia del tren de S\u00f3ller"},"content":{"rendered":"<p style=\"text-align: justify;\">Esta peque\u00f1a historia viaja a Mallorca para conocer sobre el terreno el hist\u00f3rico y todav\u00eda activo tren de S\u00f3ller. En este caso las ilustraciones de Pilar\u00edn Bay\u00e9s se acompa\u00f1an del texto del periodista y escritor balear Sebasti\u00e0 Bennasar.<\/p>\n<p style=\"text-align: justify;\">\u00abJo\u00e3o estaba en el and\u00e9n de la estaci\u00f3n del tren de S\u00f3ller, en Palma, y estaba inquieto. \u2014\u00bfPap\u00e1, hay muchos t\u00faneles en el tren? \u2014Me parece que s\u00ed. Tienes que pensar que el pueblo de S\u00f3ller est\u00e1 en el otro lado de la Serra d\u2019Alf\u00e0bia, que forma parte de la Serra de Tramuntana, y los trenes, para poder pasar las monta\u00f1as, normalmente lo han de hacer a trav\u00e9s de ellas. \u00bfQuieres saber exactamente la cantidad?\u00bb<\/p>\n<p style=\"text-align: justify;\">As\u00ed se inicia esta nueva peque\u00f1a historia que viaja a Mallorca para conocer sobre el terreno el hist\u00f3rico y todav\u00eda activo tren de S\u00f3ller.<\/p>\n","protected":false},"excerpt":{"rendered":"<p>Esta peque\u00f1a historia viaja a Mallorca para conocer sobre el terreno el hist\u00f3rico y todav\u00eda activo tren de S\u00f3ller. En este caso las ilustraciones de Pilar\u00edn Bay\u00e9s se acompa\u00f1an del texto del periodista y escritor balear Sebasti\u00e0 Bennasar. \u00abJo\u00e3o estaba en el and\u00e9n de la estaci\u00f3n del tren de S\u00f3ller, en Palma, y estaba inquieto. [&hellip;]<\/p>\n","protected":false},"featured_media":41316,"template":"","meta":[],"product_cat":[30,103],"product_tag":[6057,6017,6018,6001],"autors":[],"class_list":{"0":"post-6074","1":"product","2":"type-product","3":"status-publish","4":"has-post-thumbnail","6":"product_cat-editorial-mediterrania","7":"product_cat-pequenas-historias","8":"product_tag-contes-es","9":"product_tag-contes-infantils-es","10":"product_tag-contes-per-nens-es","11":"product_tag-llibres-infantils-es","13":"first","14":"instock","15":"purchasable","16":"product-type-variable","swatches":"rey-swatches","show_selected":""},"acf":[],"yoast_head":"<!-- This site is optimized with the Yoast SEO plugin v22.8 - https:\/\/yoast.com\/wordpress\/plugins\/seo\/ -->\n<title>Peque\u00f1a historia del tren de S\u00f3ller. Editorial Mediterr\u00e0nia<\/title>\n<meta name=\"description\" content=\"La &quot;Peque\u00f1a historia del tren de S\u00f3ller&quot; viaja a Mallorca para conocer el hist\u00f3rico y todav\u00eda activo tren de S\u00f3ller, con ilustraciones de Pilar\u00edn Bay\u00e9s\" \/>\n<meta name=\"robots\" content=\"index, follow, max-snippet:-1, max-image-preview:large, max-video-preview:-1\" \/>\n<link rel=\"canonical\" href=\"https:\/\/editorialmediterrania.com\/es\/producto\/petita-historia-tren-soller\/\" \/>\n<meta property=\"og:locale\" content=\"es_ES\" \/>\n<meta property=\"og:type\" content=\"article\" \/>\n<meta property=\"og:title\" content=\"Peque\u00f1a historia del tren de S\u00f3ller. Editorial Mediterr\u00e0nia\" \/>\n<meta property=\"og:description\" content=\"La &quot;Peque\u00f1a historia del tren de S\u00f3ller&quot; viaja a Mallorca para conocer el hist\u00f3rico y todav\u00eda activo tren de S\u00f3ller, con ilustraciones de Pilar\u00edn Bay\u00e9s\" \/>\n<meta property=\"og:url\" content=\"https:\/\/editorialmediterrania.com\/es\/producto\/petita-historia-tren-soller\/\" \/>\n<meta property=\"og:site_name\" content=\"Editorial Mediterr\u00e0nia\" \/>\n<meta property=\"article:modified_time\" content=\"2019-07-03T11:39:39+00:00\" \/>\n<meta property=\"og:image\" content=\"https:\/\/editorialmediterrania.com\/wp-content\/uploads\/2013\/05\/tren-soller-ph.jpeg\" \/>\n\t<meta property=\"og:image:width\" content=\"600\" \/>\n\t<meta property=\"og:image:height\" content=\"708\" \/>\n\t<meta property=\"og:image:type\" content=\"image\/jpeg\" \/>\n<meta name=\"twitter:card\" content=\"summary_large_image\" \/>\n<meta name=\"twitter:site\" content=\"@edmediterrania\" \/>\n<meta name=\"twitter:label1\" content=\"Tiempo de lectura\" \/>\n\t<meta name=\"twitter:data1\" content=\"1 minuto\" \/>\n<script type=\"application\/ld+json\" class=\"yoast-schema-graph\">{\"@context\":\"https:\/\/schema.org\",\"@graph\":[{\"@type\":\"WebPage\",\"@id\":\"https:\/\/editorialmediterrania.com\/es\/producto\/petita-historia-tren-soller\/\",\"url\":\"https:\/\/editorialmediterrania.com\/es\/producto\/petita-historia-tren-soller\/\",\"name\":\"Peque\u00f1a historia del tren de S\u00f3ller. Editorial Mediterr\u00e0nia\",\"isPartOf\":{\"@id\":\"https:\/\/editorialmediterrania.com\/es\/#website\"},\"primaryImageOfPage\":{\"@id\":\"https:\/\/editorialmediterrania.com\/es\/producto\/petita-historia-tren-soller\/#primaryimage\"},\"image\":{\"@id\":\"https:\/\/editorialmediterrania.com\/es\/producto\/petita-historia-tren-soller\/#primaryimage\"},\"thumbnailUrl\":\"https:\/\/editorialmediterrania.com\/wp-content\/uploads\/2013\/05\/tren-soller-ph.jpeg\",\"datePublished\":\"2013-05-16T13:27:26+00:00\",\"dateModified\":\"2019-07-03T11:39:39+00:00\",\"description\":\"La \\\"Peque\u00f1a historia del tren de S\u00f3ller\\\" viaja a Mallorca para conocer el hist\u00f3rico y todav\u00eda activo tren de S\u00f3ller, con ilustraciones de Pilar\u00edn Bay\u00e9s\",\"breadcrumb\":{\"@id\":\"https:\/\/editorialmediterrania.com\/es\/producto\/petita-historia-tren-soller\/#breadcrumb\"},\"inLanguage\":\"es\",\"potentialAction\":[{\"@type\":\"ReadAction\",\"target\":[\"https:\/\/editorialmediterrania.com\/es\/producto\/petita-historia-tren-soller\/\"]}]},{\"@type\":\"ImageObject\",\"inLanguage\":\"es\",\"@id\":\"https:\/\/editorialmediterrania.com\/es\/producto\/petita-historia-tren-soller\/#primaryimage\",\"url\":\"https:\/\/editorialmediterrania.com\/wp-content\/uploads\/2013\/05\/tren-soller-ph.jpeg\",\"contentUrl\":\"https:\/\/editorialmediterrania.com\/wp-content\/uploads\/2013\/05\/tren-soller-ph.jpeg\",\"width\":600,\"height\":708},{\"@type\":\"BreadcrumbList\",\"@id\":\"https:\/\/editorialmediterrania.com\/es\/producto\/petita-historia-tren-soller\/#breadcrumb\",\"itemListElement\":[{\"@type\":\"ListItem\",\"position\":1,\"name\":\"Tienda de libros infantiles de arte\",\"item\":\"https:\/\/editorialmediterrania.com\/es\/tienda-de-libros-infantiles-arte\/\"},{\"@type\":\"ListItem\",\"position\":2,\"name\":\"Peque\u00f1a historia del tren de S\u00f3ller\"}]},{\"@type\":\"WebSite\",\"@id\":\"https:\/\/editorialmediterrania.com\/es\/#website\",\"url\":\"https:\/\/editorialmediterrania.com\/es\/\",\"name\":\"Editorial Mediterrania\",\"description\":\"Llibres que t\u2019obriran nous mons\",\"publisher\":{\"@id\":\"https:\/\/editorialmediterrania.com\/es\/#organization\"},\"alternateName\":\"Llibres infantils d'art, cultura i natura\",\"potentialAction\":[{\"@type\":\"SearchAction\",\"target\":{\"@type\":\"EntryPoint\",\"urlTemplate\":\"https:\/\/editorialmediterrania.com\/es\/?s={search_term_string}\"},\"query-input\":\"required name=search_term_string\"}],\"inLanguage\":\"es\"},{\"@type\":\"Organization\",\"@id\":\"https:\/\/editorialmediterrania.com\/es\/#organization\",\"name\":\"Editorial Mediterrania\",\"alternateName\":\"Llibres d'art, cultura i natura per infants i fam\u00edlies\",\"url\":\"https:\/\/editorialmediterrania.com\/es\/\",\"logo\":{\"@type\":\"ImageObject\",\"inLanguage\":\"es\",\"@id\":\"https:\/\/editorialmediterrania.com\/es\/#\/schema\/logo\/image\/\",\"url\":\"https:\/\/editorialmediterrania.com\/wp-content\/uploads\/2023\/03\/LOGO-ED_MEDITERRANIA_OK-2.png\",\"contentUrl\":\"https:\/\/editorialmediterrania.com\/wp-content\/uploads\/2023\/03\/LOGO-ED_MEDITERRANIA_OK-2.png\",\"width\":1200,\"height\":300,\"caption\":\"Editorial Mediterrania\"},\"image\":{\"@id\":\"https:\/\/editorialmediterrania.com\/es\/#\/schema\/logo\/image\/\"},\"sameAs\":[\"https:\/\/x.com\/edmediterrania\",\"https:\/\/www.instagram.com\/editorialmediterrania\/\"]}]}<\/script>\n<!-- \/ Yoast SEO plugin. -->","yoast_head_json":{"title":"Peque\u00f1a historia del tren de S\u00f3ller. Editorial Mediterr\u00e0nia","description":"La \"Peque\u00f1a historia del tren de S\u00f3ller\" viaja a Mallorca para conocer el hist\u00f3rico y todav\u00eda activo tren de S\u00f3ller, con ilustraciones de Pilar\u00edn Bay\u00e9s","robots":{"index":"index","follow":"follow","max-snippet":"max-snippet:-1","max-image-preview":"max-image-preview:large","max-video-preview":"max-video-preview:-1"},"canonical":"https:\/\/editorialmediterrania.com\/es\/producto\/petita-historia-tren-soller\/","og_locale":"es_ES","og_type":"article","og_title":"Peque\u00f1a historia del tren de S\u00f3ller. Editorial Mediterr\u00e0nia","og_description":"La \"Peque\u00f1a historia del tren de S\u00f3ller\" viaja a Mallorca para conocer el hist\u00f3rico y todav\u00eda activo tren de S\u00f3ller, con ilustraciones de Pilar\u00edn Bay\u00e9s","og_url":"https:\/\/editorialmediterrania.com\/es\/producto\/petita-historia-tren-soller\/","og_site_name":"Editorial Mediterr\u00e0nia","article_modified_time":"2019-07-03T11:39:39+00:00","og_image":[{"width":600,"height":708,"url":"https:\/\/editorialmediterrania.com\/wp-content\/uploads\/2013\/05\/tren-soller-ph.jpeg","type":"image\/jpeg"}],"twitter_card":"summary_large_image","twitter_site":"@edmediterrania","twitter_misc":{"Tiempo de lectura":"1 minuto"},"schema":{"@context":"https:\/\/schema.org","@graph":[{"@type":"WebPage","@id":"https:\/\/editorialmediterrania.com\/es\/producto\/petita-historia-tren-soller\/","url":"https:\/\/editorialmediterrania.com\/es\/producto\/petita-historia-tren-soller\/","name":"Peque\u00f1a historia del tren de S\u00f3ller. Editorial Mediterr\u00e0nia","isPartOf":{"@id":"https:\/\/editorialmediterrania.com\/es\/#website"},"primaryImageOfPage":{"@id":"https:\/\/editorialmediterrania.com\/es\/producto\/petita-historia-tren-soller\/#primaryimage"},"image":{"@id":"https:\/\/editorialmediterrania.com\/es\/producto\/petita-historia-tren-soller\/#primaryimage"},"thumbnailUrl":"https:\/\/editorialmediterrania.com\/wp-content\/uploads\/2013\/05\/tren-soller-ph.jpeg","datePublished":"2013-05-16T13:27:26+00:00","dateModified":"2019-07-03T11:39:39+00:00","description":"La \"Peque\u00f1a historia del tren de S\u00f3ller\" viaja a Mallorca para conocer el hist\u00f3rico y todav\u00eda activo tren de S\u00f3ller, con ilustraciones de Pilar\u00edn Bay\u00e9s","breadcrumb":{"@id":"https:\/\/editorialmediterrania.com\/es\/producto\/petita-historia-tren-soller\/#breadcrumb"},"inLanguage":"es","potentialAction":[{"@type":"ReadAction","target":["https:\/\/editorialmediterrania.com\/es\/producto\/petita-historia-tren-soller\/"]}]},{"@type":"ImageObject","inLanguage":"es","@id":"https:\/\/editorialmediterrania.com\/es\/producto\/petita-historia-tren-soller\/#primaryimage","url":"https:\/\/editorialmediterrania.com\/wp-content\/uploads\/2013\/05\/tren-soller-ph.jpeg","contentUrl":"https:\/\/editorialmediterrania.com\/wp-content\/uploads\/2013\/05\/tren-soller-ph.jpeg","width":600,"height":708},{"@type":"BreadcrumbList","@id":"https:\/\/editorialmediterrania.com\/es\/producto\/petita-historia-tren-soller\/#breadcrumb","itemListElement":[{"@type":"ListItem","position":1,"name":"Tienda de libros infantiles de arte","item":"https:\/\/editorialmediterrania.com\/es\/tienda-de-libros-infantiles-arte\/"},{"@type":"ListItem","position":2,"name":"Peque\u00f1a historia del tren de S\u00f3ller"}]},{"@type":"WebSite","@id":"https:\/\/editorialmediterrania.com\/es\/#website","url":"https:\/\/editorialmediterrania.com\/es\/","name":"Editorial Mediterrania","description":"Llibres que t\u2019obriran nous mons","publisher":{"@id":"https:\/\/editorialmediterrania.com\/es\/#organization"},"alternateName":"Llibres infantils d'art, cultura i natura","potentialAction":[{"@type":"SearchAction","target":{"@type":"EntryPoint","urlTemplate":"https:\/\/editorialmediterrania.com\/es\/?s={search_term_string}"},"query-input":"required name=search_term_string"}],"inLanguage":"es"},{"@type":"Organization","@id":"https:\/\/editorialmediterrania.com\/es\/#organization","name":"Editorial Mediterrania","alternateName":"Llibres d'art, cultura i natura per infants i fam\u00edlies","url":"https:\/\/editorialmediterrania.com\/es\/","logo":{"@type":"ImageObject","inLanguage":"es","@id":"https:\/\/editorialmediterrania.com\/es\/#\/schema\/logo\/image\/","url":"https:\/\/editorialmediterrania.com\/wp-content\/uploads\/2023\/03\/LOGO-ED_MEDITERRANIA_OK-2.png","contentUrl":"https:\/\/editorialmediterrania.com\/wp-content\/uploads\/2023\/03\/LOGO-ED_MEDITERRANIA_OK-2.png","width":1200,"height":300,"caption":"Editorial Mediterrania"},"image":{"@id":"https:\/\/editorialmediterrania.com\/es\/#\/schema\/logo\/image\/"},"sameAs":["https:\/\/x.com\/edmediterrania","https:\/\/www.instagram.com\/editorialmediterrania\/"]}]}},"_links":{"self":[{"href":"https:\/\/editorialmediterrania.com\/es\/wp-json\/wp\/v2\/product\/6074","targetHints":{"allow":["GET"]}}],"collection":[{"href":"https:\/\/editorialmediterrania.com\/es\/wp-json\/wp\/v2\/product"}],"about":[{"href":"https:\/\/editorialmediterrania.com\/es\/wp-json\/wp\/v2\/types\/product"}],"wp:featuredmedia":[{"embeddable":true,"href":"https:\/\/editorialmediterrania.com\/es\/wp-json\/wp\/v2\/media\/41316"}],"wp:attachment":[{"href":"https:\/\/editorialmediterrania.com\/es\/wp-json\/wp\/v2\/media?parent=6074"}],"wp:term":[{"taxonomy":"product_cat","embeddable":true,"href":"https:\/\/editorialmediterrania.com\/es\/wp-json\/wp\/v2\/product_cat?post=6074"},{"taxonomy":"product_tag","embeddable":true,"href":"https:\/\/editorialmediterrania.com\/es\/wp-json\/wp\/v2\/product_tag?post=6074"},{"taxonomy":"autors","embeddable":true,"href":"https:\/\/editorialmediterrania.com\/es\/wp-json\/wp\/v2\/autors?post=6074"}],"curies":[{"name":"wp","href":"https:\/\/api.w.org\/{rel}","templated":true}]}}