{"id":6664,"date":"2013-07-12T12:24:15","date_gmt":"2013-07-12T10:24:15","guid":{"rendered":"http:\/\/editorialmediterrania.net\/product\/producto\/altamira-2\/"},"modified":"2021-10-20T09:29:58","modified_gmt":"2021-10-20T07:29:58","slug":"altamira","status":"publish","type":"product","link":"https:\/\/editorialmediterrania.com\/es\/producto\/altamira\/","title":{"rendered":"Un Mar de Historias Altamira"},"content":{"rendered":"<p style=\"text-align: justify;\">Este libro te adentra en la popular Cueva de Altamira, una de las cavidades naturales en la roca donde se conserva uno de los ciclos pict\u00f3ricos y art\u00edsticos m\u00e1s importantes de la Prehistoria. Con textos del popular investigador y profesor Jorge Wagensberg y los maravillosos \u00f3leos de Munn.<\/p>\n<p style=\"text-align: justify;\">\u201cUna tarde de 1868 el labrador Modesto Cubillas se adentr\u00f3 en una de las muchas cuevas que existen en el norte de Espa\u00f1a. O\u00eda gemir a su perro que hab\u00eda quedado atrapado en una grieta cuando persegu\u00eda un conejo y fue tras \u00e9l para ayudarle. Era una gruta muy grande (&#8230;)\u201d.<\/p>\n<p style=\"text-align: justify;\">As\u00ed empieza el tercer t\u00edtulo de la colecci\u00f3n infantil Un mar de historias sobre la popular Cueva de Altamira, una de las cavidades naturales en la roca donde se conserva uno de los ciclos pict\u00f3ricos y art\u00edsticos m\u00e1s importantes de la Prehistoria.<\/p>\n","protected":false},"excerpt":{"rendered":"<p>Este libro te adentra en la popular Cueva de Altamira, una de las cavidades naturales en la roca donde se conserva uno de los ciclos pict\u00f3ricos y art\u00edsticos m\u00e1s importantes de la Prehistoria. Con textos del popular investigador y profesor Jorge Wagensberg y los maravillosos \u00f3leos de Munn. \u201cUna tarde de 1868 el labrador Modesto [&hellip;]<\/p>\n","protected":false},"featured_media":41407,"template":"","meta":[],"product_cat":[30,28],"product_tag":[393],"autors":[],"class_list":{"0":"post-6664","1":"product","2":"type-product","3":"status-publish","4":"has-post-thumbnail","6":"product_cat-editorial-mediterrania","7":"product_cat-arte-en-familia","8":"product_tag-libro-infantil-es","10":"first","11":"instock","12":"purchasable","13":"product-type-variable","14":"has-default-attributes","swatches":"rey-swatches","show_selected":""},"acf":[],"yoast_head":"<!-- This site is optimized with the Yoast SEO plugin v22.8 - https:\/\/yoast.com\/wordpress\/plugins\/seo\/ -->\n<title>Un mar de historias: Altamira. Editorial Mediterr\u00e0nia<\/title>\n<meta name=\"description\" content=\"Altamira presenta a los ni\u00f1os una historia para adentrarse en estas cuevas art\u00edsticas de la prehistoria.\" \/>\n<meta name=\"robots\" content=\"index, follow, max-snippet:-1, max-image-preview:large, max-video-preview:-1\" \/>\n<link rel=\"canonical\" href=\"https:\/\/editorialmediterrania.com\/es\/producto\/altamira\/\" \/>\n<meta property=\"og:locale\" content=\"es_ES\" \/>\n<meta property=\"og:type\" content=\"article\" \/>\n<meta property=\"og:title\" content=\"Un mar de historias: Altamira. Editorial Mediterr\u00e0nia\" \/>\n<meta property=\"og:description\" content=\"Altamira presenta a los ni\u00f1os una historia para adentrarse en estas cuevas art\u00edsticas de la prehistoria.\" \/>\n<meta property=\"og:url\" content=\"https:\/\/editorialmediterrania.com\/es\/producto\/altamira\/\" \/>\n<meta property=\"og:site_name\" content=\"Editorial Mediterr\u00e0nia\" \/>\n<meta property=\"article:modified_time\" content=\"2021-10-20T07:29:58+00:00\" \/>\n<meta property=\"og:image\" content=\"https:\/\/editorialmediterrania.com\/wp-content\/uploads\/2013\/07\/Captura-de-pantalla-2023-05-23-a-les-9.28.32.png\" \/>\n\t<meta property=\"og:image:width\" content=\"918\" \/>\n\t<meta property=\"og:image:height\" content=\"1158\" \/>\n\t<meta property=\"og:image:type\" content=\"image\/png\" \/>\n<meta name=\"twitter:card\" content=\"summary_large_image\" \/>\n<meta name=\"twitter:site\" content=\"@edmediterrania\" \/>\n<meta name=\"twitter:label1\" content=\"Tiempo de lectura\" \/>\n\t<meta name=\"twitter:data1\" content=\"1 minuto\" \/>\n<script type=\"application\/ld+json\" class=\"yoast-schema-graph\">{\"@context\":\"https:\/\/schema.org\",\"@graph\":[{\"@type\":\"WebPage\",\"@id\":\"https:\/\/editorialmediterrania.com\/es\/producto\/altamira\/\",\"url\":\"https:\/\/editorialmediterrania.com\/es\/producto\/altamira\/\",\"name\":\"Un mar de historias: Altamira. Editorial Mediterr\u00e0nia\",\"isPartOf\":{\"@id\":\"https:\/\/editorialmediterrania.com\/es\/#website\"},\"primaryImageOfPage\":{\"@id\":\"https:\/\/editorialmediterrania.com\/es\/producto\/altamira\/#primaryimage\"},\"image\":{\"@id\":\"https:\/\/editorialmediterrania.com\/es\/producto\/altamira\/#primaryimage\"},\"thumbnailUrl\":\"https:\/\/editorialmediterrania.com\/wp-content\/uploads\/2013\/07\/Captura-de-pantalla-2023-05-23-a-les-9.28.32.png\",\"datePublished\":\"2013-07-12T10:24:15+00:00\",\"dateModified\":\"2021-10-20T07:29:58+00:00\",\"description\":\"Altamira presenta a los ni\u00f1os una historia para adentrarse en estas cuevas art\u00edsticas de la prehistoria.\",\"breadcrumb\":{\"@id\":\"https:\/\/editorialmediterrania.com\/es\/producto\/altamira\/#breadcrumb\"},\"inLanguage\":\"es\",\"potentialAction\":[{\"@type\":\"ReadAction\",\"target\":[\"https:\/\/editorialmediterrania.com\/es\/producto\/altamira\/\"]}]},{\"@type\":\"ImageObject\",\"inLanguage\":\"es\",\"@id\":\"https:\/\/editorialmediterrania.com\/es\/producto\/altamira\/#primaryimage\",\"url\":\"https:\/\/editorialmediterrania.com\/wp-content\/uploads\/2013\/07\/Captura-de-pantalla-2023-05-23-a-les-9.28.32.png\",\"contentUrl\":\"https:\/\/editorialmediterrania.com\/wp-content\/uploads\/2013\/07\/Captura-de-pantalla-2023-05-23-a-les-9.28.32.png\",\"width\":918,\"height\":1158},{\"@type\":\"BreadcrumbList\",\"@id\":\"https:\/\/editorialmediterrania.com\/es\/producto\/altamira\/#breadcrumb\",\"itemListElement\":[{\"@type\":\"ListItem\",\"position\":1,\"name\":\"Tienda de libros infantiles de arte\",\"item\":\"https:\/\/editorialmediterrania.com\/es\/tienda-de-libros-infantiles-arte\/\"},{\"@type\":\"ListItem\",\"position\":2,\"name\":\"Un Mar de Historias Altamira\"}]},{\"@type\":\"WebSite\",\"@id\":\"https:\/\/editorialmediterrania.com\/es\/#website\",\"url\":\"https:\/\/editorialmediterrania.com\/es\/\",\"name\":\"Editorial Mediterrania\",\"description\":\"Llibres que t\u2019obriran nous mons\",\"publisher\":{\"@id\":\"https:\/\/editorialmediterrania.com\/es\/#organization\"},\"alternateName\":\"Llibres infantils d'art, cultura i natura\",\"potentialAction\":[{\"@type\":\"SearchAction\",\"target\":{\"@type\":\"EntryPoint\",\"urlTemplate\":\"https:\/\/editorialmediterrania.com\/es\/?s={search_term_string}\"},\"query-input\":\"required name=search_term_string\"}],\"inLanguage\":\"es\"},{\"@type\":\"Organization\",\"@id\":\"https:\/\/editorialmediterrania.com\/es\/#organization\",\"name\":\"Editorial Mediterrania\",\"alternateName\":\"Llibres d'art, cultura i natura per infants i fam\u00edlies\",\"url\":\"https:\/\/editorialmediterrania.com\/es\/\",\"logo\":{\"@type\":\"ImageObject\",\"inLanguage\":\"es\",\"@id\":\"https:\/\/editorialmediterrania.com\/es\/#\/schema\/logo\/image\/\",\"url\":\"https:\/\/editorialmediterrania.com\/wp-content\/uploads\/2023\/03\/LOGO-ED_MEDITERRANIA_OK-2.png\",\"contentUrl\":\"https:\/\/editorialmediterrania.com\/wp-content\/uploads\/2023\/03\/LOGO-ED_MEDITERRANIA_OK-2.png\",\"width\":1200,\"height\":300,\"caption\":\"Editorial Mediterrania\"},\"image\":{\"@id\":\"https:\/\/editorialmediterrania.com\/es\/#\/schema\/logo\/image\/\"},\"sameAs\":[\"https:\/\/x.com\/edmediterrania\",\"https:\/\/www.instagram.com\/editorialmediterrania\/\"]}]}<\/script>\n<!-- \/ Yoast SEO plugin. -->","yoast_head_json":{"title":"Un mar de historias: Altamira. Editorial Mediterr\u00e0nia","description":"Altamira presenta a los ni\u00f1os una historia para adentrarse en estas cuevas art\u00edsticas de la prehistoria.","robots":{"index":"index","follow":"follow","max-snippet":"max-snippet:-1","max-image-preview":"max-image-preview:large","max-video-preview":"max-video-preview:-1"},"canonical":"https:\/\/editorialmediterrania.com\/es\/producto\/altamira\/","og_locale":"es_ES","og_type":"article","og_title":"Un mar de historias: Altamira. Editorial Mediterr\u00e0nia","og_description":"Altamira presenta a los ni\u00f1os una historia para adentrarse en estas cuevas art\u00edsticas de la prehistoria.","og_url":"https:\/\/editorialmediterrania.com\/es\/producto\/altamira\/","og_site_name":"Editorial Mediterr\u00e0nia","article_modified_time":"2021-10-20T07:29:58+00:00","og_image":[{"width":918,"height":1158,"url":"https:\/\/editorialmediterrania.com\/wp-content\/uploads\/2013\/07\/Captura-de-pantalla-2023-05-23-a-les-9.28.32.png","type":"image\/png"}],"twitter_card":"summary_large_image","twitter_site":"@edmediterrania","twitter_misc":{"Tiempo de lectura":"1 minuto"},"schema":{"@context":"https:\/\/schema.org","@graph":[{"@type":"WebPage","@id":"https:\/\/editorialmediterrania.com\/es\/producto\/altamira\/","url":"https:\/\/editorialmediterrania.com\/es\/producto\/altamira\/","name":"Un mar de historias: Altamira. Editorial Mediterr\u00e0nia","isPartOf":{"@id":"https:\/\/editorialmediterrania.com\/es\/#website"},"primaryImageOfPage":{"@id":"https:\/\/editorialmediterrania.com\/es\/producto\/altamira\/#primaryimage"},"image":{"@id":"https:\/\/editorialmediterrania.com\/es\/producto\/altamira\/#primaryimage"},"thumbnailUrl":"https:\/\/editorialmediterrania.com\/wp-content\/uploads\/2013\/07\/Captura-de-pantalla-2023-05-23-a-les-9.28.32.png","datePublished":"2013-07-12T10:24:15+00:00","dateModified":"2021-10-20T07:29:58+00:00","description":"Altamira presenta a los ni\u00f1os una historia para adentrarse en estas cuevas art\u00edsticas de la prehistoria.","breadcrumb":{"@id":"https:\/\/editorialmediterrania.com\/es\/producto\/altamira\/#breadcrumb"},"inLanguage":"es","potentialAction":[{"@type":"ReadAction","target":["https:\/\/editorialmediterrania.com\/es\/producto\/altamira\/"]}]},{"@type":"ImageObject","inLanguage":"es","@id":"https:\/\/editorialmediterrania.com\/es\/producto\/altamira\/#primaryimage","url":"https:\/\/editorialmediterrania.com\/wp-content\/uploads\/2013\/07\/Captura-de-pantalla-2023-05-23-a-les-9.28.32.png","contentUrl":"https:\/\/editorialmediterrania.com\/wp-content\/uploads\/2013\/07\/Captura-de-pantalla-2023-05-23-a-les-9.28.32.png","width":918,"height":1158},{"@type":"BreadcrumbList","@id":"https:\/\/editorialmediterrania.com\/es\/producto\/altamira\/#breadcrumb","itemListElement":[{"@type":"ListItem","position":1,"name":"Tienda de libros infantiles de arte","item":"https:\/\/editorialmediterrania.com\/es\/tienda-de-libros-infantiles-arte\/"},{"@type":"ListItem","position":2,"name":"Un Mar de Historias Altamira"}]},{"@type":"WebSite","@id":"https:\/\/editorialmediterrania.com\/es\/#website","url":"https:\/\/editorialmediterrania.com\/es\/","name":"Editorial Mediterrania","description":"Llibres que t\u2019obriran nous mons","publisher":{"@id":"https:\/\/editorialmediterrania.com\/es\/#organization"},"alternateName":"Llibres infantils d'art, cultura i natura","potentialAction":[{"@type":"SearchAction","target":{"@type":"EntryPoint","urlTemplate":"https:\/\/editorialmediterrania.com\/es\/?s={search_term_string}"},"query-input":"required name=search_term_string"}],"inLanguage":"es"},{"@type":"Organization","@id":"https:\/\/editorialmediterrania.com\/es\/#organization","name":"Editorial Mediterrania","alternateName":"Llibres d'art, cultura i natura per infants i fam\u00edlies","url":"https:\/\/editorialmediterrania.com\/es\/","logo":{"@type":"ImageObject","inLanguage":"es","@id":"https:\/\/editorialmediterrania.com\/es\/#\/schema\/logo\/image\/","url":"https:\/\/editorialmediterrania.com\/wp-content\/uploads\/2023\/03\/LOGO-ED_MEDITERRANIA_OK-2.png","contentUrl":"https:\/\/editorialmediterrania.com\/wp-content\/uploads\/2023\/03\/LOGO-ED_MEDITERRANIA_OK-2.png","width":1200,"height":300,"caption":"Editorial Mediterrania"},"image":{"@id":"https:\/\/editorialmediterrania.com\/es\/#\/schema\/logo\/image\/"},"sameAs":["https:\/\/x.com\/edmediterrania","https:\/\/www.instagram.com\/editorialmediterrania\/"]}]}},"_links":{"self":[{"href":"https:\/\/editorialmediterrania.com\/es\/wp-json\/wp\/v2\/product\/6664","targetHints":{"allow":["GET"]}}],"collection":[{"href":"https:\/\/editorialmediterrania.com\/es\/wp-json\/wp\/v2\/product"}],"about":[{"href":"https:\/\/editorialmediterrania.com\/es\/wp-json\/wp\/v2\/types\/product"}],"wp:featuredmedia":[{"embeddable":true,"href":"https:\/\/editorialmediterrania.com\/es\/wp-json\/wp\/v2\/media\/41407"}],"wp:attachment":[{"href":"https:\/\/editorialmediterrania.com\/es\/wp-json\/wp\/v2\/media?parent=6664"}],"wp:term":[{"taxonomy":"product_cat","embeddable":true,"href":"https:\/\/editorialmediterrania.com\/es\/wp-json\/wp\/v2\/product_cat?post=6664"},{"taxonomy":"product_tag","embeddable":true,"href":"https:\/\/editorialmediterrania.com\/es\/wp-json\/wp\/v2\/product_tag?post=6664"},{"taxonomy":"autors","embeddable":true,"href":"https:\/\/editorialmediterrania.com\/es\/wp-json\/wp\/v2\/autors?post=6664"}],"curies":[{"name":"wp","href":"https:\/\/api.w.org\/{rel}","templated":true}]}}