{"id":6901,"date":"2013-09-18T11:29:55","date_gmt":"2013-09-18T09:29:55","guid":{"rendered":"http:\/\/editorialmediterrania.net\/product\/producto\/petita-historia-de-dali-2\/"},"modified":"2019-07-03T13:39:50","modified_gmt":"2019-07-03T11:39:50","slug":"pequena-historia-de-dali","status":"publish","type":"product","link":"https:\/\/editorialmediterrania.com\/es\/producto\/pequena-historia-de-dali\/","title":{"rendered":"Peque\u00f1a historia de Dal\u00ed"},"content":{"rendered":"<p style=\"text-align: justify;\">La nueva edici\u00f3n actualizada de esta peque\u00f1a historia cuenta a los m\u00e1s peque\u00f1os la vida y obra del artista Salvador Dal\u00ed, con ilustraciones in\u00e9ditas de Pilar\u00edn Bay\u00e9s y redactada de nuevo por la escritora Virg\u00ednia Palomo.<\/p>\n<p style=\"text-align: justify;\">Con Adri\u00e1n y Mina, los dos escolares protagonistas del cuento, descubrimos la nueva &#8216;Peque\u00f1a historia de Dal\u00ed&#8217;, con ilustraciones de Pilar\u00edn Bay\u00e9s y escrita por Virginia Palomo. Una edici\u00f3n que tambi\u00e9n ha sido traducida al ingl\u00e9s, ruso, franc\u00e9s y chino.<\/p>\n<p><strong><a href=\"http:\/\/www.zonaebooks.com\/Consulta-dal%C3%AD-Buscar_Por-Todos\" target=\"_blank\">Comprar ebook<\/a><\/strong><\/p>\n","protected":false},"excerpt":{"rendered":"<p>La nueva edici\u00f3n actualizada de esta peque\u00f1a historia cuenta a los m\u00e1s peque\u00f1os la vida y obra del artista Salvador Dal\u00ed, con ilustraciones in\u00e9ditas de Pilar\u00edn Bay\u00e9s y redactada de nuevo por la escritora Virg\u00ednia Palomo. Con Adri\u00e1n y Mina, los dos escolares protagonistas del cuento, descubrimos la nueva &#8216;Peque\u00f1a historia de Dal\u00ed&#8217;, con ilustraciones [&hellip;]<\/p>\n","protected":false},"featured_media":22462,"template":"","meta":[],"product_cat":[30,103],"product_tag":[6017,393,6009,6001,396],"autors":[],"class_list":{"0":"post-6901","1":"product","2":"type-product","3":"status-publish","4":"has-post-thumbnail","6":"product_cat-editorial-mediterrania","7":"product_cat-pequenas-historias","8":"product_tag-contes-infantils-es","9":"product_tag-libro-infantil-es","10":"product_tag-llibres-il-lustrats-es","11":"product_tag-llibres-infantils-es","12":"product_tag-pilarin-bayes-es","14":"first","15":"instock","16":"purchasable","17":"product-type-variable","18":"has-default-attributes","swatches":"rey-swatches","show_selected":""},"acf":[],"yoast_head":"<!-- This site is optimized with the Yoast SEO plugin v22.8 - https:\/\/yoast.com\/wordpress\/plugins\/seo\/ -->\n<title>Peque\u00f1a historia de Dal\u00ed - Editorial Mediterr\u00e0nia<\/title>\n<meta name=\"description\" content=\"La nueva edici\u00f3n actualizada de esta peque\u00f1a historia cuenta a los m\u00e1s peque\u00f1os la vida y obra del artista Salvador Dal\u00ed, con ilustraciones in\u00e9ditas de Pilar\u00edn Bay\u00e9s y redactada de nuevo por la escritora Virginia Palomo.\" \/>\n<meta name=\"robots\" content=\"index, follow, max-snippet:-1, max-image-preview:large, max-video-preview:-1\" \/>\n<link rel=\"canonical\" href=\"https:\/\/editorialmediterrania.com\/es\/producto\/pequena-historia-de-dali\/\" \/>\n<meta property=\"og:locale\" content=\"es_ES\" \/>\n<meta property=\"og:type\" content=\"article\" \/>\n<meta property=\"og:title\" content=\"Peque\u00f1a historia de Dal\u00ed - Editorial Mediterr\u00e0nia\" \/>\n<meta property=\"og:description\" content=\"La nueva edici\u00f3n actualizada de esta peque\u00f1a historia cuenta a los m\u00e1s peque\u00f1os la vida y obra del artista Salvador Dal\u00ed, con ilustraciones in\u00e9ditas de Pilar\u00edn Bay\u00e9s y redactada de nuevo por la escritora Virginia Palomo.\" \/>\n<meta property=\"og:url\" content=\"https:\/\/editorialmediterrania.com\/es\/producto\/pequena-historia-de-dali\/\" \/>\n<meta property=\"og:site_name\" content=\"Editorial Mediterr\u00e0nia\" \/>\n<meta property=\"article:modified_time\" content=\"2019-07-03T11:39:50+00:00\" \/>\n<meta property=\"og:image\" content=\"https:\/\/editorialmediterrania.com\/wp-content\/uploads\/2013\/09\/Petita-Historia-de-Dali.jpg\" \/>\n\t<meta property=\"og:image:width\" content=\"600\" \/>\n\t<meta property=\"og:image:height\" content=\"706\" \/>\n\t<meta property=\"og:image:type\" content=\"image\/jpeg\" \/>\n<meta name=\"twitter:card\" content=\"summary_large_image\" \/>\n<meta name=\"twitter:site\" content=\"@edmediterrania\" \/>\n<script type=\"application\/ld+json\" class=\"yoast-schema-graph\">{\"@context\":\"https:\/\/schema.org\",\"@graph\":[{\"@type\":\"WebPage\",\"@id\":\"https:\/\/editorialmediterrania.com\/es\/producto\/pequena-historia-de-dali\/\",\"url\":\"https:\/\/editorialmediterrania.com\/es\/producto\/pequena-historia-de-dali\/\",\"name\":\"Peque\u00f1a historia de Dal\u00ed - Editorial Mediterr\u00e0nia\",\"isPartOf\":{\"@id\":\"https:\/\/editorialmediterrania.com\/es\/#website\"},\"primaryImageOfPage\":{\"@id\":\"https:\/\/editorialmediterrania.com\/es\/producto\/pequena-historia-de-dali\/#primaryimage\"},\"image\":{\"@id\":\"https:\/\/editorialmediterrania.com\/es\/producto\/pequena-historia-de-dali\/#primaryimage\"},\"thumbnailUrl\":\"https:\/\/editorialmediterrania.com\/wp-content\/uploads\/2013\/09\/Petita-Historia-de-Dali.jpg\",\"datePublished\":\"2013-09-18T09:29:55+00:00\",\"dateModified\":\"2019-07-03T11:39:50+00:00\",\"description\":\"La nueva edici\u00f3n actualizada de esta peque\u00f1a historia cuenta a los m\u00e1s peque\u00f1os la vida y obra del artista Salvador Dal\u00ed, con ilustraciones in\u00e9ditas de Pilar\u00edn Bay\u00e9s y redactada de nuevo por la escritora Virginia Palomo.\",\"breadcrumb\":{\"@id\":\"https:\/\/editorialmediterrania.com\/es\/producto\/pequena-historia-de-dali\/#breadcrumb\"},\"inLanguage\":\"es\",\"potentialAction\":[{\"@type\":\"ReadAction\",\"target\":[\"https:\/\/editorialmediterrania.com\/es\/producto\/pequena-historia-de-dali\/\"]}]},{\"@type\":\"ImageObject\",\"inLanguage\":\"es\",\"@id\":\"https:\/\/editorialmediterrania.com\/es\/producto\/pequena-historia-de-dali\/#primaryimage\",\"url\":\"https:\/\/editorialmediterrania.com\/wp-content\/uploads\/2013\/09\/Petita-Historia-de-Dali.jpg\",\"contentUrl\":\"https:\/\/editorialmediterrania.com\/wp-content\/uploads\/2013\/09\/Petita-Historia-de-Dali.jpg\",\"width\":600,\"height\":706,\"caption\":\"Petita Hist\u00f2ria Dal\u00ed - Editorial Mediterr\u00e0nia\"},{\"@type\":\"BreadcrumbList\",\"@id\":\"https:\/\/editorialmediterrania.com\/es\/producto\/pequena-historia-de-dali\/#breadcrumb\",\"itemListElement\":[{\"@type\":\"ListItem\",\"position\":1,\"name\":\"Tienda de libros infantiles de arte\",\"item\":\"https:\/\/editorialmediterrania.com\/es\/tienda-de-libros-infantiles-arte\/\"},{\"@type\":\"ListItem\",\"position\":2,\"name\":\"Peque\u00f1a historia de Dal\u00ed\"}]},{\"@type\":\"WebSite\",\"@id\":\"https:\/\/editorialmediterrania.com\/es\/#website\",\"url\":\"https:\/\/editorialmediterrania.com\/es\/\",\"name\":\"Editorial Mediterrania\",\"description\":\"Llibres que t\u2019obriran nous mons\",\"publisher\":{\"@id\":\"https:\/\/editorialmediterrania.com\/es\/#organization\"},\"alternateName\":\"Llibres infantils d'art, cultura i natura\",\"potentialAction\":[{\"@type\":\"SearchAction\",\"target\":{\"@type\":\"EntryPoint\",\"urlTemplate\":\"https:\/\/editorialmediterrania.com\/es\/?s={search_term_string}\"},\"query-input\":\"required name=search_term_string\"}],\"inLanguage\":\"es\"},{\"@type\":\"Organization\",\"@id\":\"https:\/\/editorialmediterrania.com\/es\/#organization\",\"name\":\"Editorial Mediterrania\",\"alternateName\":\"Llibres d'art, cultura i natura per infants i fam\u00edlies\",\"url\":\"https:\/\/editorialmediterrania.com\/es\/\",\"logo\":{\"@type\":\"ImageObject\",\"inLanguage\":\"es\",\"@id\":\"https:\/\/editorialmediterrania.com\/es\/#\/schema\/logo\/image\/\",\"url\":\"https:\/\/editorialmediterrania.com\/wp-content\/uploads\/2023\/03\/LOGO-ED_MEDITERRANIA_OK-2.png\",\"contentUrl\":\"https:\/\/editorialmediterrania.com\/wp-content\/uploads\/2023\/03\/LOGO-ED_MEDITERRANIA_OK-2.png\",\"width\":1200,\"height\":300,\"caption\":\"Editorial Mediterrania\"},\"image\":{\"@id\":\"https:\/\/editorialmediterrania.com\/es\/#\/schema\/logo\/image\/\"},\"sameAs\":[\"https:\/\/x.com\/edmediterrania\",\"https:\/\/www.instagram.com\/editorialmediterrania\/\"]}]}<\/script>\n<!-- \/ Yoast SEO plugin. -->","yoast_head_json":{"title":"Peque\u00f1a historia de Dal\u00ed - Editorial Mediterr\u00e0nia","description":"La nueva edici\u00f3n actualizada de esta peque\u00f1a historia cuenta a los m\u00e1s peque\u00f1os la vida y obra del artista Salvador Dal\u00ed, con ilustraciones in\u00e9ditas de Pilar\u00edn Bay\u00e9s y redactada de nuevo por la escritora Virginia Palomo.","robots":{"index":"index","follow":"follow","max-snippet":"max-snippet:-1","max-image-preview":"max-image-preview:large","max-video-preview":"max-video-preview:-1"},"canonical":"https:\/\/editorialmediterrania.com\/es\/producto\/pequena-historia-de-dali\/","og_locale":"es_ES","og_type":"article","og_title":"Peque\u00f1a historia de Dal\u00ed - Editorial Mediterr\u00e0nia","og_description":"La nueva edici\u00f3n actualizada de esta peque\u00f1a historia cuenta a los m\u00e1s peque\u00f1os la vida y obra del artista Salvador Dal\u00ed, con ilustraciones in\u00e9ditas de Pilar\u00edn Bay\u00e9s y redactada de nuevo por la escritora Virginia Palomo.","og_url":"https:\/\/editorialmediterrania.com\/es\/producto\/pequena-historia-de-dali\/","og_site_name":"Editorial Mediterr\u00e0nia","article_modified_time":"2019-07-03T11:39:50+00:00","og_image":[{"width":600,"height":706,"url":"https:\/\/editorialmediterrania.com\/wp-content\/uploads\/2013\/09\/Petita-Historia-de-Dali.jpg","type":"image\/jpeg"}],"twitter_card":"summary_large_image","twitter_site":"@edmediterrania","schema":{"@context":"https:\/\/schema.org","@graph":[{"@type":"WebPage","@id":"https:\/\/editorialmediterrania.com\/es\/producto\/pequena-historia-de-dali\/","url":"https:\/\/editorialmediterrania.com\/es\/producto\/pequena-historia-de-dali\/","name":"Peque\u00f1a historia de Dal\u00ed - Editorial Mediterr\u00e0nia","isPartOf":{"@id":"https:\/\/editorialmediterrania.com\/es\/#website"},"primaryImageOfPage":{"@id":"https:\/\/editorialmediterrania.com\/es\/producto\/pequena-historia-de-dali\/#primaryimage"},"image":{"@id":"https:\/\/editorialmediterrania.com\/es\/producto\/pequena-historia-de-dali\/#primaryimage"},"thumbnailUrl":"https:\/\/editorialmediterrania.com\/wp-content\/uploads\/2013\/09\/Petita-Historia-de-Dali.jpg","datePublished":"2013-09-18T09:29:55+00:00","dateModified":"2019-07-03T11:39:50+00:00","description":"La nueva edici\u00f3n actualizada de esta peque\u00f1a historia cuenta a los m\u00e1s peque\u00f1os la vida y obra del artista Salvador Dal\u00ed, con ilustraciones in\u00e9ditas de Pilar\u00edn Bay\u00e9s y redactada de nuevo por la escritora Virginia Palomo.","breadcrumb":{"@id":"https:\/\/editorialmediterrania.com\/es\/producto\/pequena-historia-de-dali\/#breadcrumb"},"inLanguage":"es","potentialAction":[{"@type":"ReadAction","target":["https:\/\/editorialmediterrania.com\/es\/producto\/pequena-historia-de-dali\/"]}]},{"@type":"ImageObject","inLanguage":"es","@id":"https:\/\/editorialmediterrania.com\/es\/producto\/pequena-historia-de-dali\/#primaryimage","url":"https:\/\/editorialmediterrania.com\/wp-content\/uploads\/2013\/09\/Petita-Historia-de-Dali.jpg","contentUrl":"https:\/\/editorialmediterrania.com\/wp-content\/uploads\/2013\/09\/Petita-Historia-de-Dali.jpg","width":600,"height":706,"caption":"Petita Hist\u00f2ria Dal\u00ed - Editorial Mediterr\u00e0nia"},{"@type":"BreadcrumbList","@id":"https:\/\/editorialmediterrania.com\/es\/producto\/pequena-historia-de-dali\/#breadcrumb","itemListElement":[{"@type":"ListItem","position":1,"name":"Tienda de libros infantiles de arte","item":"https:\/\/editorialmediterrania.com\/es\/tienda-de-libros-infantiles-arte\/"},{"@type":"ListItem","position":2,"name":"Peque\u00f1a historia de Dal\u00ed"}]},{"@type":"WebSite","@id":"https:\/\/editorialmediterrania.com\/es\/#website","url":"https:\/\/editorialmediterrania.com\/es\/","name":"Editorial Mediterrania","description":"Llibres que t\u2019obriran nous mons","publisher":{"@id":"https:\/\/editorialmediterrania.com\/es\/#organization"},"alternateName":"Llibres infantils d'art, cultura i natura","potentialAction":[{"@type":"SearchAction","target":{"@type":"EntryPoint","urlTemplate":"https:\/\/editorialmediterrania.com\/es\/?s={search_term_string}"},"query-input":"required name=search_term_string"}],"inLanguage":"es"},{"@type":"Organization","@id":"https:\/\/editorialmediterrania.com\/es\/#organization","name":"Editorial Mediterrania","alternateName":"Llibres d'art, cultura i natura per infants i fam\u00edlies","url":"https:\/\/editorialmediterrania.com\/es\/","logo":{"@type":"ImageObject","inLanguage":"es","@id":"https:\/\/editorialmediterrania.com\/es\/#\/schema\/logo\/image\/","url":"https:\/\/editorialmediterrania.com\/wp-content\/uploads\/2023\/03\/LOGO-ED_MEDITERRANIA_OK-2.png","contentUrl":"https:\/\/editorialmediterrania.com\/wp-content\/uploads\/2023\/03\/LOGO-ED_MEDITERRANIA_OK-2.png","width":1200,"height":300,"caption":"Editorial Mediterrania"},"image":{"@id":"https:\/\/editorialmediterrania.com\/es\/#\/schema\/logo\/image\/"},"sameAs":["https:\/\/x.com\/edmediterrania","https:\/\/www.instagram.com\/editorialmediterrania\/"]}]}},"_links":{"self":[{"href":"https:\/\/editorialmediterrania.com\/es\/wp-json\/wp\/v2\/product\/6901","targetHints":{"allow":["GET"]}}],"collection":[{"href":"https:\/\/editorialmediterrania.com\/es\/wp-json\/wp\/v2\/product"}],"about":[{"href":"https:\/\/editorialmediterrania.com\/es\/wp-json\/wp\/v2\/types\/product"}],"wp:featuredmedia":[{"embeddable":true,"href":"https:\/\/editorialmediterrania.com\/es\/wp-json\/wp\/v2\/media\/22462"}],"wp:attachment":[{"href":"https:\/\/editorialmediterrania.com\/es\/wp-json\/wp\/v2\/media?parent=6901"}],"wp:term":[{"taxonomy":"product_cat","embeddable":true,"href":"https:\/\/editorialmediterrania.com\/es\/wp-json\/wp\/v2\/product_cat?post=6901"},{"taxonomy":"product_tag","embeddable":true,"href":"https:\/\/editorialmediterrania.com\/es\/wp-json\/wp\/v2\/product_tag?post=6901"},{"taxonomy":"autors","embeddable":true,"href":"https:\/\/editorialmediterrania.com\/es\/wp-json\/wp\/v2\/autors?post=6901"}],"curies":[{"name":"wp","href":"https:\/\/api.w.org\/{rel}","templated":true}]}}