{"id":7244,"date":"2013-10-04T13:54:32","date_gmt":"2013-10-04T11:54:32","guid":{"rendered":"http:\/\/editorialmediterrania.net\/product\/producto\/el-cantic-de-les-criatures-de-sant-francesc-2\/"},"modified":"2015-09-17T20:27:26","modified_gmt":"2015-09-17T18:27:26","slug":"el-cantic-de-les-criatures-de-sant-francesc","status":"publish","type":"product","link":"https:\/\/editorialmediterrania.com\/es\/producto\/el-cantic-de-les-criatures-de-sant-francesc\/","title":{"rendered":"El C\u00e0ntic de les criatures de sant Francesc"},"content":{"rendered":"<p style=\"text-align: justify;\">Ocho siglos despu\u00e9s del paso de san Francisco por nuestras tierras, redescubrimos en este nuevo libro de la colecci\u00f3n <em>A la capuchina<\/em> el legado que los hermanos franciscanos en general, y los capuchinos en particular, han sabido conservar y difundir hasta nuestros d\u00edas.<\/p>\n<p style=\"text-align: justify;\">En el <em>C\u00e0ntic de les criatures<\/em> (C\u00e1ntico de las criaturas), san Francisco se situa no por encima de la natura, sino a su lado, con ella, como un hermano m\u00e1s del sol, la luna, el agua o la muerte.<\/p>\n<p style=\"text-align: justify;\">El libro incluye una docena de ilustraciones de Miquel Oliveras basadas en las palabras de san Francisco.<\/p>\n<p style=\"text-align: justify;\">Este libro ha sido publicado en catal\u00e1n.<\/p>\n","protected":false},"excerpt":{"rendered":"<p>Escrito por Fra Jacint Duran i Boada, con ilustraciones de Miquel Oliveras, el libro narra c\u00f3mo en San Francisco de As\u00eds se produce una rotura con la naturaleza idealizada, tal y como la viv\u00eda la gente de su \u00e9poca.<\/p>\n","protected":false},"featured_media":41276,"template":"","meta":[],"product_cat":[6542,3350],"product_tag":[],"autors":[],"class_list":{"0":"post-7244","1":"product","2":"type-product","3":"status-publish","4":"has-post-thumbnail","6":"product_cat-a-la-caputxina-es","7":"product_cat-mediterrania-productes","9":"first","10":"instock","11":"purchasable","12":"product-type-simple","swatches":"rey-swatches","show_selected":""},"acf":[],"yoast_head":"<!-- This site is optimized with the Yoast SEO plugin v22.8 - https:\/\/yoast.com\/wordpress\/plugins\/seo\/ -->\n<title>El C\u00e0ntic de les Criatures de Sant Francesc - Editorial Mediterr\u00e0nia<\/title>\n<meta name=\"description\" content=\"Ocho siglos despu\u00e9s del paso de san Francisco por nuestras tierras, redescubrimos en este nuevo libro el legado que los hermanos capuchinos, en particular, han sabido conservar y difundir hasta nuestros d\u00edas.\" \/>\n<meta name=\"robots\" content=\"index, follow, max-snippet:-1, max-image-preview:large, max-video-preview:-1\" \/>\n<link rel=\"canonical\" href=\"https:\/\/editorialmediterrania.com\/es\/producto\/el-cantic-de-les-criatures-de-sant-francesc\/\" \/>\n<meta property=\"og:locale\" content=\"es_ES\" \/>\n<meta property=\"og:type\" content=\"article\" \/>\n<meta property=\"og:title\" content=\"El C\u00e0ntic de les Criatures de Sant Francesc - Editorial Mediterr\u00e0nia\" \/>\n<meta property=\"og:description\" content=\"Ocho siglos despu\u00e9s del paso de san Francisco por nuestras tierras, redescubrimos en este nuevo libro el legado que los hermanos capuchinos, en particular, han sabido conservar y difundir hasta nuestros d\u00edas.\" \/>\n<meta property=\"og:url\" content=\"https:\/\/editorialmediterrania.com\/es\/producto\/el-cantic-de-les-criatures-de-sant-francesc\/\" \/>\n<meta property=\"og:site_name\" content=\"Editorial Mediterr\u00e0nia\" \/>\n<meta property=\"article:modified_time\" content=\"2015-09-17T18:27:26+00:00\" \/>\n<meta property=\"og:image\" content=\"https:\/\/editorialmediterrania.com\/wp-content\/uploads\/2013\/10\/El-cantic-de-les-criatures-de-Sant-Francesc-400x563-1.jpg\" \/>\n\t<meta property=\"og:image:width\" content=\"400\" \/>\n\t<meta property=\"og:image:height\" content=\"563\" \/>\n\t<meta property=\"og:image:type\" content=\"image\/jpeg\" \/>\n<meta name=\"twitter:card\" content=\"summary_large_image\" \/>\n<meta name=\"twitter:site\" content=\"@edmediterrania\" \/>\n<meta name=\"twitter:label1\" content=\"Tiempo de lectura\" \/>\n\t<meta name=\"twitter:data1\" content=\"1 minuto\" \/>\n<script type=\"application\/ld+json\" class=\"yoast-schema-graph\">{\"@context\":\"https:\/\/schema.org\",\"@graph\":[{\"@type\":\"WebPage\",\"@id\":\"https:\/\/editorialmediterrania.com\/es\/producto\/el-cantic-de-les-criatures-de-sant-francesc\/\",\"url\":\"https:\/\/editorialmediterrania.com\/es\/producto\/el-cantic-de-les-criatures-de-sant-francesc\/\",\"name\":\"El C\u00e0ntic de les Criatures de Sant Francesc - Editorial Mediterr\u00e0nia\",\"isPartOf\":{\"@id\":\"https:\/\/editorialmediterrania.com\/es\/#website\"},\"primaryImageOfPage\":{\"@id\":\"https:\/\/editorialmediterrania.com\/es\/producto\/el-cantic-de-les-criatures-de-sant-francesc\/#primaryimage\"},\"image\":{\"@id\":\"https:\/\/editorialmediterrania.com\/es\/producto\/el-cantic-de-les-criatures-de-sant-francesc\/#primaryimage\"},\"thumbnailUrl\":\"https:\/\/editorialmediterrania.com\/wp-content\/uploads\/2013\/10\/El-cantic-de-les-criatures-de-Sant-Francesc-400x563-1.jpg\",\"datePublished\":\"2013-10-04T11:54:32+00:00\",\"dateModified\":\"2015-09-17T18:27:26+00:00\",\"description\":\"Ocho siglos despu\u00e9s del paso de san Francisco por nuestras tierras, redescubrimos en este nuevo libro el legado que los hermanos capuchinos, en particular, han sabido conservar y difundir hasta nuestros d\u00edas.\",\"breadcrumb\":{\"@id\":\"https:\/\/editorialmediterrania.com\/es\/producto\/el-cantic-de-les-criatures-de-sant-francesc\/#breadcrumb\"},\"inLanguage\":\"es\",\"potentialAction\":[{\"@type\":\"ReadAction\",\"target\":[\"https:\/\/editorialmediterrania.com\/es\/producto\/el-cantic-de-les-criatures-de-sant-francesc\/\"]}]},{\"@type\":\"ImageObject\",\"inLanguage\":\"es\",\"@id\":\"https:\/\/editorialmediterrania.com\/es\/producto\/el-cantic-de-les-criatures-de-sant-francesc\/#primaryimage\",\"url\":\"https:\/\/editorialmediterrania.com\/wp-content\/uploads\/2013\/10\/El-cantic-de-les-criatures-de-Sant-Francesc-400x563-1.jpg\",\"contentUrl\":\"https:\/\/editorialmediterrania.com\/wp-content\/uploads\/2013\/10\/El-cantic-de-les-criatures-de-Sant-Francesc-400x563-1.jpg\",\"width\":400,\"height\":563},{\"@type\":\"BreadcrumbList\",\"@id\":\"https:\/\/editorialmediterrania.com\/es\/producto\/el-cantic-de-les-criatures-de-sant-francesc\/#breadcrumb\",\"itemListElement\":[{\"@type\":\"ListItem\",\"position\":1,\"name\":\"Tienda de libros infantiles de arte\",\"item\":\"https:\/\/editorialmediterrania.com\/es\/tienda-de-libros-infantiles-arte\/\"},{\"@type\":\"ListItem\",\"position\":2,\"name\":\"El C\u00e0ntic de les criatures de sant Francesc\"}]},{\"@type\":\"WebSite\",\"@id\":\"https:\/\/editorialmediterrania.com\/es\/#website\",\"url\":\"https:\/\/editorialmediterrania.com\/es\/\",\"name\":\"Editorial Mediterrania\",\"description\":\"Llibres que t\u2019obriran nous mons\",\"publisher\":{\"@id\":\"https:\/\/editorialmediterrania.com\/es\/#organization\"},\"alternateName\":\"Llibres infantils d'art, cultura i natura\",\"potentialAction\":[{\"@type\":\"SearchAction\",\"target\":{\"@type\":\"EntryPoint\",\"urlTemplate\":\"https:\/\/editorialmediterrania.com\/es\/?s={search_term_string}\"},\"query-input\":\"required name=search_term_string\"}],\"inLanguage\":\"es\"},{\"@type\":\"Organization\",\"@id\":\"https:\/\/editorialmediterrania.com\/es\/#organization\",\"name\":\"Editorial Mediterrania\",\"alternateName\":\"Llibres d'art, cultura i natura per infants i fam\u00edlies\",\"url\":\"https:\/\/editorialmediterrania.com\/es\/\",\"logo\":{\"@type\":\"ImageObject\",\"inLanguage\":\"es\",\"@id\":\"https:\/\/editorialmediterrania.com\/es\/#\/schema\/logo\/image\/\",\"url\":\"https:\/\/editorialmediterrania.com\/wp-content\/uploads\/2023\/03\/LOGO-ED_MEDITERRANIA_OK-2.png\",\"contentUrl\":\"https:\/\/editorialmediterrania.com\/wp-content\/uploads\/2023\/03\/LOGO-ED_MEDITERRANIA_OK-2.png\",\"width\":1200,\"height\":300,\"caption\":\"Editorial Mediterrania\"},\"image\":{\"@id\":\"https:\/\/editorialmediterrania.com\/es\/#\/schema\/logo\/image\/\"},\"sameAs\":[\"https:\/\/x.com\/edmediterrania\",\"https:\/\/www.instagram.com\/editorialmediterrania\/\"]}]}<\/script>\n<!-- \/ Yoast SEO plugin. -->","yoast_head_json":{"title":"El C\u00e0ntic de les Criatures de Sant Francesc - Editorial Mediterr\u00e0nia","description":"Ocho siglos despu\u00e9s del paso de san Francisco por nuestras tierras, redescubrimos en este nuevo libro el legado que los hermanos capuchinos, en particular, han sabido conservar y difundir hasta nuestros d\u00edas.","robots":{"index":"index","follow":"follow","max-snippet":"max-snippet:-1","max-image-preview":"max-image-preview:large","max-video-preview":"max-video-preview:-1"},"canonical":"https:\/\/editorialmediterrania.com\/es\/producto\/el-cantic-de-les-criatures-de-sant-francesc\/","og_locale":"es_ES","og_type":"article","og_title":"El C\u00e0ntic de les Criatures de Sant Francesc - Editorial Mediterr\u00e0nia","og_description":"Ocho siglos despu\u00e9s del paso de san Francisco por nuestras tierras, redescubrimos en este nuevo libro el legado que los hermanos capuchinos, en particular, han sabido conservar y difundir hasta nuestros d\u00edas.","og_url":"https:\/\/editorialmediterrania.com\/es\/producto\/el-cantic-de-les-criatures-de-sant-francesc\/","og_site_name":"Editorial Mediterr\u00e0nia","article_modified_time":"2015-09-17T18:27:26+00:00","og_image":[{"width":400,"height":563,"url":"https:\/\/editorialmediterrania.com\/wp-content\/uploads\/2013\/10\/El-cantic-de-les-criatures-de-Sant-Francesc-400x563-1.jpg","type":"image\/jpeg"}],"twitter_card":"summary_large_image","twitter_site":"@edmediterrania","twitter_misc":{"Tiempo de lectura":"1 minuto"},"schema":{"@context":"https:\/\/schema.org","@graph":[{"@type":"WebPage","@id":"https:\/\/editorialmediterrania.com\/es\/producto\/el-cantic-de-les-criatures-de-sant-francesc\/","url":"https:\/\/editorialmediterrania.com\/es\/producto\/el-cantic-de-les-criatures-de-sant-francesc\/","name":"El C\u00e0ntic de les Criatures de Sant Francesc - Editorial Mediterr\u00e0nia","isPartOf":{"@id":"https:\/\/editorialmediterrania.com\/es\/#website"},"primaryImageOfPage":{"@id":"https:\/\/editorialmediterrania.com\/es\/producto\/el-cantic-de-les-criatures-de-sant-francesc\/#primaryimage"},"image":{"@id":"https:\/\/editorialmediterrania.com\/es\/producto\/el-cantic-de-les-criatures-de-sant-francesc\/#primaryimage"},"thumbnailUrl":"https:\/\/editorialmediterrania.com\/wp-content\/uploads\/2013\/10\/El-cantic-de-les-criatures-de-Sant-Francesc-400x563-1.jpg","datePublished":"2013-10-04T11:54:32+00:00","dateModified":"2015-09-17T18:27:26+00:00","description":"Ocho siglos despu\u00e9s del paso de san Francisco por nuestras tierras, redescubrimos en este nuevo libro el legado que los hermanos capuchinos, en particular, han sabido conservar y difundir hasta nuestros d\u00edas.","breadcrumb":{"@id":"https:\/\/editorialmediterrania.com\/es\/producto\/el-cantic-de-les-criatures-de-sant-francesc\/#breadcrumb"},"inLanguage":"es","potentialAction":[{"@type":"ReadAction","target":["https:\/\/editorialmediterrania.com\/es\/producto\/el-cantic-de-les-criatures-de-sant-francesc\/"]}]},{"@type":"ImageObject","inLanguage":"es","@id":"https:\/\/editorialmediterrania.com\/es\/producto\/el-cantic-de-les-criatures-de-sant-francesc\/#primaryimage","url":"https:\/\/editorialmediterrania.com\/wp-content\/uploads\/2013\/10\/El-cantic-de-les-criatures-de-Sant-Francesc-400x563-1.jpg","contentUrl":"https:\/\/editorialmediterrania.com\/wp-content\/uploads\/2013\/10\/El-cantic-de-les-criatures-de-Sant-Francesc-400x563-1.jpg","width":400,"height":563},{"@type":"BreadcrumbList","@id":"https:\/\/editorialmediterrania.com\/es\/producto\/el-cantic-de-les-criatures-de-sant-francesc\/#breadcrumb","itemListElement":[{"@type":"ListItem","position":1,"name":"Tienda de libros infantiles de arte","item":"https:\/\/editorialmediterrania.com\/es\/tienda-de-libros-infantiles-arte\/"},{"@type":"ListItem","position":2,"name":"El C\u00e0ntic de les criatures de sant Francesc"}]},{"@type":"WebSite","@id":"https:\/\/editorialmediterrania.com\/es\/#website","url":"https:\/\/editorialmediterrania.com\/es\/","name":"Editorial Mediterrania","description":"Llibres que t\u2019obriran nous mons","publisher":{"@id":"https:\/\/editorialmediterrania.com\/es\/#organization"},"alternateName":"Llibres infantils d'art, cultura i natura","potentialAction":[{"@type":"SearchAction","target":{"@type":"EntryPoint","urlTemplate":"https:\/\/editorialmediterrania.com\/es\/?s={search_term_string}"},"query-input":"required name=search_term_string"}],"inLanguage":"es"},{"@type":"Organization","@id":"https:\/\/editorialmediterrania.com\/es\/#organization","name":"Editorial Mediterrania","alternateName":"Llibres d'art, cultura i natura per infants i fam\u00edlies","url":"https:\/\/editorialmediterrania.com\/es\/","logo":{"@type":"ImageObject","inLanguage":"es","@id":"https:\/\/editorialmediterrania.com\/es\/#\/schema\/logo\/image\/","url":"https:\/\/editorialmediterrania.com\/wp-content\/uploads\/2023\/03\/LOGO-ED_MEDITERRANIA_OK-2.png","contentUrl":"https:\/\/editorialmediterrania.com\/wp-content\/uploads\/2023\/03\/LOGO-ED_MEDITERRANIA_OK-2.png","width":1200,"height":300,"caption":"Editorial Mediterrania"},"image":{"@id":"https:\/\/editorialmediterrania.com\/es\/#\/schema\/logo\/image\/"},"sameAs":["https:\/\/x.com\/edmediterrania","https:\/\/www.instagram.com\/editorialmediterrania\/"]}]}},"_links":{"self":[{"href":"https:\/\/editorialmediterrania.com\/es\/wp-json\/wp\/v2\/product\/7244","targetHints":{"allow":["GET"]}}],"collection":[{"href":"https:\/\/editorialmediterrania.com\/es\/wp-json\/wp\/v2\/product"}],"about":[{"href":"https:\/\/editorialmediterrania.com\/es\/wp-json\/wp\/v2\/types\/product"}],"wp:featuredmedia":[{"embeddable":true,"href":"https:\/\/editorialmediterrania.com\/es\/wp-json\/wp\/v2\/media\/41276"}],"wp:attachment":[{"href":"https:\/\/editorialmediterrania.com\/es\/wp-json\/wp\/v2\/media?parent=7244"}],"wp:term":[{"taxonomy":"product_cat","embeddable":true,"href":"https:\/\/editorialmediterrania.com\/es\/wp-json\/wp\/v2\/product_cat?post=7244"},{"taxonomy":"product_tag","embeddable":true,"href":"https:\/\/editorialmediterrania.com\/es\/wp-json\/wp\/v2\/product_tag?post=7244"},{"taxonomy":"autors","embeddable":true,"href":"https:\/\/editorialmediterrania.com\/es\/wp-json\/wp\/v2\/autors?post=7244"}],"curies":[{"name":"wp","href":"https:\/\/api.w.org\/{rel}","templated":true}]}}