{"id":7347,"date":"2013-10-23T12:19:09","date_gmt":"2013-10-23T10:19:09","guid":{"rendered":"http:\/\/editorialmediterrania.net\/product\/producto\/joguines-de-la-natura-2\/"},"modified":"2020-02-04T15:24:22","modified_gmt":"2020-02-04T14:24:22","slug":"joguines-de-la-natura-cat","status":"publish","type":"product","link":"https:\/\/editorialmediterrania.com\/es\/producto\/joguines-de-la-natura-cat\/","title":{"rendered":"Juguetes de la naturaleza"},"content":{"rendered":"<p style=\"text-align: justify;\"><span class=\"Apple-style-span\">Este libro recupera para las nuevas generaciones los juguetes que nuestros abuelos elaboraban en su infancia con elementos de la naturaleza. Se trata de piezas que tienen el encanto de lo ef\u00edmero, pero que, a la vez, regresan cada a\u00f1o, marcando el paso de las estaciones y de la vida misma. Conchas, frutos, flores, hojas secas, piedras, huesos\u2026 sirven para crear juguetes que duran una ma\u00f1ana o\u2026 siglos.<\/span><\/p>\n<p style=\"text-align: justify;\">Las p\u00e1ginas de esta obra ense\u00f1an a elaborar m\u00e1s de 250 de estos maravillosos juguetes gracias a unas completas fichas t\u00e9cnicas, evocadoras ilustraciones y bell\u00edsimas fotograf\u00edas.<\/p>\n","protected":false},"excerpt":{"rendered":"<p>Este libro recupera para las nuevas generaciones los juguetes que nuestros abuelos elaboraban en su infancia con elementos de la naturaleza. Se trata de piezas que tienen el encanto de lo ef\u00edmero, pero que, a la vez, regresan cada a\u00f1o, marcando el paso de las estaciones y de la vida misma. Conchas, frutos, flores, hojas [&hellip;]<\/p>\n","protected":false},"featured_media":41332,"template":"","meta":[],"product_cat":[6495,3350,198],"product_tag":[5706],"autors":[],"class_list":{"0":"post-7347","1":"product","2":"type-product","3":"status-publish","4":"has-post-thumbnail","6":"product_cat-outlet-es","7":"product_cat-mediterrania-productes","8":"product_cat-arte-adulto","9":"product_tag-natura-es","11":"first","12":"outofstock","13":"sale","14":"purchasable","15":"product-type-variable","16":"has-default-attributes","swatches":"rey-swatches","show_selected":""},"acf":[],"yoast_head":"<!-- This site is optimized with the Yoast SEO plugin v22.8 - https:\/\/yoast.com\/wordpress\/plugins\/seo\/ -->\n<title>Juguetes de la naturaleza - Editorial Mediterr\u00e0nia<\/title>\n<meta name=\"description\" content=\"Este libro recupera para las nuevas generaciones los juguetes que nuestros abuelos elaboraban en su infancia con elementos de la naturaleza.\" \/>\n<meta name=\"robots\" content=\"index, follow, max-snippet:-1, max-image-preview:large, max-video-preview:-1\" \/>\n<link rel=\"canonical\" href=\"https:\/\/editorialmediterrania.com\/es\/producto\/joguines-de-la-natura-cat\/\" \/>\n<meta property=\"og:locale\" content=\"es_ES\" \/>\n<meta property=\"og:type\" content=\"article\" \/>\n<meta property=\"og:title\" content=\"Juguetes de la naturaleza - Editorial Mediterr\u00e0nia\" \/>\n<meta property=\"og:description\" content=\"Este libro recupera para las nuevas generaciones los juguetes que nuestros abuelos elaboraban en su infancia con elementos de la naturaleza.\" \/>\n<meta property=\"og:url\" content=\"https:\/\/editorialmediterrania.com\/es\/producto\/joguines-de-la-natura-cat\/\" \/>\n<meta property=\"og:site_name\" content=\"Editorial Mediterr\u00e0nia\" \/>\n<meta property=\"article:modified_time\" content=\"2020-02-04T14:24:22+00:00\" \/>\n<meta property=\"og:image\" content=\"https:\/\/editorialmediterrania.com\/wp-content\/uploads\/2013\/10\/saga.jpeg\" \/>\n\t<meta property=\"og:image:width\" content=\"600\" \/>\n\t<meta property=\"og:image:height\" content=\"886\" \/>\n\t<meta property=\"og:image:type\" content=\"image\/jpeg\" \/>\n<meta name=\"twitter:card\" content=\"summary_large_image\" \/>\n<meta name=\"twitter:site\" content=\"@edmediterrania\" \/>\n<meta name=\"twitter:label1\" content=\"Tiempo de lectura\" \/>\n\t<meta name=\"twitter:data1\" content=\"1 minuto\" \/>\n<script type=\"application\/ld+json\" class=\"yoast-schema-graph\">{\"@context\":\"https:\/\/schema.org\",\"@graph\":[{\"@type\":\"WebPage\",\"@id\":\"https:\/\/editorialmediterrania.com\/es\/producto\/joguines-de-la-natura-cat\/\",\"url\":\"https:\/\/editorialmediterrania.com\/es\/producto\/joguines-de-la-natura-cat\/\",\"name\":\"Juguetes de la naturaleza - Editorial Mediterr\u00e0nia\",\"isPartOf\":{\"@id\":\"https:\/\/editorialmediterrania.com\/es\/#website\"},\"primaryImageOfPage\":{\"@id\":\"https:\/\/editorialmediterrania.com\/es\/producto\/joguines-de-la-natura-cat\/#primaryimage\"},\"image\":{\"@id\":\"https:\/\/editorialmediterrania.com\/es\/producto\/joguines-de-la-natura-cat\/#primaryimage\"},\"thumbnailUrl\":\"https:\/\/editorialmediterrania.com\/wp-content\/uploads\/2013\/10\/saga.jpeg\",\"datePublished\":\"2013-10-23T10:19:09+00:00\",\"dateModified\":\"2020-02-04T14:24:22+00:00\",\"description\":\"Este libro recupera para las nuevas generaciones los juguetes que nuestros abuelos elaboraban en su infancia con elementos de la naturaleza.\",\"breadcrumb\":{\"@id\":\"https:\/\/editorialmediterrania.com\/es\/producto\/joguines-de-la-natura-cat\/#breadcrumb\"},\"inLanguage\":\"es\",\"potentialAction\":[{\"@type\":\"ReadAction\",\"target\":[\"https:\/\/editorialmediterrania.com\/es\/producto\/joguines-de-la-natura-cat\/\"]}]},{\"@type\":\"ImageObject\",\"inLanguage\":\"es\",\"@id\":\"https:\/\/editorialmediterrania.com\/es\/producto\/joguines-de-la-natura-cat\/#primaryimage\",\"url\":\"https:\/\/editorialmediterrania.com\/wp-content\/uploads\/2013\/10\/saga.jpeg\",\"contentUrl\":\"https:\/\/editorialmediterrania.com\/wp-content\/uploads\/2013\/10\/saga.jpeg\",\"width\":600,\"height\":886},{\"@type\":\"BreadcrumbList\",\"@id\":\"https:\/\/editorialmediterrania.com\/es\/producto\/joguines-de-la-natura-cat\/#breadcrumb\",\"itemListElement\":[{\"@type\":\"ListItem\",\"position\":1,\"name\":\"Tienda de libros infantiles de arte\",\"item\":\"https:\/\/editorialmediterrania.com\/es\/tienda-de-libros-infantiles-arte\/\"},{\"@type\":\"ListItem\",\"position\":2,\"name\":\"Juguetes de la naturaleza\"}]},{\"@type\":\"WebSite\",\"@id\":\"https:\/\/editorialmediterrania.com\/es\/#website\",\"url\":\"https:\/\/editorialmediterrania.com\/es\/\",\"name\":\"Editorial Mediterrania\",\"description\":\"Llibres que t\u2019obriran nous mons\",\"publisher\":{\"@id\":\"https:\/\/editorialmediterrania.com\/es\/#organization\"},\"alternateName\":\"Llibres infantils d'art, cultura i natura\",\"potentialAction\":[{\"@type\":\"SearchAction\",\"target\":{\"@type\":\"EntryPoint\",\"urlTemplate\":\"https:\/\/editorialmediterrania.com\/es\/?s={search_term_string}\"},\"query-input\":\"required name=search_term_string\"}],\"inLanguage\":\"es\"},{\"@type\":\"Organization\",\"@id\":\"https:\/\/editorialmediterrania.com\/es\/#organization\",\"name\":\"Editorial Mediterrania\",\"alternateName\":\"Llibres d'art, cultura i natura per infants i fam\u00edlies\",\"url\":\"https:\/\/editorialmediterrania.com\/es\/\",\"logo\":{\"@type\":\"ImageObject\",\"inLanguage\":\"es\",\"@id\":\"https:\/\/editorialmediterrania.com\/es\/#\/schema\/logo\/image\/\",\"url\":\"https:\/\/editorialmediterrania.com\/wp-content\/uploads\/2023\/03\/LOGO-ED_MEDITERRANIA_OK-2.png\",\"contentUrl\":\"https:\/\/editorialmediterrania.com\/wp-content\/uploads\/2023\/03\/LOGO-ED_MEDITERRANIA_OK-2.png\",\"width\":1200,\"height\":300,\"caption\":\"Editorial Mediterrania\"},\"image\":{\"@id\":\"https:\/\/editorialmediterrania.com\/es\/#\/schema\/logo\/image\/\"},\"sameAs\":[\"https:\/\/x.com\/edmediterrania\",\"https:\/\/www.instagram.com\/editorialmediterrania\/\"]}]}<\/script>\n<!-- \/ Yoast SEO plugin. -->","yoast_head_json":{"title":"Juguetes de la naturaleza - Editorial Mediterr\u00e0nia","description":"Este libro recupera para las nuevas generaciones los juguetes que nuestros abuelos elaboraban en su infancia con elementos de la naturaleza.","robots":{"index":"index","follow":"follow","max-snippet":"max-snippet:-1","max-image-preview":"max-image-preview:large","max-video-preview":"max-video-preview:-1"},"canonical":"https:\/\/editorialmediterrania.com\/es\/producto\/joguines-de-la-natura-cat\/","og_locale":"es_ES","og_type":"article","og_title":"Juguetes de la naturaleza - Editorial Mediterr\u00e0nia","og_description":"Este libro recupera para las nuevas generaciones los juguetes que nuestros abuelos elaboraban en su infancia con elementos de la naturaleza.","og_url":"https:\/\/editorialmediterrania.com\/es\/producto\/joguines-de-la-natura-cat\/","og_site_name":"Editorial Mediterr\u00e0nia","article_modified_time":"2020-02-04T14:24:22+00:00","og_image":[{"width":600,"height":886,"url":"https:\/\/editorialmediterrania.com\/wp-content\/uploads\/2013\/10\/saga.jpeg","type":"image\/jpeg"}],"twitter_card":"summary_large_image","twitter_site":"@edmediterrania","twitter_misc":{"Tiempo de lectura":"1 minuto"},"schema":{"@context":"https:\/\/schema.org","@graph":[{"@type":"WebPage","@id":"https:\/\/editorialmediterrania.com\/es\/producto\/joguines-de-la-natura-cat\/","url":"https:\/\/editorialmediterrania.com\/es\/producto\/joguines-de-la-natura-cat\/","name":"Juguetes de la naturaleza - Editorial Mediterr\u00e0nia","isPartOf":{"@id":"https:\/\/editorialmediterrania.com\/es\/#website"},"primaryImageOfPage":{"@id":"https:\/\/editorialmediterrania.com\/es\/producto\/joguines-de-la-natura-cat\/#primaryimage"},"image":{"@id":"https:\/\/editorialmediterrania.com\/es\/producto\/joguines-de-la-natura-cat\/#primaryimage"},"thumbnailUrl":"https:\/\/editorialmediterrania.com\/wp-content\/uploads\/2013\/10\/saga.jpeg","datePublished":"2013-10-23T10:19:09+00:00","dateModified":"2020-02-04T14:24:22+00:00","description":"Este libro recupera para las nuevas generaciones los juguetes que nuestros abuelos elaboraban en su infancia con elementos de la naturaleza.","breadcrumb":{"@id":"https:\/\/editorialmediterrania.com\/es\/producto\/joguines-de-la-natura-cat\/#breadcrumb"},"inLanguage":"es","potentialAction":[{"@type":"ReadAction","target":["https:\/\/editorialmediterrania.com\/es\/producto\/joguines-de-la-natura-cat\/"]}]},{"@type":"ImageObject","inLanguage":"es","@id":"https:\/\/editorialmediterrania.com\/es\/producto\/joguines-de-la-natura-cat\/#primaryimage","url":"https:\/\/editorialmediterrania.com\/wp-content\/uploads\/2013\/10\/saga.jpeg","contentUrl":"https:\/\/editorialmediterrania.com\/wp-content\/uploads\/2013\/10\/saga.jpeg","width":600,"height":886},{"@type":"BreadcrumbList","@id":"https:\/\/editorialmediterrania.com\/es\/producto\/joguines-de-la-natura-cat\/#breadcrumb","itemListElement":[{"@type":"ListItem","position":1,"name":"Tienda de libros infantiles de arte","item":"https:\/\/editorialmediterrania.com\/es\/tienda-de-libros-infantiles-arte\/"},{"@type":"ListItem","position":2,"name":"Juguetes de la naturaleza"}]},{"@type":"WebSite","@id":"https:\/\/editorialmediterrania.com\/es\/#website","url":"https:\/\/editorialmediterrania.com\/es\/","name":"Editorial Mediterrania","description":"Llibres que t\u2019obriran nous mons","publisher":{"@id":"https:\/\/editorialmediterrania.com\/es\/#organization"},"alternateName":"Llibres infantils d'art, cultura i natura","potentialAction":[{"@type":"SearchAction","target":{"@type":"EntryPoint","urlTemplate":"https:\/\/editorialmediterrania.com\/es\/?s={search_term_string}"},"query-input":"required name=search_term_string"}],"inLanguage":"es"},{"@type":"Organization","@id":"https:\/\/editorialmediterrania.com\/es\/#organization","name":"Editorial Mediterrania","alternateName":"Llibres d'art, cultura i natura per infants i fam\u00edlies","url":"https:\/\/editorialmediterrania.com\/es\/","logo":{"@type":"ImageObject","inLanguage":"es","@id":"https:\/\/editorialmediterrania.com\/es\/#\/schema\/logo\/image\/","url":"https:\/\/editorialmediterrania.com\/wp-content\/uploads\/2023\/03\/LOGO-ED_MEDITERRANIA_OK-2.png","contentUrl":"https:\/\/editorialmediterrania.com\/wp-content\/uploads\/2023\/03\/LOGO-ED_MEDITERRANIA_OK-2.png","width":1200,"height":300,"caption":"Editorial Mediterrania"},"image":{"@id":"https:\/\/editorialmediterrania.com\/es\/#\/schema\/logo\/image\/"},"sameAs":["https:\/\/x.com\/edmediterrania","https:\/\/www.instagram.com\/editorialmediterrania\/"]}]}},"_links":{"self":[{"href":"https:\/\/editorialmediterrania.com\/es\/wp-json\/wp\/v2\/product\/7347","targetHints":{"allow":["GET"]}}],"collection":[{"href":"https:\/\/editorialmediterrania.com\/es\/wp-json\/wp\/v2\/product"}],"about":[{"href":"https:\/\/editorialmediterrania.com\/es\/wp-json\/wp\/v2\/types\/product"}],"wp:featuredmedia":[{"embeddable":true,"href":"https:\/\/editorialmediterrania.com\/es\/wp-json\/wp\/v2\/media\/41332"}],"wp:attachment":[{"href":"https:\/\/editorialmediterrania.com\/es\/wp-json\/wp\/v2\/media?parent=7347"}],"wp:term":[{"taxonomy":"product_cat","embeddable":true,"href":"https:\/\/editorialmediterrania.com\/es\/wp-json\/wp\/v2\/product_cat?post=7347"},{"taxonomy":"product_tag","embeddable":true,"href":"https:\/\/editorialmediterrania.com\/es\/wp-json\/wp\/v2\/product_tag?post=7347"},{"taxonomy":"autors","embeddable":true,"href":"https:\/\/editorialmediterrania.com\/es\/wp-json\/wp\/v2\/autors?post=7347"}],"curies":[{"name":"wp","href":"https:\/\/api.w.org\/{rel}","templated":true}]}}