{"id":7607,"date":"2013-11-13T12:36:30","date_gmt":"2013-11-13T11:36:30","guid":{"rendered":"http:\/\/editorialmediterrania.net\/product\/producto\/divuit-poemes-de-nadal-i-un-de-cap-dany-2\/"},"modified":"2020-11-13T09:52:32","modified_gmt":"2020-11-13T08:52:32","slug":"divuit-poemes-de-nadal-i-un-de-cap-dany","status":"publish","type":"product","link":"https:\/\/editorialmediterrania.com\/es\/producto\/divuit-poemes-de-nadal-i-un-de-cap-dany\/","title":{"rendered":"Divuit poemes de Nadal i un de Cap d&#8217;Any"},"content":{"rendered":"<p style=\"text-align: justify;\">Los poemas de Joana Raspall que recoge este nuevo libro son mayormente in\u00e9ditos y, como apunta su t\u00edtulo, de tem\u00e1tica navide\u00f1a, para ser recitados desde lo alto de una silla. A todos ellos los acompa\u00f1an las ilustraciones de Ignasi Blanch y, adem\u00e1s, el libo cuenta con un desplegable central con la ilustraci\u00f3n de un pesebre.<\/p>\n<p style=\"text-align: justify;\"><em>Divuit poemes de Nadal i un de Cap d\u2019Any<\/em> (\u00abDieciocho poemas de Navidad y uno de Fin de A\u00f1o\u00bb) se publica coincidiendo con el A\u00f1o Raspall y nos permite revivir \u00abim\u00e1genes, expresiones, melod\u00edas que forman parte de nuestros recuerdos personales y colectivos\u00bb, tal como explica Carles Duarte en el pr\u00f3logo.<\/p>\n","protected":false},"excerpt":{"rendered":"<p>Los poemas de Joana Raspall que recoge este nuevo libro son mayormente in\u00e9ditos y, como apunta su t\u00edtulo, de tem\u00e1tica navide\u00f1a, para ser recitados desde lo alto de una silla.<\/p>\n","protected":false},"featured_media":40936,"template":"","meta":[],"product_cat":[30,5691],"product_tag":[6474],"autors":[],"class_list":{"0":"post-7607","1":"product","2":"type-product","3":"status-publish","4":"has-post-thumbnail","6":"product_cat-editorial-mediterrania","7":"product_cat-poesia-es","8":"product_tag-libro-infantil-es-2","10":"first","11":"instock","12":"purchasable","13":"product-type-simple","swatches":"rey-swatches","show_selected":""},"acf":[],"yoast_head":"<!-- This site is optimized with the Yoast SEO plugin v22.8 - https:\/\/yoast.com\/wordpress\/plugins\/seo\/ -->\n<title>Divuit poemes de Nadal i un de Cap d&#039;Any - Editorial Mediterr\u00e0nia<\/title>\n<meta name=\"description\" content=\"Los poemas que recoge este nuevo libro son mayormente in\u00e9ditos y, como apunta el t\u00edtulo, de tem\u00e1tica navide\u00f1a.&quot;Divuit poemes de Nadal i un de Cap d&#039;Any&quot;\" \/>\n<meta name=\"robots\" content=\"index, follow, max-snippet:-1, max-image-preview:large, max-video-preview:-1\" \/>\n<link rel=\"canonical\" href=\"https:\/\/editorialmediterrania.com\/es\/producto\/divuit-poemes-de-nadal-i-un-de-cap-dany\/\" \/>\n<meta property=\"og:locale\" content=\"es_ES\" \/>\n<meta property=\"og:type\" content=\"article\" \/>\n<meta property=\"og:title\" content=\"Divuit poemes de Nadal i un de Cap d&#039;Any - Editorial Mediterr\u00e0nia\" \/>\n<meta property=\"og:description\" content=\"Los poemas que recoge este nuevo libro son mayormente in\u00e9ditos y, como apunta el t\u00edtulo, de tem\u00e1tica navide\u00f1a.&quot;Divuit poemes de Nadal i un de Cap d&#039;Any&quot;\" \/>\n<meta property=\"og:url\" content=\"https:\/\/editorialmediterrania.com\/es\/producto\/divuit-poemes-de-nadal-i-un-de-cap-dany\/\" \/>\n<meta property=\"og:site_name\" content=\"Editorial Mediterr\u00e0nia\" \/>\n<meta property=\"article:modified_time\" content=\"2020-11-13T08:52:32+00:00\" \/>\n<meta property=\"og:image\" content=\"https:\/\/editorialmediterrania.com\/wp-content\/uploads\/2013\/11\/DivuitpoemesdeNadal_baixa.jpg.webp\" \/>\n\t<meta property=\"og:image:width\" content=\"471\" \/>\n\t<meta property=\"og:image:height\" content=\"530\" \/>\n\t<meta property=\"og:image:type\" content=\"image\/webp\" \/>\n<meta name=\"twitter:card\" content=\"summary_large_image\" \/>\n<meta name=\"twitter:site\" content=\"@edmediterrania\" \/>\n<meta name=\"twitter:label1\" content=\"Tiempo de lectura\" \/>\n\t<meta name=\"twitter:data1\" content=\"1 minuto\" \/>\n<script type=\"application\/ld+json\" class=\"yoast-schema-graph\">{\"@context\":\"https:\/\/schema.org\",\"@graph\":[{\"@type\":\"WebPage\",\"@id\":\"https:\/\/editorialmediterrania.com\/es\/producto\/divuit-poemes-de-nadal-i-un-de-cap-dany\/\",\"url\":\"https:\/\/editorialmediterrania.com\/es\/producto\/divuit-poemes-de-nadal-i-un-de-cap-dany\/\",\"name\":\"Divuit poemes de Nadal i un de Cap d'Any - Editorial Mediterr\u00e0nia\",\"isPartOf\":{\"@id\":\"https:\/\/editorialmediterrania.com\/es\/#website\"},\"primaryImageOfPage\":{\"@id\":\"https:\/\/editorialmediterrania.com\/es\/producto\/divuit-poemes-de-nadal-i-un-de-cap-dany\/#primaryimage\"},\"image\":{\"@id\":\"https:\/\/editorialmediterrania.com\/es\/producto\/divuit-poemes-de-nadal-i-un-de-cap-dany\/#primaryimage\"},\"thumbnailUrl\":\"https:\/\/editorialmediterrania.com\/wp-content\/uploads\/2013\/11\/DivuitpoemesdeNadal_baixa.jpg.webp\",\"datePublished\":\"2013-11-13T11:36:30+00:00\",\"dateModified\":\"2020-11-13T08:52:32+00:00\",\"description\":\"Los poemas que recoge este nuevo libro son mayormente in\u00e9ditos y, como apunta el t\u00edtulo, de tem\u00e1tica navide\u00f1a.\\\"Divuit poemes de Nadal i un de Cap d'Any\\\"\",\"breadcrumb\":{\"@id\":\"https:\/\/editorialmediterrania.com\/es\/producto\/divuit-poemes-de-nadal-i-un-de-cap-dany\/#breadcrumb\"},\"inLanguage\":\"es\",\"potentialAction\":[{\"@type\":\"ReadAction\",\"target\":[\"https:\/\/editorialmediterrania.com\/es\/producto\/divuit-poemes-de-nadal-i-un-de-cap-dany\/\"]}]},{\"@type\":\"ImageObject\",\"inLanguage\":\"es\",\"@id\":\"https:\/\/editorialmediterrania.com\/es\/producto\/divuit-poemes-de-nadal-i-un-de-cap-dany\/#primaryimage\",\"url\":\"https:\/\/editorialmediterrania.com\/wp-content\/uploads\/2013\/11\/DivuitpoemesdeNadal_baixa.jpg.webp\",\"contentUrl\":\"https:\/\/editorialmediterrania.com\/wp-content\/uploads\/2013\/11\/DivuitpoemesdeNadal_baixa.jpg.webp\",\"width\":471,\"height\":530},{\"@type\":\"BreadcrumbList\",\"@id\":\"https:\/\/editorialmediterrania.com\/es\/producto\/divuit-poemes-de-nadal-i-un-de-cap-dany\/#breadcrumb\",\"itemListElement\":[{\"@type\":\"ListItem\",\"position\":1,\"name\":\"Tienda de libros infantiles de arte\",\"item\":\"https:\/\/editorialmediterrania.com\/es\/tienda-de-libros-infantiles-arte\/\"},{\"@type\":\"ListItem\",\"position\":2,\"name\":\"Divuit poemes de Nadal i un de Cap d&#8217;Any\"}]},{\"@type\":\"WebSite\",\"@id\":\"https:\/\/editorialmediterrania.com\/es\/#website\",\"url\":\"https:\/\/editorialmediterrania.com\/es\/\",\"name\":\"Editorial Mediterrania\",\"description\":\"Llibres que t\u2019obriran nous mons\",\"publisher\":{\"@id\":\"https:\/\/editorialmediterrania.com\/es\/#organization\"},\"alternateName\":\"Llibres infantils d'art, cultura i natura\",\"potentialAction\":[{\"@type\":\"SearchAction\",\"target\":{\"@type\":\"EntryPoint\",\"urlTemplate\":\"https:\/\/editorialmediterrania.com\/es\/?s={search_term_string}\"},\"query-input\":\"required name=search_term_string\"}],\"inLanguage\":\"es\"},{\"@type\":\"Organization\",\"@id\":\"https:\/\/editorialmediterrania.com\/es\/#organization\",\"name\":\"Editorial Mediterrania\",\"alternateName\":\"Llibres d'art, cultura i natura per infants i fam\u00edlies\",\"url\":\"https:\/\/editorialmediterrania.com\/es\/\",\"logo\":{\"@type\":\"ImageObject\",\"inLanguage\":\"es\",\"@id\":\"https:\/\/editorialmediterrania.com\/es\/#\/schema\/logo\/image\/\",\"url\":\"https:\/\/editorialmediterrania.com\/wp-content\/uploads\/2023\/03\/LOGO-ED_MEDITERRANIA_OK-2.png\",\"contentUrl\":\"https:\/\/editorialmediterrania.com\/wp-content\/uploads\/2023\/03\/LOGO-ED_MEDITERRANIA_OK-2.png\",\"width\":1200,\"height\":300,\"caption\":\"Editorial Mediterrania\"},\"image\":{\"@id\":\"https:\/\/editorialmediterrania.com\/es\/#\/schema\/logo\/image\/\"},\"sameAs\":[\"https:\/\/x.com\/edmediterrania\",\"https:\/\/www.instagram.com\/editorialmediterrania\/\"]}]}<\/script>\n<!-- \/ Yoast SEO plugin. -->","yoast_head_json":{"title":"Divuit poemes de Nadal i un de Cap d'Any - Editorial Mediterr\u00e0nia","description":"Los poemas que recoge este nuevo libro son mayormente in\u00e9ditos y, como apunta el t\u00edtulo, de tem\u00e1tica navide\u00f1a.\"Divuit poemes de Nadal i un de Cap d'Any\"","robots":{"index":"index","follow":"follow","max-snippet":"max-snippet:-1","max-image-preview":"max-image-preview:large","max-video-preview":"max-video-preview:-1"},"canonical":"https:\/\/editorialmediterrania.com\/es\/producto\/divuit-poemes-de-nadal-i-un-de-cap-dany\/","og_locale":"es_ES","og_type":"article","og_title":"Divuit poemes de Nadal i un de Cap d'Any - Editorial Mediterr\u00e0nia","og_description":"Los poemas que recoge este nuevo libro son mayormente in\u00e9ditos y, como apunta el t\u00edtulo, de tem\u00e1tica navide\u00f1a.\"Divuit poemes de Nadal i un de Cap d'Any\"","og_url":"https:\/\/editorialmediterrania.com\/es\/producto\/divuit-poemes-de-nadal-i-un-de-cap-dany\/","og_site_name":"Editorial Mediterr\u00e0nia","article_modified_time":"2020-11-13T08:52:32+00:00","og_image":[{"width":471,"height":530,"url":"https:\/\/editorialmediterrania.com\/wp-content\/uploads\/2013\/11\/DivuitpoemesdeNadal_baixa.jpg.webp","type":"image\/webp"}],"twitter_card":"summary_large_image","twitter_site":"@edmediterrania","twitter_misc":{"Tiempo de lectura":"1 minuto"},"schema":{"@context":"https:\/\/schema.org","@graph":[{"@type":"WebPage","@id":"https:\/\/editorialmediterrania.com\/es\/producto\/divuit-poemes-de-nadal-i-un-de-cap-dany\/","url":"https:\/\/editorialmediterrania.com\/es\/producto\/divuit-poemes-de-nadal-i-un-de-cap-dany\/","name":"Divuit poemes de Nadal i un de Cap d'Any - Editorial Mediterr\u00e0nia","isPartOf":{"@id":"https:\/\/editorialmediterrania.com\/es\/#website"},"primaryImageOfPage":{"@id":"https:\/\/editorialmediterrania.com\/es\/producto\/divuit-poemes-de-nadal-i-un-de-cap-dany\/#primaryimage"},"image":{"@id":"https:\/\/editorialmediterrania.com\/es\/producto\/divuit-poemes-de-nadal-i-un-de-cap-dany\/#primaryimage"},"thumbnailUrl":"https:\/\/editorialmediterrania.com\/wp-content\/uploads\/2013\/11\/DivuitpoemesdeNadal_baixa.jpg.webp","datePublished":"2013-11-13T11:36:30+00:00","dateModified":"2020-11-13T08:52:32+00:00","description":"Los poemas que recoge este nuevo libro son mayormente in\u00e9ditos y, como apunta el t\u00edtulo, de tem\u00e1tica navide\u00f1a.\"Divuit poemes de Nadal i un de Cap d'Any\"","breadcrumb":{"@id":"https:\/\/editorialmediterrania.com\/es\/producto\/divuit-poemes-de-nadal-i-un-de-cap-dany\/#breadcrumb"},"inLanguage":"es","potentialAction":[{"@type":"ReadAction","target":["https:\/\/editorialmediterrania.com\/es\/producto\/divuit-poemes-de-nadal-i-un-de-cap-dany\/"]}]},{"@type":"ImageObject","inLanguage":"es","@id":"https:\/\/editorialmediterrania.com\/es\/producto\/divuit-poemes-de-nadal-i-un-de-cap-dany\/#primaryimage","url":"https:\/\/editorialmediterrania.com\/wp-content\/uploads\/2013\/11\/DivuitpoemesdeNadal_baixa.jpg.webp","contentUrl":"https:\/\/editorialmediterrania.com\/wp-content\/uploads\/2013\/11\/DivuitpoemesdeNadal_baixa.jpg.webp","width":471,"height":530},{"@type":"BreadcrumbList","@id":"https:\/\/editorialmediterrania.com\/es\/producto\/divuit-poemes-de-nadal-i-un-de-cap-dany\/#breadcrumb","itemListElement":[{"@type":"ListItem","position":1,"name":"Tienda de libros infantiles de arte","item":"https:\/\/editorialmediterrania.com\/es\/tienda-de-libros-infantiles-arte\/"},{"@type":"ListItem","position":2,"name":"Divuit poemes de Nadal i un de Cap d&#8217;Any"}]},{"@type":"WebSite","@id":"https:\/\/editorialmediterrania.com\/es\/#website","url":"https:\/\/editorialmediterrania.com\/es\/","name":"Editorial Mediterrania","description":"Llibres que t\u2019obriran nous mons","publisher":{"@id":"https:\/\/editorialmediterrania.com\/es\/#organization"},"alternateName":"Llibres infantils d'art, cultura i natura","potentialAction":[{"@type":"SearchAction","target":{"@type":"EntryPoint","urlTemplate":"https:\/\/editorialmediterrania.com\/es\/?s={search_term_string}"},"query-input":"required name=search_term_string"}],"inLanguage":"es"},{"@type":"Organization","@id":"https:\/\/editorialmediterrania.com\/es\/#organization","name":"Editorial Mediterrania","alternateName":"Llibres d'art, cultura i natura per infants i fam\u00edlies","url":"https:\/\/editorialmediterrania.com\/es\/","logo":{"@type":"ImageObject","inLanguage":"es","@id":"https:\/\/editorialmediterrania.com\/es\/#\/schema\/logo\/image\/","url":"https:\/\/editorialmediterrania.com\/wp-content\/uploads\/2023\/03\/LOGO-ED_MEDITERRANIA_OK-2.png","contentUrl":"https:\/\/editorialmediterrania.com\/wp-content\/uploads\/2023\/03\/LOGO-ED_MEDITERRANIA_OK-2.png","width":1200,"height":300,"caption":"Editorial Mediterrania"},"image":{"@id":"https:\/\/editorialmediterrania.com\/es\/#\/schema\/logo\/image\/"},"sameAs":["https:\/\/x.com\/edmediterrania","https:\/\/www.instagram.com\/editorialmediterrania\/"]}]}},"_links":{"self":[{"href":"https:\/\/editorialmediterrania.com\/es\/wp-json\/wp\/v2\/product\/7607","targetHints":{"allow":["GET"]}}],"collection":[{"href":"https:\/\/editorialmediterrania.com\/es\/wp-json\/wp\/v2\/product"}],"about":[{"href":"https:\/\/editorialmediterrania.com\/es\/wp-json\/wp\/v2\/types\/product"}],"wp:featuredmedia":[{"embeddable":true,"href":"https:\/\/editorialmediterrania.com\/es\/wp-json\/wp\/v2\/media\/40936"}],"wp:attachment":[{"href":"https:\/\/editorialmediterrania.com\/es\/wp-json\/wp\/v2\/media?parent=7607"}],"wp:term":[{"taxonomy":"product_cat","embeddable":true,"href":"https:\/\/editorialmediterrania.com\/es\/wp-json\/wp\/v2\/product_cat?post=7607"},{"taxonomy":"product_tag","embeddable":true,"href":"https:\/\/editorialmediterrania.com\/es\/wp-json\/wp\/v2\/product_tag?post=7607"},{"taxonomy":"autors","embeddable":true,"href":"https:\/\/editorialmediterrania.com\/es\/wp-json\/wp\/v2\/autors?post=7607"}],"curies":[{"name":"wp","href":"https:\/\/api.w.org\/{rel}","templated":true}]}}