{"id":875,"date":"2012-12-01T16:41:37","date_gmt":"2012-12-01T15:41:37","guid":{"rendered":"http:\/\/mediterrania.adgency.es\/producto\/producto\/pequena-historia-del-capricho-de-gaudi-2\/"},"modified":"2019-07-03T13:37:16","modified_gmt":"2019-07-03T11:37:16","slug":"pequena-historia-del-capricho-de-gaudi","status":"publish","type":"product","link":"https:\/\/editorialmediterrania.com\/es\/producto\/pequena-historia-del-capricho-de-gaudi\/","title":{"rendered":"Peque\u00f1a Historia del Capricho de Gaud\u00ed"},"content":{"rendered":"<p style=\"text-align: justify;\">Esta Peque\u00f1a Historia explica c\u00f3mo se gest\u00f3 y construy\u00f3 en la localidad c\u00e1ntabra de Comillas uno de los primeros edificios que proyect\u00f3 Gaud\u00ed. El 1883, M\u00e1ximo D\u00edaz Quijano, indiano enriquecido en Am\u00e9rica, encarg\u00f3 al arquitecto catal\u00e1n la ejecuci\u00f3n de un chalet de veraneo al lado del palacio de Sobrellano del marqu\u00e9s de Comillas: El Capricho, una obra important\u00edsima para el futuro de la carrera de Gaud\u00ed.<\/p>\n","protected":false},"excerpt":{"rendered":"<p>Esta Peque\u00f1a Historia explica c\u00f3mo se gest\u00f3 y construy\u00f3 en la localidad c\u00e1ntabra de Comillas uno de los primeros edificios que proyect\u00f3 Gaud\u00ed. El 1883, M\u00e1ximo D\u00edaz Quijano, indiano enriquecido en Am\u00e9rica, encarg\u00f3 al arquitecto catal\u00e1n la ejecuci\u00f3n de un chalet de veraneo al lado del palacio de Sobrellano del marqu\u00e9s de Comillas: El Capricho, [&hellip;]<\/p>\n","protected":false},"featured_media":44852,"template":"","meta":[],"product_cat":[30,103],"product_tag":[6474,1419,396],"autors":[],"class_list":{"0":"post-875","1":"product","2":"type-product","3":"status-publish","4":"has-post-thumbnail","6":"product_cat-editorial-mediterrania","7":"product_cat-pequenas-historias","8":"product_tag-libro-infantil-es-2","9":"product_tag-pequenas-historias","10":"product_tag-pilarin-bayes-es","12":"first","13":"instock","14":"purchasable","15":"product-type-variable","swatches":"rey-swatches","show_selected":""},"acf":[],"yoast_head":"<!-- This site is optimized with the Yoast SEO plugin v22.8 - https:\/\/yoast.com\/wordpress\/plugins\/seo\/ -->\n<title>Peque\u00f1a Historia del Capricho de Gaud\u00ed - Editorial Mediterrania<\/title>\n<meta name=\"description\" content=\"Peque\u00f1a historia que explica la elavoraci\u00f3n del proyecto y construcci\u00f3n del Capricho para ni\u00f1os y ni\u00f1as de entre 8 y 12 a\u00f1os\" \/>\n<meta name=\"robots\" content=\"index, follow, max-snippet:-1, max-image-preview:large, max-video-preview:-1\" \/>\n<link rel=\"canonical\" href=\"https:\/\/editorialmediterrania.com\/es\/producto\/pequena-historia-del-capricho-de-gaudi\/\" \/>\n<meta property=\"og:locale\" content=\"es_ES\" \/>\n<meta property=\"og:type\" content=\"article\" \/>\n<meta property=\"og:title\" content=\"Peque\u00f1a Historia del Capricho de Gaud\u00ed - Editorial Mediterrania\" \/>\n<meta property=\"og:description\" content=\"Peque\u00f1a historia que explica la elavoraci\u00f3n del proyecto y construcci\u00f3n del Capricho para ni\u00f1os y ni\u00f1as de entre 8 y 12 a\u00f1os\" \/>\n<meta property=\"og:url\" content=\"https:\/\/editorialmediterrania.com\/es\/producto\/pequena-historia-del-capricho-de-gaudi\/\" \/>\n<meta property=\"og:site_name\" content=\"Editorial Mediterr\u00e0nia\" \/>\n<meta property=\"article:modified_time\" content=\"2019-07-03T11:37:16+00:00\" \/>\n<meta property=\"og:image\" content=\"https:\/\/editorialmediterrania.com\/wp-content\/uploads\/2012\/12\/Captura-de-pantalla-2024-09-06-a-les-9.37.24-835x1024.png\" \/>\n\t<meta property=\"og:image:width\" content=\"835\" \/>\n\t<meta property=\"og:image:height\" content=\"1024\" \/>\n\t<meta property=\"og:image:type\" content=\"image\/png\" \/>\n<meta name=\"twitter:card\" content=\"summary_large_image\" \/>\n<meta name=\"twitter:site\" content=\"@edmediterrania\" \/>\n<script type=\"application\/ld+json\" class=\"yoast-schema-graph\">{\"@context\":\"https:\/\/schema.org\",\"@graph\":[{\"@type\":\"WebPage\",\"@id\":\"https:\/\/editorialmediterrania.com\/es\/producto\/pequena-historia-del-capricho-de-gaudi\/\",\"url\":\"https:\/\/editorialmediterrania.com\/es\/producto\/pequena-historia-del-capricho-de-gaudi\/\",\"name\":\"Peque\u00f1a Historia del Capricho de Gaud\u00ed - Editorial Mediterrania\",\"isPartOf\":{\"@id\":\"https:\/\/editorialmediterrania.com\/es\/#website\"},\"primaryImageOfPage\":{\"@id\":\"https:\/\/editorialmediterrania.com\/es\/producto\/pequena-historia-del-capricho-de-gaudi\/#primaryimage\"},\"image\":{\"@id\":\"https:\/\/editorialmediterrania.com\/es\/producto\/pequena-historia-del-capricho-de-gaudi\/#primaryimage\"},\"thumbnailUrl\":\"https:\/\/editorialmediterrania.com\/wp-content\/uploads\/2012\/12\/Captura-de-pantalla-2024-09-06-a-les-9.37.24.png\",\"datePublished\":\"2012-12-01T15:41:37+00:00\",\"dateModified\":\"2019-07-03T11:37:16+00:00\",\"description\":\"Peque\u00f1a historia que explica la elavoraci\u00f3n del proyecto y construcci\u00f3n del Capricho para ni\u00f1os y ni\u00f1as de entre 8 y 12 a\u00f1os\",\"breadcrumb\":{\"@id\":\"https:\/\/editorialmediterrania.com\/es\/producto\/pequena-historia-del-capricho-de-gaudi\/#breadcrumb\"},\"inLanguage\":\"es\",\"potentialAction\":[{\"@type\":\"ReadAction\",\"target\":[\"https:\/\/editorialmediterrania.com\/es\/producto\/pequena-historia-del-capricho-de-gaudi\/\"]}]},{\"@type\":\"ImageObject\",\"inLanguage\":\"es\",\"@id\":\"https:\/\/editorialmediterrania.com\/es\/producto\/pequena-historia-del-capricho-de-gaudi\/#primaryimage\",\"url\":\"https:\/\/editorialmediterrania.com\/wp-content\/uploads\/2012\/12\/Captura-de-pantalla-2024-09-06-a-les-9.37.24.png\",\"contentUrl\":\"https:\/\/editorialmediterrania.com\/wp-content\/uploads\/2012\/12\/Captura-de-pantalla-2024-09-06-a-les-9.37.24.png\",\"width\":1236,\"height\":1516},{\"@type\":\"BreadcrumbList\",\"@id\":\"https:\/\/editorialmediterrania.com\/es\/producto\/pequena-historia-del-capricho-de-gaudi\/#breadcrumb\",\"itemListElement\":[{\"@type\":\"ListItem\",\"position\":1,\"name\":\"Tienda de libros infantiles de arte\",\"item\":\"https:\/\/editorialmediterrania.com\/es\/tienda-de-libros-infantiles-arte\/\"},{\"@type\":\"ListItem\",\"position\":2,\"name\":\"Peque\u00f1a Historia del Capricho de Gaud\u00ed\"}]},{\"@type\":\"WebSite\",\"@id\":\"https:\/\/editorialmediterrania.com\/es\/#website\",\"url\":\"https:\/\/editorialmediterrania.com\/es\/\",\"name\":\"Editorial Mediterrania\",\"description\":\"Llibres que t\u2019obriran nous mons\",\"publisher\":{\"@id\":\"https:\/\/editorialmediterrania.com\/es\/#organization\"},\"alternateName\":\"Llibres infantils d'art, cultura i natura\",\"potentialAction\":[{\"@type\":\"SearchAction\",\"target\":{\"@type\":\"EntryPoint\",\"urlTemplate\":\"https:\/\/editorialmediterrania.com\/es\/?s={search_term_string}\"},\"query-input\":\"required name=search_term_string\"}],\"inLanguage\":\"es\"},{\"@type\":\"Organization\",\"@id\":\"https:\/\/editorialmediterrania.com\/es\/#organization\",\"name\":\"Editorial Mediterrania\",\"alternateName\":\"Llibres d'art, cultura i natura per infants i fam\u00edlies\",\"url\":\"https:\/\/editorialmediterrania.com\/es\/\",\"logo\":{\"@type\":\"ImageObject\",\"inLanguage\":\"es\",\"@id\":\"https:\/\/editorialmediterrania.com\/es\/#\/schema\/logo\/image\/\",\"url\":\"https:\/\/editorialmediterrania.com\/wp-content\/uploads\/2023\/03\/LOGO-ED_MEDITERRANIA_OK-2.png\",\"contentUrl\":\"https:\/\/editorialmediterrania.com\/wp-content\/uploads\/2023\/03\/LOGO-ED_MEDITERRANIA_OK-2.png\",\"width\":1200,\"height\":300,\"caption\":\"Editorial Mediterrania\"},\"image\":{\"@id\":\"https:\/\/editorialmediterrania.com\/es\/#\/schema\/logo\/image\/\"},\"sameAs\":[\"https:\/\/x.com\/edmediterrania\",\"https:\/\/www.instagram.com\/editorialmediterrania\/\"]}]}<\/script>\n<!-- \/ Yoast SEO plugin. -->","yoast_head_json":{"title":"Peque\u00f1a Historia del Capricho de Gaud\u00ed - Editorial Mediterrania","description":"Peque\u00f1a historia que explica la elavoraci\u00f3n del proyecto y construcci\u00f3n del Capricho para ni\u00f1os y ni\u00f1as de entre 8 y 12 a\u00f1os","robots":{"index":"index","follow":"follow","max-snippet":"max-snippet:-1","max-image-preview":"max-image-preview:large","max-video-preview":"max-video-preview:-1"},"canonical":"https:\/\/editorialmediterrania.com\/es\/producto\/pequena-historia-del-capricho-de-gaudi\/","og_locale":"es_ES","og_type":"article","og_title":"Peque\u00f1a Historia del Capricho de Gaud\u00ed - Editorial Mediterrania","og_description":"Peque\u00f1a historia que explica la elavoraci\u00f3n del proyecto y construcci\u00f3n del Capricho para ni\u00f1os y ni\u00f1as de entre 8 y 12 a\u00f1os","og_url":"https:\/\/editorialmediterrania.com\/es\/producto\/pequena-historia-del-capricho-de-gaudi\/","og_site_name":"Editorial Mediterr\u00e0nia","article_modified_time":"2019-07-03T11:37:16+00:00","og_image":[{"width":835,"height":1024,"url":"https:\/\/editorialmediterrania.com\/wp-content\/uploads\/2012\/12\/Captura-de-pantalla-2024-09-06-a-les-9.37.24-835x1024.png","type":"image\/png"}],"twitter_card":"summary_large_image","twitter_site":"@edmediterrania","schema":{"@context":"https:\/\/schema.org","@graph":[{"@type":"WebPage","@id":"https:\/\/editorialmediterrania.com\/es\/producto\/pequena-historia-del-capricho-de-gaudi\/","url":"https:\/\/editorialmediterrania.com\/es\/producto\/pequena-historia-del-capricho-de-gaudi\/","name":"Peque\u00f1a Historia del Capricho de Gaud\u00ed - Editorial Mediterrania","isPartOf":{"@id":"https:\/\/editorialmediterrania.com\/es\/#website"},"primaryImageOfPage":{"@id":"https:\/\/editorialmediterrania.com\/es\/producto\/pequena-historia-del-capricho-de-gaudi\/#primaryimage"},"image":{"@id":"https:\/\/editorialmediterrania.com\/es\/producto\/pequena-historia-del-capricho-de-gaudi\/#primaryimage"},"thumbnailUrl":"https:\/\/editorialmediterrania.com\/wp-content\/uploads\/2012\/12\/Captura-de-pantalla-2024-09-06-a-les-9.37.24.png","datePublished":"2012-12-01T15:41:37+00:00","dateModified":"2019-07-03T11:37:16+00:00","description":"Peque\u00f1a historia que explica la elavoraci\u00f3n del proyecto y construcci\u00f3n del Capricho para ni\u00f1os y ni\u00f1as de entre 8 y 12 a\u00f1os","breadcrumb":{"@id":"https:\/\/editorialmediterrania.com\/es\/producto\/pequena-historia-del-capricho-de-gaudi\/#breadcrumb"},"inLanguage":"es","potentialAction":[{"@type":"ReadAction","target":["https:\/\/editorialmediterrania.com\/es\/producto\/pequena-historia-del-capricho-de-gaudi\/"]}]},{"@type":"ImageObject","inLanguage":"es","@id":"https:\/\/editorialmediterrania.com\/es\/producto\/pequena-historia-del-capricho-de-gaudi\/#primaryimage","url":"https:\/\/editorialmediterrania.com\/wp-content\/uploads\/2012\/12\/Captura-de-pantalla-2024-09-06-a-les-9.37.24.png","contentUrl":"https:\/\/editorialmediterrania.com\/wp-content\/uploads\/2012\/12\/Captura-de-pantalla-2024-09-06-a-les-9.37.24.png","width":1236,"height":1516},{"@type":"BreadcrumbList","@id":"https:\/\/editorialmediterrania.com\/es\/producto\/pequena-historia-del-capricho-de-gaudi\/#breadcrumb","itemListElement":[{"@type":"ListItem","position":1,"name":"Tienda de libros infantiles de arte","item":"https:\/\/editorialmediterrania.com\/es\/tienda-de-libros-infantiles-arte\/"},{"@type":"ListItem","position":2,"name":"Peque\u00f1a Historia del Capricho de Gaud\u00ed"}]},{"@type":"WebSite","@id":"https:\/\/editorialmediterrania.com\/es\/#website","url":"https:\/\/editorialmediterrania.com\/es\/","name":"Editorial Mediterrania","description":"Llibres que t\u2019obriran nous mons","publisher":{"@id":"https:\/\/editorialmediterrania.com\/es\/#organization"},"alternateName":"Llibres infantils d'art, cultura i natura","potentialAction":[{"@type":"SearchAction","target":{"@type":"EntryPoint","urlTemplate":"https:\/\/editorialmediterrania.com\/es\/?s={search_term_string}"},"query-input":"required name=search_term_string"}],"inLanguage":"es"},{"@type":"Organization","@id":"https:\/\/editorialmediterrania.com\/es\/#organization","name":"Editorial Mediterrania","alternateName":"Llibres d'art, cultura i natura per infants i fam\u00edlies","url":"https:\/\/editorialmediterrania.com\/es\/","logo":{"@type":"ImageObject","inLanguage":"es","@id":"https:\/\/editorialmediterrania.com\/es\/#\/schema\/logo\/image\/","url":"https:\/\/editorialmediterrania.com\/wp-content\/uploads\/2023\/03\/LOGO-ED_MEDITERRANIA_OK-2.png","contentUrl":"https:\/\/editorialmediterrania.com\/wp-content\/uploads\/2023\/03\/LOGO-ED_MEDITERRANIA_OK-2.png","width":1200,"height":300,"caption":"Editorial Mediterrania"},"image":{"@id":"https:\/\/editorialmediterrania.com\/es\/#\/schema\/logo\/image\/"},"sameAs":["https:\/\/x.com\/edmediterrania","https:\/\/www.instagram.com\/editorialmediterrania\/"]}]}},"_links":{"self":[{"href":"https:\/\/editorialmediterrania.com\/es\/wp-json\/wp\/v2\/product\/875","targetHints":{"allow":["GET"]}}],"collection":[{"href":"https:\/\/editorialmediterrania.com\/es\/wp-json\/wp\/v2\/product"}],"about":[{"href":"https:\/\/editorialmediterrania.com\/es\/wp-json\/wp\/v2\/types\/product"}],"wp:featuredmedia":[{"embeddable":true,"href":"https:\/\/editorialmediterrania.com\/es\/wp-json\/wp\/v2\/media\/44852"}],"wp:attachment":[{"href":"https:\/\/editorialmediterrania.com\/es\/wp-json\/wp\/v2\/media?parent=875"}],"wp:term":[{"taxonomy":"product_cat","embeddable":true,"href":"https:\/\/editorialmediterrania.com\/es\/wp-json\/wp\/v2\/product_cat?post=875"},{"taxonomy":"product_tag","embeddable":true,"href":"https:\/\/editorialmediterrania.com\/es\/wp-json\/wp\/v2\/product_tag?post=875"},{"taxonomy":"autors","embeddable":true,"href":"https:\/\/editorialmediterrania.com\/es\/wp-json\/wp\/v2\/autors?post=875"}],"curies":[{"name":"wp","href":"https:\/\/api.w.org\/{rel}","templated":true}]}}